{"id":582,"date":"2016-06-22T13:26:12","date_gmt":"2016-06-22T12:26:12","guid":{"rendered":"http:\/\/www.komponentyzlin.cz\/en\/?page_id=582"},"modified":"2016-06-22T13:35:39","modified_gmt":"2016-06-22T12:35:39","slug":"pdf","status":"publish","type":"page","link":"https:\/\/www.komponentyzlin.cz\/en\/catalogue\/pdf\/","title":{"rendered":"Catalogues in PDF"},"content":{"rendered":"<p><a href=\"http:\/\/www.komponentyzlin.cz\/wp-content\/uploads\/2016\/06\/soles-combined.pdf\" class=\"mtli_attachment mtli_pdf\">soles-combined<\/a><\/p>\n<p><a href=\"http:\/\/www.komponentyzlin.cz\/wp-content\/uploads\/2016\/06\/soles-evac.pdf\" class=\"mtli_attachment mtli_pdf\">soles-evac<\/a><\/p>\n<p><a href=\"http:\/\/www.komponentyzlin.cz\/wp-content\/uploads\/2016\/06\/soles-pur.pdf\" class=\"mtli_attachment mtli_pdf\">soles-pur<\/a><\/p>\n<p><a href=\"http:\/\/www.komponentyzlin.cz\/wp-content\/uploads\/2016\/06\/soles-pur-rubber.pdf\" class=\"mtli_attachment mtli_pdf\">soles-pur-rubber<\/a><\/p>\n<p><a href=\"http:\/\/www.komponentyzlin.cz\/wp-content\/uploads\/2016\/06\/soles-pvc.pdf\" class=\"mtli_attachment mtli_pdf\">soles-pvc<\/a><\/p>\n<p><a href=\"http:\/\/www.komponentyzlin.cz\/wp-content\/uploads\/2016\/06\/soles-rubber.pdf\" class=\"mtli_attachment mtli_pdf\">soles-rubber<\/a><\/p>\n<p><a href=\"http:\/\/www.komponentyzlin.cz\/wp-content\/uploads\/2016\/06\/soles-tpe.pdf\" class=\"mtli_attachment mtli_pdf\">soles-tpe<\/a><\/p>\n<p><a href=\"http:\/\/www.komponentyzlin.cz\/wp-content\/uploads\/2016\/06\/binding-tapes.pdf\" class=\"mtli_attachment mtli_pdf\">binding-tapes<\/a><\/p>\n<p><a href=\"http:\/\/www.komponentyzlin.cz\/wp-content\/uploads\/2016\/06\/insoles.pdf\" class=\"mtli_attachment mtli_pdf\">insoles<\/a><\/p>\n<p><a href=\"http:\/\/www.komponentyzlin.cz\/wp-content\/uploads\/2016\/06\/loops.pdf\" class=\"mtli_attachment mtli_pdf\">loops<\/a><\/p>\n<p><a href=\"http:\/\/www.komponentyzlin.cz\/wp-content\/uploads\/2016\/06\/plates.pdf\" class=\"mtli_attachment mtli_pdf\">plates<\/a><\/p>\n<p><a href=\"http:\/\/www.komponentyzlin.cz\/wp-content\/uploads\/2016\/06\/top-lifts-half-soles.pdf\" class=\"mtli_attachment mtli_pdf\">top-lifts-half-soles<\/a><\/p>\n<p><a href=\"http:\/\/www.komponentyzlin.cz\/wp-content\/uploads\/2016\/06\/trimmings.pdf\" class=\"mtli_attachment mtli_pdf\">trimmings<\/a><\/p>\n<p><a href=\"http:\/\/www.komponentyzlin.cz\/wp-content\/uploads\/2016\/06\/welts.pdf\" class=\"mtli_attachment mtli_pdf\">welts<\/a><\/p>\n","protected":false},"excerpt":{"rendered":"<p>soles-combined soles-evac soles-pur soles-pur-rubber soles-pvc soles-rubber soles-tpe binding-tapes insoles loops plates top-lifts-half-soles trimmings welts<\/p>\n","protected":false},"author":1,"featured_media":0,"parent":450,"menu_order":0,"comment_status":"closed","ping_status":"closed","template":"","meta":{"footnotes":""},"class_list":["post-582","page","type-page","status-publish","hentry"],"yoast_head":"<!-- This site is optimized with the Yoast SEO plugin v27.4 - https:\/\/yoast.com\/product\/yoast-seo-wordpress\/ -->\n<title>Catalogues in PDF - Komponentyzlin.cz<\/title>\n<meta name=\"robots\" content=\"index, follow, max-snippet:-1, max-image-preview:large, max-video-preview:-1\" \/>\n<link rel=\"canonical\" href=\"https:\/\/www.komponentyzlin.cz\/en\/catalogue\/pdf\/\" \/>\n<meta property=\"og:locale\" content=\"en_US\" \/>\n<meta property=\"og:type\" content=\"article\" \/>\n<meta property=\"og:title\" content=\"Catalogues in PDF - Komponentyzlin.cz\" \/>\n<meta property=\"og:description\" content=\"soles-combined soles-evac soles-pur soles-pur-rubber soles-pvc soles-rubber soles-tpe binding-tapes insoles loops plates top-lifts-half-soles trimmings welts\" \/>\n<meta property=\"og:url\" content=\"https:\/\/www.komponentyzlin.cz\/en\/catalogue\/pdf\/\" \/>\n<meta property=\"og:site_name\" content=\"Komponentyzlin.cz\" \/>\n<meta property=\"article:modified_time\" content=\"2016-06-22T12:35:39+00:00\" \/>\n<meta name=\"twitter:card\" content=\"summary_large_image\" \/>\n<script type=\"application\/ld+json\" class=\"yoast-schema-graph\">{\"@context\":\"https:\\\/\\\/schema.org\",\"@graph\":[{\"@type\":\"WebPage\",\"@id\":\"https:\\\/\\\/www.komponentyzlin.cz\\\/en\\\/catalogue\\\/pdf\\\/\",\"url\":\"https:\\\/\\\/www.komponentyzlin.cz\\\/en\\\/catalogue\\\/pdf\\\/\",\"name\":\"Catalogues in PDF - Komponentyzlin.cz\",\"isPartOf\":{\"@id\":\"https:\\\/\\\/www.komponentyzlin.cz\\\/#website\"},\"datePublished\":\"2016-06-22T12:26:12+00:00\",\"dateModified\":\"2016-06-22T12:35:39+00:00\",\"breadcrumb\":{\"@id\":\"https:\\\/\\\/www.komponentyzlin.cz\\\/en\\\/catalogue\\\/pdf\\\/#breadcrumb\"},\"inLanguage\":\"en-US\",\"potentialAction\":[{\"@type\":\"ReadAction\",\"target\":[\"https:\\\/\\\/www.komponentyzlin.cz\\\/en\\\/catalogue\\\/pdf\\\/\"]}]},{\"@type\":\"BreadcrumbList\",\"@id\":\"https:\\\/\\\/www.komponentyzlin.cz\\\/en\\\/catalogue\\\/pdf\\\/#breadcrumb\",\"itemListElement\":[{\"@type\":\"ListItem\",\"position\":1,\"name\":\"Dom\u016f\",\"item\":\"https:\\\/\\\/www.komponentyzlin.cz\\\/en\\\/\"},{\"@type\":\"ListItem\",\"position\":2,\"name\":\"Catalogue\",\"item\":\"https:\\\/\\\/www.komponentyzlin.cz\\\/en\\\/catalogue\\\/\"},{\"@type\":\"ListItem\",\"position\":3,\"name\":\"Catalogues in PDF\"}]},{\"@type\":\"WebSite\",\"@id\":\"https:\\\/\\\/www.komponentyzlin.cz\\\/#website\",\"url\":\"https:\\\/\\\/www.komponentyzlin.cz\\\/\",\"name\":\"Komponentyzlin.cz\",\"description\":\"Jsme \u010desk\u00fd v\u00fdrobce obuvnick\u00fdch komponent\u016f\",\"potentialAction\":[{\"@type\":\"SearchAction\",\"target\":{\"@type\":\"EntryPoint\",\"urlTemplate\":\"https:\\\/\\\/www.komponentyzlin.cz\\\/?s={search_term_string}\"},\"query-input\":{\"@type\":\"PropertyValueSpecification\",\"valueRequired\":true,\"valueName\":\"search_term_string\"}}],\"inLanguage\":\"en-US\"}]}<\/script>\n<!-- \/ Yoast SEO plugin. -->","yoast_head_json":{"title":"Catalogues in PDF - Komponentyzlin.cz","robots":{"index":"index","follow":"follow","max-snippet":"max-snippet:-1","max-image-preview":"max-image-preview:large","max-video-preview":"max-video-preview:-1"},"canonical":"https:\/\/www.komponentyzlin.cz\/en\/catalogue\/pdf\/","og_locale":"en_US","og_type":"article","og_title":"Catalogues in PDF - Komponentyzlin.cz","og_description":"soles-combined soles-evac soles-pur soles-pur-rubber soles-pvc soles-rubber soles-tpe binding-tapes insoles loops plates top-lifts-half-soles trimmings welts","og_url":"https:\/\/www.komponentyzlin.cz\/en\/catalogue\/pdf\/","og_site_name":"Komponentyzlin.cz","article_modified_time":"2016-06-22T12:35:39+00:00","twitter_card":"summary_large_image","schema":{"@context":"https:\/\/schema.org","@graph":[{"@type":"WebPage","@id":"https:\/\/www.komponentyzlin.cz\/en\/catalogue\/pdf\/","url":"https:\/\/www.komponentyzlin.cz\/en\/catalogue\/pdf\/","name":"Catalogues in PDF - Komponentyzlin.cz","isPartOf":{"@id":"https:\/\/www.komponentyzlin.cz\/#website"},"datePublished":"2016-06-22T12:26:12+00:00","dateModified":"2016-06-22T12:35:39+00:00","breadcrumb":{"@id":"https:\/\/www.komponentyzlin.cz\/en\/catalogue\/pdf\/#breadcrumb"},"inLanguage":"en-US","potentialAction":[{"@type":"ReadAction","target":["https:\/\/www.komponentyzlin.cz\/en\/catalogue\/pdf\/"]}]},{"@type":"BreadcrumbList","@id":"https:\/\/www.komponentyzlin.cz\/en\/catalogue\/pdf\/#breadcrumb","itemListElement":[{"@type":"ListItem","position":1,"name":"Dom\u016f","item":"https:\/\/www.komponentyzlin.cz\/en\/"},{"@type":"ListItem","position":2,"name":"Catalogue","item":"https:\/\/www.komponentyzlin.cz\/en\/catalogue\/"},{"@type":"ListItem","position":3,"name":"Catalogues in PDF"}]},{"@type":"WebSite","@id":"https:\/\/www.komponentyzlin.cz\/#website","url":"https:\/\/www.komponentyzlin.cz\/","name":"Komponentyzlin.cz","description":"Jsme \u010desk\u00fd v\u00fdrobce obuvnick\u00fdch komponent\u016f","potentialAction":[{"@type":"SearchAction","target":{"@type":"EntryPoint","urlTemplate":"https:\/\/www.komponentyzlin.cz\/?s={search_term_string}"},"query-input":{"@type":"PropertyValueSpecification","valueRequired":true,"valueName":"search_term_string"}}],"inLanguage":"en-US"}]}},"_links":{"self":[{"href":"https:\/\/www.komponentyzlin.cz\/en\/wp-json\/wp\/v2\/pages\/582","targetHints":{"allow":["GET"]}}],"collection":[{"href":"https:\/\/www.komponentyzlin.cz\/en\/wp-json\/wp\/v2\/pages"}],"about":[{"href":"https:\/\/www.komponentyzlin.cz\/en\/wp-json\/wp\/v2\/types\/page"}],"author":[{"embeddable":true,"href":"https:\/\/www.komponentyzlin.cz\/en\/wp-json\/wp\/v2\/users\/1"}],"replies":[{"embeddable":true,"href":"https:\/\/www.komponentyzlin.cz\/en\/wp-json\/wp\/v2\/comments?post=582"}],"version-history":[{"count":3,"href":"https:\/\/www.komponentyzlin.cz\/en\/wp-json\/wp\/v2\/pages\/582\/revisions"}],"predecessor-version":[{"id":618,"href":"https:\/\/www.komponentyzlin.cz\/en\/wp-json\/wp\/v2\/pages\/582\/revisions\/618"}],"up":[{"embeddable":true,"href":"https:\/\/www.komponentyzlin.cz\/en\/wp-json\/wp\/v2\/pages\/450"}],"wp:attachment":[{"href":"https:\/\/www.komponentyzlin.cz\/en\/wp-json\/wp\/v2\/media?parent=582"}],"curies":[{"name":"wp","href":"https:\/\/api.w.org\/{rel}","templated":true}]}}