{"id":474,"date":"2016-05-25T17:59:59","date_gmt":"2016-05-25T16:59:59","guid":{"rendered":"http:\/\/www.komponentyzlin.cz\/en\/zkusebni-stranka\/"},"modified":"2016-07-27T19:05:07","modified_gmt":"2016-07-27T18:05:07","slug":"zkusebni-stranka","status":"publish","type":"page","link":"https:\/\/www.komponentyzlin.cz\/en\/","title":{"rendered":"Homepage"},"content":{"rendered":"<div class=\"row \"><div class=\"col-lg-4 col-md-4 col-xs-12 col-sm-12\">\n<div class=\"rozcestnik-img rozcestnik_1 center-block\"><div class=\"vcenter\"><span class=\"fa fa-group\"><\/span><\/div><\/div><\/p>\n<h2><span style=\"font-size: 36px;\">Who are we?<\/span><\/h2>\n<hr \/>\n<p>Our company is a long-standing Czech manufacturer of shoemaking and other technical components.<\/p>\n<p>The company KOMPONENTY is a strictly Czech company without foreign capital participation and its entire base was created by its diligence and approach to the customer.<\/p>\n<hr \/>\n<p><a class=\"btn btn-default btn-lg  \" href=\"http:\/\/www.komponentyzlin.cz\/o-nas\"  rel=\"\"  target=\"_self\">More about us <i class=\"fa fa-angle-right\" ><\/i><\/a><\/p>\n<p><\/div>\n<div class=\"col-lg-4 col-md-4 col-xs-12 col-sm-12\">\n<div class=\"rozcestnik-img rozcestnik_2 center-block\"><div class=\"vcenter\"><span class=\"fa fa-check-circle\"><\/span><\/div><\/div><\/p>\n<h2><span style=\"font-size: 36px;\">What do we manufacture?<\/span><\/h2>\n<hr \/>\n<p>The dominant significance is represented by the manufacture of soles for the demanding sphere of sports trekking and soles for safety working footwear.<\/p>\n<p>The second not-less-important sphere of production is the manufacture of planar\u2013plate materials which find their application, in particular, in the repair services and in orthopaedics.<\/p>\n<hr \/>\n<p><a class=\"btn btn-default btn-lg  \" href=\"http:\/\/www.komponentyzlin.cz\/katalog\/podesve\/\"  rel=\"\"  target=\"_self\">View catalog <i class=\"fa fa-angle-right\" ><\/i><\/a>\n<\/div>\n<div class=\"col-lg-4 col-md-4 col-xs-12 col-sm-12\">\n<div class=\"rozcestnik-img rozcestnik_3 center-block\"><div class=\"vcenter\"><span class=\"fa fa-globe\"><\/span><\/div><\/div><\/p>\n<h2><span style=\"font-size: 36px;\">For whom do we manufacture?<\/span><\/h2>\n<hr \/>\n<p>The company KOMPONENTY has gained with its products the trust of important footwear manufacturers and distributors of footwear materials not only on the Czech, but mainly, on the European market.<\/p>\n<p>We hold in high esteem each and every partner and our desire is to provide professional care and service to all customers.<\/p>\n<hr \/>\n<p><a class=\"btn btn-default btn-lg  \" href=\"\"  rel=\"\"  target=\"_self\">More <i class=\"fa fa-angle-right\" ><\/i><\/a>\n<\/div>\n<\/div>\n<p>&nbsp;<\/p>\n","protected":false},"excerpt":{"rendered":"<p>&nbsp;<\/p>\n","protected":false},"author":1,"featured_media":0,"parent":0,"menu_order":0,"comment_status":"closed","ping_status":"open","template":"page-uvod.php","meta":{"footnotes":""},"class_list":["post-474","page","type-page","status-publish","hentry"],"yoast_head":"<!-- This site is optimized with the Yoast SEO plugin v27.4 - https:\/\/yoast.com\/product\/yoast-seo-wordpress\/ -->\n<title>Homepage - Komponentyzlin.cz<\/title>\n<meta name=\"robots\" content=\"index, follow, max-snippet:-1, max-image-preview:large, max-video-preview:-1\" \/>\n<link rel=\"canonical\" href=\"https:\/\/www.komponentyzlin.cz\/en\/\" \/>\n<meta property=\"og:locale\" content=\"en_US\" \/>\n<meta property=\"og:type\" content=\"article\" \/>\n<meta property=\"og:title\" content=\"Homepage - Komponentyzlin.cz\" \/>\n<meta property=\"og:description\" content=\"&nbsp;\" \/>\n<meta property=\"og:url\" content=\"https:\/\/www.komponentyzlin.cz\/en\/\" \/>\n<meta property=\"og:site_name\" content=\"Komponentyzlin.cz\" \/>\n<meta property=\"article:modified_time\" content=\"2016-07-27T18:05:07+00:00\" \/>\n<meta name=\"twitter:card\" content=\"summary_large_image\" \/>\n<meta name=\"twitter:label1\" content=\"Est. reading time\" \/>\n\t<meta name=\"twitter:data1\" content=\"1 minute\" \/>\n<script type=\"application\/ld+json\" class=\"yoast-schema-graph\">{\"@context\":\"https:\\\/\\\/schema.org\",\"@graph\":[{\"@type\":\"WebPage\",\"@id\":\"https:\\\/\\\/www.komponentyzlin.cz\\\/en\\\/\",\"url\":\"https:\\\/\\\/www.komponentyzlin.cz\\\/en\\\/\",\"name\":\"Homepage - Komponentyzlin.cz\",\"isPartOf\":{\"@id\":\"https:\\\/\\\/www.komponentyzlin.cz\\\/#website\"},\"datePublished\":\"2016-05-25T16:59:59+00:00\",\"dateModified\":\"2016-07-27T18:05:07+00:00\",\"breadcrumb\":{\"@id\":\"https:\\\/\\\/www.komponentyzlin.cz\\\/en\\\/#breadcrumb\"},\"inLanguage\":\"en-US\",\"potentialAction\":[{\"@type\":\"ReadAction\",\"target\":[\"https:\\\/\\\/www.komponentyzlin.cz\\\/en\\\/\"]}]},{\"@type\":\"BreadcrumbList\",\"@id\":\"https:\\\/\\\/www.komponentyzlin.cz\\\/en\\\/#breadcrumb\",\"itemListElement\":[{\"@type\":\"ListItem\",\"position\":1,\"name\":\"Dom\u016f\",\"item\":\"https:\\\/\\\/www.komponentyzlin.cz\\\/en\\\/\"},{\"@type\":\"ListItem\",\"position\":2,\"name\":\"Homepage\"}]},{\"@type\":\"WebSite\",\"@id\":\"https:\\\/\\\/www.komponentyzlin.cz\\\/#website\",\"url\":\"https:\\\/\\\/www.komponentyzlin.cz\\\/\",\"name\":\"Komponentyzlin.cz\",\"description\":\"Jsme \u010desk\u00fd v\u00fdrobce obuvnick\u00fdch komponent\u016f\",\"potentialAction\":[{\"@type\":\"SearchAction\",\"target\":{\"@type\":\"EntryPoint\",\"urlTemplate\":\"https:\\\/\\\/www.komponentyzlin.cz\\\/?s={search_term_string}\"},\"query-input\":{\"@type\":\"PropertyValueSpecification\",\"valueRequired\":true,\"valueName\":\"search_term_string\"}}],\"inLanguage\":\"en-US\"}]}<\/script>\n<!-- \/ Yoast SEO plugin. -->","yoast_head_json":{"title":"Homepage - Komponentyzlin.cz","robots":{"index":"index","follow":"follow","max-snippet":"max-snippet:-1","max-image-preview":"max-image-preview:large","max-video-preview":"max-video-preview:-1"},"canonical":"https:\/\/www.komponentyzlin.cz\/en\/","og_locale":"en_US","og_type":"article","og_title":"Homepage - Komponentyzlin.cz","og_description":"&nbsp;","og_url":"https:\/\/www.komponentyzlin.cz\/en\/","og_site_name":"Komponentyzlin.cz","article_modified_time":"2016-07-27T18:05:07+00:00","twitter_card":"summary_large_image","twitter_misc":{"Est. reading time":"1 minute"},"schema":{"@context":"https:\/\/schema.org","@graph":[{"@type":"WebPage","@id":"https:\/\/www.komponentyzlin.cz\/en\/","url":"https:\/\/www.komponentyzlin.cz\/en\/","name":"Homepage - Komponentyzlin.cz","isPartOf":{"@id":"https:\/\/www.komponentyzlin.cz\/#website"},"datePublished":"2016-05-25T16:59:59+00:00","dateModified":"2016-07-27T18:05:07+00:00","breadcrumb":{"@id":"https:\/\/www.komponentyzlin.cz\/en\/#breadcrumb"},"inLanguage":"en-US","potentialAction":[{"@type":"ReadAction","target":["https:\/\/www.komponentyzlin.cz\/en\/"]}]},{"@type":"BreadcrumbList","@id":"https:\/\/www.komponentyzlin.cz\/en\/#breadcrumb","itemListElement":[{"@type":"ListItem","position":1,"name":"Dom\u016f","item":"https:\/\/www.komponentyzlin.cz\/en\/"},{"@type":"ListItem","position":2,"name":"Homepage"}]},{"@type":"WebSite","@id":"https:\/\/www.komponentyzlin.cz\/#website","url":"https:\/\/www.komponentyzlin.cz\/","name":"Komponentyzlin.cz","description":"Jsme \u010desk\u00fd v\u00fdrobce obuvnick\u00fdch komponent\u016f","potentialAction":[{"@type":"SearchAction","target":{"@type":"EntryPoint","urlTemplate":"https:\/\/www.komponentyzlin.cz\/?s={search_term_string}"},"query-input":{"@type":"PropertyValueSpecification","valueRequired":true,"valueName":"search_term_string"}}],"inLanguage":"en-US"}]}},"_links":{"self":[{"href":"https:\/\/www.komponentyzlin.cz\/en\/wp-json\/wp\/v2\/pages\/474","targetHints":{"allow":["GET"]}}],"collection":[{"href":"https:\/\/www.komponentyzlin.cz\/en\/wp-json\/wp\/v2\/pages"}],"about":[{"href":"https:\/\/www.komponentyzlin.cz\/en\/wp-json\/wp\/v2\/types\/page"}],"author":[{"embeddable":true,"href":"https:\/\/www.komponentyzlin.cz\/en\/wp-json\/wp\/v2\/users\/1"}],"replies":[{"embeddable":true,"href":"https:\/\/www.komponentyzlin.cz\/en\/wp-json\/wp\/v2\/comments?post=474"}],"version-history":[{"count":6,"href":"https:\/\/www.komponentyzlin.cz\/en\/wp-json\/wp\/v2\/pages\/474\/revisions"}],"predecessor-version":[{"id":646,"href":"https:\/\/www.komponentyzlin.cz\/en\/wp-json\/wp\/v2\/pages\/474\/revisions\/646"}],"wp:attachment":[{"href":"https:\/\/www.komponentyzlin.cz\/en\/wp-json\/wp\/v2\/media?parent=474"}],"curies":[{"name":"wp","href":"https:\/\/api.w.org\/{rel}","templated":true}]}}