{"id":463,"date":"2016-06-07T10:11:00","date_gmt":"2016-06-07T09:11:00","guid":{"rendered":"http:\/\/www.komponentyzlin.cz\/en\/kontakty\/"},"modified":"2024-10-29T16:17:33","modified_gmt":"2024-10-29T15:17:33","slug":"contacts","status":"publish","type":"page","link":"https:\/\/www.komponentyzlin.cz\/en\/contacts\/","title":{"rendered":"Contacts"},"content":{"rendered":"<h2 style=\"text-align: center;\"><strong>KOMPONENTY, a.s. ZL\u00cdN<\/strong><\/h2>\n<p style=\"text-align: center;\"><i class=\" fa fa-map-marker \" style=\"\"><\/i>\u00a0 Hlavni\u010dkovo n\u00e1b\u0159e\u017e\u00ed 5655,<br \/>\n760 01 Zl\u00edn,<br \/>\nCzech republic<\/p>\n<p style=\"text-align: center;\"><i class=\" fa fa-envelope \" style=\"\"><\/i>\u00a0<a href=\"mailto:info@komponentyzlin.cz\">info@komponentyzlin.cz<\/a><\/p>\n<hr \/>\n<div class=\"row \"><div class=\"col-lg-4 col-md-4 col-xs-12 col-sm-6\"><\/p>\n<p style=\"text-align: center;\"><strong>Inland:<\/strong><\/p>\n<p style=\"text-align: center;\"><i class=\" fa fa-phone \" style=\"\"><\/i> +420 577 522 639<\/p>\n<p style=\"text-align: center;\"><i class=\" fa fa-fax \" style=\"\"><\/i>+420 577 525 294<\/p>\n<p><\/div>\n<div class=\"col-lg-4 col-md-4 col-xs-12 col-sm-6\"><\/p>\n<p style=\"text-align: center;\"><strong>Export:<\/strong><\/p>\n<p style=\"text-align: center;\"><i class=\" fa fa-phone \" style=\"\"><\/i> +420 577 522 591<\/p>\n<p style=\"text-align: center;\"><i class=\" fa fa-fax \" style=\"\"><\/i> +420 577 523 440<\/p>\n<p><\/div><\/p>\n<p><div class=\"col-lg-4 col-md-4 col-xs-12 col-sm-6\"><\/p>\n<p style=\"text-align: center;\"><i class=\" fa fa-map-marker \" style=\"\"><\/i>\u00a0<strong>GPS Loc:<\/strong><\/p>\n<p style=\"text-align: center;\">49\u00b013&#8217;38.151&#8243;N<\/p>\n<p style=\"text-align: center;\">17\u00b039&#8217;27.212&#8243;E<\/p>\n<p><\/div>\n<\/div>\n<p><iframe loading=\"lazy\" style=\"border: 0; width: 100%;\" src=\"https:\/\/www.google.com\/maps\/embed?pb=!1m18!1m12!1m3!1d3684.90820295025!2d17.65540144947703!3d49.22666547688408!2m3!1f0!2f0!3f0!3m2!1i1024!2i768!4f13.1!3m3!1m2!1s0x4713734d7755127f%3A0x99c953756743b8d8!2sKOMPONENTY%2C+a.s.+ZL%C3%8DN!5e0!3m2!1scs!2scz!4v1465290187154\" width=\"1000\" height=\"400\" frameborder=\"0\" allowfullscreen=\"allowfullscreen\"><\/iframe><\/p>\n<div class=\"row \"><div class=\"col-lg-4 col-md-4 col-xs-12 col-sm-6\"><\/p>\n<h3><strong>ing. V\u00edt\u011bzslav Zl\u00e1mal<\/strong><\/h3>\n<p><span style=\"color: #999999;\">director of company<\/span><\/p>\n<p><i class=\" fa fa-phone \" style=\"\"><\/i> +420 577 522 639<\/p>\n<p><i class=\" fa fa-fax \" style=\"\"><\/i>\u00a0+420 577 522 773<\/p>\n<p><i class=\" fa fa-envelope \" style=\"\"><\/i> <a href=\"mailto:zlamal.vitezslav@komponentyzlin.cz\">zlamal.vitezslav@komponentyzlin.cz<\/a><\/p>\n<p><\/div><div class=\"col-lg-4 col-md-4 col-xs-12 col-sm-6\"><\/p>\n<h3><strong>ing. <strong> Vladislav Kot\u00edk<\/strong><\/strong><\/h3>\n<p><span style=\"color: #999999;\">head of economic section<\/span><\/p>\n<p><i class=\" fa fa-phone \" style=\"\"><\/i> +420 577 522 044<\/p>\n<p><i class=\" fa fa-fax \" style=\"\"><\/i>\u00a0+420 577 522 773<\/p>\n<p><i class=\" fa fa-envelope \" style=\"\"><\/i> <a href=\"mailto:kotik.vladislav@komponentyzlin.cz\">kotik.vladislav@komponentyzlin.cz<\/a><\/p>\n<p><\/div><div class=\"col-lg-4 col-md-4 col-xs-12 col-sm-6\"><\/p>\n<h3><strong>ing. Pavel Kone\u010dn\u00fd<\/strong><\/h3>\n<p><span style=\"color: #999999;\">head of production section<\/span><\/p>\n<p><i class=\" fa fa-phone \" style=\"\"><\/i> +420 577 524 082<\/p>\n<p><i class=\" fa fa-fax \" style=\"\"><\/i>\u00a0+420 577 522 773<\/p>\n<p><i class=\" fa fa-envelope \" style=\"\"><\/i> <a href=\"mailto:konecny.pavel@komponentyzlin.cz\">konecny.pavel@komponentyzlin.cz<\/a><\/p>\n<p><\/div><\/div>\n<hr \/>\n<p><div class=\"row \"><div class=\"col-lg-4 col-md-4 col-xs-12 col-sm-6\"><\/p>\n<h3><strong>ing. <strong>Miroslav Mikel<\/strong><\/strong><\/h3>\n<p><span style=\"color: #999999;\">seller export<\/span><\/p>\n<p><i class=\" fa fa-phone \" style=\"\"><\/i> +420 577 522 591<\/p>\n<p><i class=\" fa fa-fax \" style=\"\"><\/i>\u00a0+420 577 523 440<\/p>\n<p><i class=\" fa fa-envelope \" style=\"\"><\/i> <a href=\"mailto:mikel.miroslav@komponentyzlin.cz\">mikel.miroslav@komponentyzlin.cz<\/a><\/p>\n<p><\/div><div class=\"col-lg-4 col-md-4 col-xs-12 col-sm-6\"><\/p>\n<h3><strong>MVDr. M\u00e1ria \u010capekov\u00e1<\/strong><\/h3>\n<p><span style=\"color: #999999;\">seller export<\/span><\/p>\n<p><i class=\" fa fa-phone \" style=\"\"><\/i> +420 577 522 339<\/p>\n<p><i class=\" fa fa-fax \" style=\"\"><\/i>\u00a0+420 577 523 440<\/p>\n<p><i class=\" fa fa-envelope \" style=\"\"><\/i> <a href=\"mailto:capekova.maria@komponentyzlin.cz\">capekova.maria@komponentyzlin.cz<\/a><\/p>\n<p><\/div><div class=\"col-lg-4 col-md-4 col-xs-12 col-sm-6\"><\/p>\n<h3><strong>Martin Jani\u0161<\/strong><\/h3>\n<p><span style=\"color: #999999;\">seller inland + Slovakia<\/span><\/p>\n<p><i class=\" fa fa-phone \" style=\"\"><\/i> +420 577 522 835<\/p>\n<p><i class=\" fa fa-fax \" style=\"\"><\/i>\u00a0+420 577 525 294<\/p>\n<p><i class=\" fa fa-envelope \" style=\"\"><\/i> <a href=\"mailto:janis.martin@komponentyzlin.cz\">janis.martin@komponentyzlin.cz<\/a><\/p>\n<p><\/div><span style=\"line-height: 1.5;\"><\/div><\/span><\/p>\n<hr \/>\n<div class=\"row \"><div class=\"col-lg-4 col-md-4 col-xs-12 col-sm-6\"><\/p>\n<h3>Michaela Malotov\u00e1<\/h3>\n<p><span style=\"color: #999999;\">specialist in buying, selling<\/span><\/p>\n<p><i class=\" fa fa-phone \" style=\"\"><\/i> +420 577 523 913<\/p>\n<p><i class=\" fa fa-fax \" style=\"\"><\/i>\u00a0+420 577 523 440<\/p>\n<p><i class=\" fa fa-envelope \" style=\"\"><\/i> <a title=\"\" href=\"mailto:malotova.michaela@komponentyzlin.cz\">malotova.michaela@komponentyzlin.cz<\/a><\/p>\n<p><\/div><\/div>\n","protected":false},"excerpt":{"rendered":"<p>KOMPONENTY, a.s. ZL\u00cdN \u00a0 Hlavni\u010dkovo n\u00e1b\u0159e\u017e\u00ed 5655, 760 01 Zl\u00edn, Czech republic \u00a0info@komponentyzlin.cz<\/p>\n","protected":false},"author":1,"featured_media":0,"parent":0,"menu_order":0,"comment_status":"closed","ping_status":"closed","template":"","meta":{"footnotes":""},"class_list":["post-463","page","type-page","status-publish","hentry"],"yoast_head":"<!-- This site is optimized with the Yoast SEO plugin v27.4 - https:\/\/yoast.com\/product\/yoast-seo-wordpress\/ -->\n<title>Contacts - Komponentyzlin.cz<\/title>\n<meta name=\"robots\" content=\"index, follow, max-snippet:-1, max-image-preview:large, max-video-preview:-1\" \/>\n<link rel=\"canonical\" href=\"https:\/\/www.komponentyzlin.cz\/en\/contacts\/\" \/>\n<meta property=\"og:locale\" content=\"en_US\" \/>\n<meta property=\"og:type\" content=\"article\" \/>\n<meta property=\"og:title\" content=\"Contacts - Komponentyzlin.cz\" \/>\n<meta property=\"og:description\" content=\"KOMPONENTY, a.s. ZL\u00cdN \u00a0 Hlavni\u010dkovo n\u00e1b\u0159e\u017e\u00ed 5655, 760 01 Zl\u00edn, Czech republic \u00a0info@komponentyzlin.cz\" \/>\n<meta property=\"og:url\" content=\"https:\/\/www.komponentyzlin.cz\/en\/contacts\/\" \/>\n<meta property=\"og:site_name\" content=\"Komponentyzlin.cz\" \/>\n<meta property=\"article:modified_time\" content=\"2024-10-29T15:17:33+00:00\" \/>\n<meta name=\"twitter:card\" content=\"summary_large_image\" \/>\n<meta name=\"twitter:label1\" content=\"Est. reading time\" \/>\n\t<meta name=\"twitter:data1\" content=\"2 minutes\" \/>\n<script type=\"application\/ld+json\" class=\"yoast-schema-graph\">{\"@context\":\"https:\\\/\\\/schema.org\",\"@graph\":[{\"@type\":\"WebPage\",\"@id\":\"https:\\\/\\\/www.komponentyzlin.cz\\\/en\\\/contacts\\\/\",\"url\":\"https:\\\/\\\/www.komponentyzlin.cz\\\/en\\\/contacts\\\/\",\"name\":\"Contacts - Komponentyzlin.cz\",\"isPartOf\":{\"@id\":\"https:\\\/\\\/www.komponentyzlin.cz\\\/#website\"},\"datePublished\":\"2016-06-07T09:11:00+00:00\",\"dateModified\":\"2024-10-29T15:17:33+00:00\",\"breadcrumb\":{\"@id\":\"https:\\\/\\\/www.komponentyzlin.cz\\\/en\\\/contacts\\\/#breadcrumb\"},\"inLanguage\":\"en-US\",\"potentialAction\":[{\"@type\":\"ReadAction\",\"target\":[\"https:\\\/\\\/www.komponentyzlin.cz\\\/en\\\/contacts\\\/\"]}]},{\"@type\":\"BreadcrumbList\",\"@id\":\"https:\\\/\\\/www.komponentyzlin.cz\\\/en\\\/contacts\\\/#breadcrumb\",\"itemListElement\":[{\"@type\":\"ListItem\",\"position\":1,\"name\":\"Dom\u016f\",\"item\":\"https:\\\/\\\/www.komponentyzlin.cz\\\/en\\\/\"},{\"@type\":\"ListItem\",\"position\":2,\"name\":\"Contacts\"}]},{\"@type\":\"WebSite\",\"@id\":\"https:\\\/\\\/www.komponentyzlin.cz\\\/#website\",\"url\":\"https:\\\/\\\/www.komponentyzlin.cz\\\/\",\"name\":\"Komponentyzlin.cz\",\"description\":\"Jsme \u010desk\u00fd v\u00fdrobce obuvnick\u00fdch komponent\u016f\",\"potentialAction\":[{\"@type\":\"SearchAction\",\"target\":{\"@type\":\"EntryPoint\",\"urlTemplate\":\"https:\\\/\\\/www.komponentyzlin.cz\\\/?s={search_term_string}\"},\"query-input\":{\"@type\":\"PropertyValueSpecification\",\"valueRequired\":true,\"valueName\":\"search_term_string\"}}],\"inLanguage\":\"en-US\"}]}<\/script>\n<!-- \/ Yoast SEO plugin. -->","yoast_head_json":{"title":"Contacts - Komponentyzlin.cz","robots":{"index":"index","follow":"follow","max-snippet":"max-snippet:-1","max-image-preview":"max-image-preview:large","max-video-preview":"max-video-preview:-1"},"canonical":"https:\/\/www.komponentyzlin.cz\/en\/contacts\/","og_locale":"en_US","og_type":"article","og_title":"Contacts - Komponentyzlin.cz","og_description":"KOMPONENTY, a.s. ZL\u00cdN \u00a0 Hlavni\u010dkovo n\u00e1b\u0159e\u017e\u00ed 5655, 760 01 Zl\u00edn, Czech republic \u00a0info@komponentyzlin.cz","og_url":"https:\/\/www.komponentyzlin.cz\/en\/contacts\/","og_site_name":"Komponentyzlin.cz","article_modified_time":"2024-10-29T15:17:33+00:00","twitter_card":"summary_large_image","twitter_misc":{"Est. reading time":"2 minutes"},"schema":{"@context":"https:\/\/schema.org","@graph":[{"@type":"WebPage","@id":"https:\/\/www.komponentyzlin.cz\/en\/contacts\/","url":"https:\/\/www.komponentyzlin.cz\/en\/contacts\/","name":"Contacts - Komponentyzlin.cz","isPartOf":{"@id":"https:\/\/www.komponentyzlin.cz\/#website"},"datePublished":"2016-06-07T09:11:00+00:00","dateModified":"2024-10-29T15:17:33+00:00","breadcrumb":{"@id":"https:\/\/www.komponentyzlin.cz\/en\/contacts\/#breadcrumb"},"inLanguage":"en-US","potentialAction":[{"@type":"ReadAction","target":["https:\/\/www.komponentyzlin.cz\/en\/contacts\/"]}]},{"@type":"BreadcrumbList","@id":"https:\/\/www.komponentyzlin.cz\/en\/contacts\/#breadcrumb","itemListElement":[{"@type":"ListItem","position":1,"name":"Dom\u016f","item":"https:\/\/www.komponentyzlin.cz\/en\/"},{"@type":"ListItem","position":2,"name":"Contacts"}]},{"@type":"WebSite","@id":"https:\/\/www.komponentyzlin.cz\/#website","url":"https:\/\/www.komponentyzlin.cz\/","name":"Komponentyzlin.cz","description":"Jsme \u010desk\u00fd v\u00fdrobce obuvnick\u00fdch komponent\u016f","potentialAction":[{"@type":"SearchAction","target":{"@type":"EntryPoint","urlTemplate":"https:\/\/www.komponentyzlin.cz\/?s={search_term_string}"},"query-input":{"@type":"PropertyValueSpecification","valueRequired":true,"valueName":"search_term_string"}}],"inLanguage":"en-US"}]}},"_links":{"self":[{"href":"https:\/\/www.komponentyzlin.cz\/en\/wp-json\/wp\/v2\/pages\/463","targetHints":{"allow":["GET"]}}],"collection":[{"href":"https:\/\/www.komponentyzlin.cz\/en\/wp-json\/wp\/v2\/pages"}],"about":[{"href":"https:\/\/www.komponentyzlin.cz\/en\/wp-json\/wp\/v2\/types\/page"}],"author":[{"embeddable":true,"href":"https:\/\/www.komponentyzlin.cz\/en\/wp-json\/wp\/v2\/users\/1"}],"replies":[{"embeddable":true,"href":"https:\/\/www.komponentyzlin.cz\/en\/wp-json\/wp\/v2\/comments?post=463"}],"version-history":[{"count":8,"href":"https:\/\/www.komponentyzlin.cz\/en\/wp-json\/wp\/v2\/pages\/463\/revisions"}],"predecessor-version":[{"id":1660,"href":"https:\/\/www.komponentyzlin.cz\/en\/wp-json\/wp\/v2\/pages\/463\/revisions\/1660"}],"wp:attachment":[{"href":"https:\/\/www.komponentyzlin.cz\/en\/wp-json\/wp\/v2\/media?parent=463"}],"curies":[{"name":"wp","href":"https:\/\/api.w.org\/{rel}","templated":true}]}}