{"id":455,"date":"2016-06-19T13:31:20","date_gmt":"2016-06-19T12:31:20","guid":{"rendered":"http:\/\/www.komponentyzlin.cz\/?page_id=455&#038;lang=en"},"modified":"2016-06-19T13:31:20","modified_gmt":"2016-06-19T12:31:20","slug":"about-us","status":"publish","type":"page","link":"https:\/\/www.komponentyzlin.cz\/en\/about-us\/","title":{"rendered":"About us"},"content":{"rendered":"<p><img loading=\"lazy\" decoding=\"async\" class=\"aligncenter wp-image-425 size-full\" src=\"http:\/\/www.komponentyzlin.cz\/wp-content\/uploads\/2016\/06\/IMG_1126-e1466159650753.jpg\" alt=\"IMG_1126\" width=\"1500\" height=\"566\" srcset=\"https:\/\/www.komponentyzlin.cz\/wp-content\/uploads\/2016\/06\/IMG_1126-e1466159650753.jpg 1500w, https:\/\/www.komponentyzlin.cz\/wp-content\/uploads\/2016\/06\/IMG_1126-e1466159650753-300x113.jpg 300w, https:\/\/www.komponentyzlin.cz\/wp-content\/uploads\/2016\/06\/IMG_1126-e1466159650753-768x290.jpg 768w, https:\/\/www.komponentyzlin.cz\/wp-content\/uploads\/2016\/06\/IMG_1126-e1466159650753-1024x386.jpg 1024w, https:\/\/www.komponentyzlin.cz\/wp-content\/uploads\/2016\/06\/IMG_1126-e1466159650753-750x283.jpg 750w\" sizes=\"auto, (max-width: 1500px) 100vw, 1500px\" \/><\/p>\n<hr \/>\n<div class=\"row \"><div class=\"col-lg-6 col-md-6 col-xs-12 col-sm-12\">\nThe company KOMPONENTY, a.s. ZL\u00cdN has got a long year tradition and experience in development, manufacture and sale of components not only for the shoe manufacture. It offers an extensive assortment of products from rubber soles and heels up to compact and expanded rubber plates, rubber compounds, shoemaking chemicals and raw materials for rubber processing, soles of PU, TPE, PVC and EVA materials, socklinings with different utility properties, rubber and plastics components of non-shoemaking character, products of technical rubber, products for automobile industry etc. In manufacture of components, various manufacturing technologies are being used, such as compression and injection moulding, casting etc.<\/div>\n<div class=\"col-lg-6 col-md-6 col-xs-12 col-sm-12\">\n<img loading=\"lazy\" decoding=\"async\" class=\"wp-image-427 size-large alignnone\" src=\"http:\/\/www.komponentyzlin.cz\/wp-content\/uploads\/2016\/06\/IMG_1129-e1466159681166-1024x547.jpg\" alt=\"IMG_1129\" width=\"1024\" height=\"547\" srcset=\"https:\/\/www.komponentyzlin.cz\/wp-content\/uploads\/2016\/06\/IMG_1129-e1466159681166-1024x547.jpg 1024w, https:\/\/www.komponentyzlin.cz\/wp-content\/uploads\/2016\/06\/IMG_1129-e1466159681166-300x160.jpg 300w, https:\/\/www.komponentyzlin.cz\/wp-content\/uploads\/2016\/06\/IMG_1129-e1466159681166-768x411.jpg 768w, https:\/\/www.komponentyzlin.cz\/wp-content\/uploads\/2016\/06\/IMG_1129-e1466159681166-750x400.jpg 750w, https:\/\/www.komponentyzlin.cz\/wp-content\/uploads\/2016\/06\/IMG_1129-e1466159681166.jpg 1500w\" sizes=\"auto, (max-width: 1024px) 100vw, 1024px\" \/><\/div>\n<\/div>\n<hr \/>\n<div class=\"row \"><div class=\"col-lg-6 col-md-6 col-xs-12 col-sm-12\"><\/p>\n<p><img loading=\"lazy\" decoding=\"async\" class=\"wp-image-426 size-large alignnone\" src=\"http:\/\/www.komponentyzlin.cz\/wp-content\/uploads\/2016\/06\/IMG_1135-1024x683.jpg\" alt=\"IMG_1135\" width=\"1024\" height=\"683\" srcset=\"https:\/\/www.komponentyzlin.cz\/wp-content\/uploads\/2016\/06\/IMG_1135-1024x683.jpg 1024w, https:\/\/www.komponentyzlin.cz\/wp-content\/uploads\/2016\/06\/IMG_1135-300x200.jpg 300w, https:\/\/www.komponentyzlin.cz\/wp-content\/uploads\/2016\/06\/IMG_1135-768x512.jpg 768w, https:\/\/www.komponentyzlin.cz\/wp-content\/uploads\/2016\/06\/IMG_1135-750x500.jpg 750w, https:\/\/www.komponentyzlin.cz\/wp-content\/uploads\/2016\/06\/IMG_1135.jpg 1500w\" sizes=\"auto, (max-width: 1024px) 100vw, 1024px\" \/><\/div>\n<div class=\"col-lg-6 col-md-6 col-xs-12 col-sm-12\"><\/p>\n<p>The company ensures a complex prefabrication preparation, processing of technical documentation, preparation of models and moulds according to the customer\u00b4s wish. The tradition of the manufacture of components has started in 1894, when the brothers and sister Bata had established a shoemaking company. With the development and increasing of manufacture of shoes, the proportion of components enhanced as well. In the thirties of the twentieth century, the company was the greatest manufacturer of components for the manufacture of shoes in the then Czechoslovakia. This manufacture expanded also after the World War II, when the Company was nationalized and the products were leaving the factory under the trademark Svit. The company Svit a.s. was restructured in 1998 and a company under the trade name of KOMPONENTY, a.s. ZL\u00cdN specialized in manufacture of components was established.<\/p>\n<p><\/div>\n<\/div>\n<hr \/>\n<div class=\"row \"><div class=\"col-lg-6 col-md-6 col-xs-12 col-sm-12\"><\/p>\n<p>Its new manufacturing programmes, which have already been introduced, are oriented to the supplies of special products for the Army, for trekking shoes, for sport, chiropody and of many other lines. The company maintains high quality of manufacture management and uses all systematic and technological manufacturing processes. The quality is currently inspected.<\/p>\n<p>The company KOMPONENTY, a.s. ZL\u00cdN, has introduced the quality system certified by the company LRQA Ltd. according to the \u010cSN EN ISO 9001.<\/p>\n<p><\/div>\n<div class=\"col-lg-6 col-md-6 col-xs-12 col-sm-12\">\n<img loading=\"lazy\" decoding=\"async\" class=\"size-large wp-image-428 alignnone\" src=\"http:\/\/www.komponentyzlin.cz\/wp-content\/uploads\/2016\/06\/IMG_1137-1024x683.jpg\" alt=\"IMG_1137\" width=\"1024\" height=\"683\" srcset=\"https:\/\/www.komponentyzlin.cz\/wp-content\/uploads\/2016\/06\/IMG_1137-1024x683.jpg 1024w, https:\/\/www.komponentyzlin.cz\/wp-content\/uploads\/2016\/06\/IMG_1137-300x200.jpg 300w, https:\/\/www.komponentyzlin.cz\/wp-content\/uploads\/2016\/06\/IMG_1137-768x512.jpg 768w, https:\/\/www.komponentyzlin.cz\/wp-content\/uploads\/2016\/06\/IMG_1137-750x500.jpg 750w, https:\/\/www.komponentyzlin.cz\/wp-content\/uploads\/2016\/06\/IMG_1137.jpg 1500w\" sizes=\"auto, (max-width: 1024px) 100vw, 1024px\" \/><\/div>\n<\/div>\n<p>&nbsp;<\/p>\n<p>&nbsp;<\/p>\n<p>&nbsp;<\/p>\n","protected":false},"excerpt":{"rendered":"<p>&nbsp; &nbsp; &nbsp;<\/p>\n","protected":false},"author":1,"featured_media":0,"parent":0,"menu_order":0,"comment_status":"closed","ping_status":"closed","template":"","meta":{"footnotes":""},"class_list":["post-455","page","type-page","status-publish","hentry"],"yoast_head":"<!-- This site is optimized with the Yoast SEO plugin v27.4 - https:\/\/yoast.com\/product\/yoast-seo-wordpress\/ -->\n<title>About us - Komponentyzlin.cz<\/title>\n<meta name=\"robots\" content=\"index, follow, max-snippet:-1, max-image-preview:large, max-video-preview:-1\" \/>\n<link rel=\"canonical\" href=\"https:\/\/www.komponentyzlin.cz\/en\/about-us\/\" \/>\n<meta property=\"og:locale\" content=\"en_US\" \/>\n<meta property=\"og:type\" content=\"article\" \/>\n<meta property=\"og:title\" content=\"About us - Komponentyzlin.cz\" \/>\n<meta property=\"og:description\" content=\"&nbsp; &nbsp; &nbsp;\" \/>\n<meta property=\"og:url\" content=\"https:\/\/www.komponentyzlin.cz\/en\/about-us\/\" \/>\n<meta property=\"og:site_name\" content=\"Komponentyzlin.cz\" \/>\n<meta property=\"og:image\" content=\"http:\/\/www.komponentyzlin.cz\/wp-content\/uploads\/2016\/06\/IMG_1126-e1466159650753.jpg\" \/>\n<meta name=\"twitter:card\" content=\"summary_large_image\" \/>\n<meta name=\"twitter:label1\" content=\"Est. reading time\" \/>\n\t<meta name=\"twitter:data1\" content=\"2 minutes\" \/>\n<script type=\"application\/ld+json\" class=\"yoast-schema-graph\">{\"@context\":\"https:\\\/\\\/schema.org\",\"@graph\":[{\"@type\":\"WebPage\",\"@id\":\"https:\\\/\\\/www.komponentyzlin.cz\\\/en\\\/about-us\\\/\",\"url\":\"https:\\\/\\\/www.komponentyzlin.cz\\\/en\\\/about-us\\\/\",\"name\":\"About us - Komponentyzlin.cz\",\"isPartOf\":{\"@id\":\"https:\\\/\\\/www.komponentyzlin.cz\\\/#website\"},\"primaryImageOfPage\":{\"@id\":\"https:\\\/\\\/www.komponentyzlin.cz\\\/en\\\/about-us\\\/#primaryimage\"},\"image\":{\"@id\":\"https:\\\/\\\/www.komponentyzlin.cz\\\/en\\\/about-us\\\/#primaryimage\"},\"thumbnailUrl\":\"http:\\\/\\\/www.komponentyzlin.cz\\\/wp-content\\\/uploads\\\/2016\\\/06\\\/IMG_1126-e1466159650753.jpg\",\"datePublished\":\"2016-06-19T12:31:20+00:00\",\"breadcrumb\":{\"@id\":\"https:\\\/\\\/www.komponentyzlin.cz\\\/en\\\/about-us\\\/#breadcrumb\"},\"inLanguage\":\"en-US\",\"potentialAction\":[{\"@type\":\"ReadAction\",\"target\":[\"https:\\\/\\\/www.komponentyzlin.cz\\\/en\\\/about-us\\\/\"]}]},{\"@type\":\"ImageObject\",\"inLanguage\":\"en-US\",\"@id\":\"https:\\\/\\\/www.komponentyzlin.cz\\\/en\\\/about-us\\\/#primaryimage\",\"url\":\"http:\\\/\\\/www.komponentyzlin.cz\\\/wp-content\\\/uploads\\\/2016\\\/06\\\/IMG_1126-e1466159650753.jpg\",\"contentUrl\":\"http:\\\/\\\/www.komponentyzlin.cz\\\/wp-content\\\/uploads\\\/2016\\\/06\\\/IMG_1126-e1466159650753.jpg\"},{\"@type\":\"BreadcrumbList\",\"@id\":\"https:\\\/\\\/www.komponentyzlin.cz\\\/en\\\/about-us\\\/#breadcrumb\",\"itemListElement\":[{\"@type\":\"ListItem\",\"position\":1,\"name\":\"Dom\u016f\",\"item\":\"https:\\\/\\\/www.komponentyzlin.cz\\\/en\\\/\"},{\"@type\":\"ListItem\",\"position\":2,\"name\":\"About us\"}]},{\"@type\":\"WebSite\",\"@id\":\"https:\\\/\\\/www.komponentyzlin.cz\\\/#website\",\"url\":\"https:\\\/\\\/www.komponentyzlin.cz\\\/\",\"name\":\"Komponentyzlin.cz\",\"description\":\"Jsme \u010desk\u00fd v\u00fdrobce obuvnick\u00fdch komponent\u016f\",\"potentialAction\":[{\"@type\":\"SearchAction\",\"target\":{\"@type\":\"EntryPoint\",\"urlTemplate\":\"https:\\\/\\\/www.komponentyzlin.cz\\\/?s={search_term_string}\"},\"query-input\":{\"@type\":\"PropertyValueSpecification\",\"valueRequired\":true,\"valueName\":\"search_term_string\"}}],\"inLanguage\":\"en-US\"}]}<\/script>\n<!-- \/ Yoast SEO plugin. -->","yoast_head_json":{"title":"About us - Komponentyzlin.cz","robots":{"index":"index","follow":"follow","max-snippet":"max-snippet:-1","max-image-preview":"max-image-preview:large","max-video-preview":"max-video-preview:-1"},"canonical":"https:\/\/www.komponentyzlin.cz\/en\/about-us\/","og_locale":"en_US","og_type":"article","og_title":"About us - Komponentyzlin.cz","og_description":"&nbsp; &nbsp; &nbsp;","og_url":"https:\/\/www.komponentyzlin.cz\/en\/about-us\/","og_site_name":"Komponentyzlin.cz","og_image":[{"url":"http:\/\/www.komponentyzlin.cz\/wp-content\/uploads\/2016\/06\/IMG_1126-e1466159650753.jpg","type":"","width":"","height":""}],"twitter_card":"summary_large_image","twitter_misc":{"Est. reading time":"2 minutes"},"schema":{"@context":"https:\/\/schema.org","@graph":[{"@type":"WebPage","@id":"https:\/\/www.komponentyzlin.cz\/en\/about-us\/","url":"https:\/\/www.komponentyzlin.cz\/en\/about-us\/","name":"About us - Komponentyzlin.cz","isPartOf":{"@id":"https:\/\/www.komponentyzlin.cz\/#website"},"primaryImageOfPage":{"@id":"https:\/\/www.komponentyzlin.cz\/en\/about-us\/#primaryimage"},"image":{"@id":"https:\/\/www.komponentyzlin.cz\/en\/about-us\/#primaryimage"},"thumbnailUrl":"http:\/\/www.komponentyzlin.cz\/wp-content\/uploads\/2016\/06\/IMG_1126-e1466159650753.jpg","datePublished":"2016-06-19T12:31:20+00:00","breadcrumb":{"@id":"https:\/\/www.komponentyzlin.cz\/en\/about-us\/#breadcrumb"},"inLanguage":"en-US","potentialAction":[{"@type":"ReadAction","target":["https:\/\/www.komponentyzlin.cz\/en\/about-us\/"]}]},{"@type":"ImageObject","inLanguage":"en-US","@id":"https:\/\/www.komponentyzlin.cz\/en\/about-us\/#primaryimage","url":"http:\/\/www.komponentyzlin.cz\/wp-content\/uploads\/2016\/06\/IMG_1126-e1466159650753.jpg","contentUrl":"http:\/\/www.komponentyzlin.cz\/wp-content\/uploads\/2016\/06\/IMG_1126-e1466159650753.jpg"},{"@type":"BreadcrumbList","@id":"https:\/\/www.komponentyzlin.cz\/en\/about-us\/#breadcrumb","itemListElement":[{"@type":"ListItem","position":1,"name":"Dom\u016f","item":"https:\/\/www.komponentyzlin.cz\/en\/"},{"@type":"ListItem","position":2,"name":"About us"}]},{"@type":"WebSite","@id":"https:\/\/www.komponentyzlin.cz\/#website","url":"https:\/\/www.komponentyzlin.cz\/","name":"Komponentyzlin.cz","description":"Jsme \u010desk\u00fd v\u00fdrobce obuvnick\u00fdch komponent\u016f","potentialAction":[{"@type":"SearchAction","target":{"@type":"EntryPoint","urlTemplate":"https:\/\/www.komponentyzlin.cz\/?s={search_term_string}"},"query-input":{"@type":"PropertyValueSpecification","valueRequired":true,"valueName":"search_term_string"}}],"inLanguage":"en-US"}]}},"_links":{"self":[{"href":"https:\/\/www.komponentyzlin.cz\/en\/wp-json\/wp\/v2\/pages\/455","targetHints":{"allow":["GET"]}}],"collection":[{"href":"https:\/\/www.komponentyzlin.cz\/en\/wp-json\/wp\/v2\/pages"}],"about":[{"href":"https:\/\/www.komponentyzlin.cz\/en\/wp-json\/wp\/v2\/types\/page"}],"author":[{"embeddable":true,"href":"https:\/\/www.komponentyzlin.cz\/en\/wp-json\/wp\/v2\/users\/1"}],"replies":[{"embeddable":true,"href":"https:\/\/www.komponentyzlin.cz\/en\/wp-json\/wp\/v2\/comments?post=455"}],"version-history":[{"count":1,"href":"https:\/\/www.komponentyzlin.cz\/en\/wp-json\/wp\/v2\/pages\/455\/revisions"}],"predecessor-version":[{"id":456,"href":"https:\/\/www.komponentyzlin.cz\/en\/wp-json\/wp\/v2\/pages\/455\/revisions\/456"}],"wp:attachment":[{"href":"https:\/\/www.komponentyzlin.cz\/en\/wp-json\/wp\/v2\/media?parent=455"}],"curies":[{"name":"wp","href":"https:\/\/api.w.org\/{rel}","templated":true}]}}