{"id":438,"date":"2016-06-07T09:25:32","date_gmt":"2016-06-07T08:25:32","guid":{"rendered":"http:\/\/www.komponentyzlin.cz\/smesi\/?lang=en"},"modified":"2016-06-19T14:12:17","modified_gmt":"2016-06-19T13:12:17","slug":"compounds","status":"publish","type":"page","link":"https:\/\/www.komponentyzlin.cz\/en\/catalogue\/compounds\/","title":{"rendered":"Compounds"},"content":{"rendered":"<p>KOMPONENTY, a.s. ZL\u00cdN manufactures also an extensive assortment of rubber compounds with various physical and mechanical properties.<\/p>\n<p><strong>Rubber compounds:<\/strong><\/p>\n<ul>\n<li>monolithic and expanded rubber compounds on basis of NR, SBR, BR, IR,NBR<\/li>\n<li>expanded compounds on basis of EVAc<\/li>\n<\/ul>\n<p>The company disposes of a laboratory which is able to offer the customer taylor-made compound.<\/p>\n","protected":false},"excerpt":{"rendered":"<p>KOMPONENTY, a.s. ZL\u00cdN manufactures also an extensive assortment of rubber compounds with various physical and mechanical properties. Rubber compounds: monolithic and expanded rubber compounds on basis of NR, SBR, BR, IR,NBR expanded compounds on basis of EVAc The company disposes of a laboratory which is able to offer the customer taylor-made compound.<\/p>\n","protected":false},"author":1,"featured_media":0,"parent":450,"menu_order":0,"comment_status":"closed","ping_status":"closed","template":"","meta":{"footnotes":""},"class_list":["post-438","page","type-page","status-publish","hentry"],"yoast_head":"<!-- This site is optimized with the Yoast SEO plugin v27.5 - https:\/\/yoast.com\/product\/yoast-seo-wordpress\/ -->\n<title>Compounds - Komponentyzlin.cz<\/title>\n<meta name=\"robots\" content=\"index, follow, max-snippet:-1, max-image-preview:large, max-video-preview:-1\" \/>\n<link rel=\"canonical\" href=\"https:\/\/www.komponentyzlin.cz\/en\/catalogue\/compounds\/\" \/>\n<meta property=\"og:locale\" content=\"en_US\" \/>\n<meta property=\"og:type\" content=\"article\" \/>\n<meta property=\"og:title\" content=\"Compounds - Komponentyzlin.cz\" \/>\n<meta property=\"og:description\" content=\"KOMPONENTY, a.s. ZL\u00cdN manufactures also an extensive assortment of rubber compounds with various physical and mechanical properties. Rubber compounds: monolithic and expanded rubber compounds on basis of NR, SBR, BR, IR,NBR expanded compounds on basis of EVAc The company disposes of a laboratory which is able to offer the customer taylor-made compound.\" \/>\n<meta property=\"og:url\" content=\"https:\/\/www.komponentyzlin.cz\/en\/catalogue\/compounds\/\" \/>\n<meta property=\"og:site_name\" content=\"Komponentyzlin.cz\" \/>\n<meta property=\"article:modified_time\" content=\"2016-06-19T13:12:17+00:00\" \/>\n<meta name=\"twitter:card\" content=\"summary_large_image\" \/>\n<script type=\"application\/ld+json\" class=\"yoast-schema-graph\">{\"@context\":\"https:\\\/\\\/schema.org\",\"@graph\":[{\"@type\":\"WebPage\",\"@id\":\"https:\\\/\\\/www.komponentyzlin.cz\\\/en\\\/catalogue\\\/compounds\\\/\",\"url\":\"https:\\\/\\\/www.komponentyzlin.cz\\\/en\\\/catalogue\\\/compounds\\\/\",\"name\":\"Compounds - Komponentyzlin.cz\",\"isPartOf\":{\"@id\":\"https:\\\/\\\/www.komponentyzlin.cz\\\/#website\"},\"datePublished\":\"2016-06-07T08:25:32+00:00\",\"dateModified\":\"2016-06-19T13:12:17+00:00\",\"breadcrumb\":{\"@id\":\"https:\\\/\\\/www.komponentyzlin.cz\\\/en\\\/catalogue\\\/compounds\\\/#breadcrumb\"},\"inLanguage\":\"en-US\",\"potentialAction\":[{\"@type\":\"ReadAction\",\"target\":[\"https:\\\/\\\/www.komponentyzlin.cz\\\/en\\\/catalogue\\\/compounds\\\/\"]}]},{\"@type\":\"BreadcrumbList\",\"@id\":\"https:\\\/\\\/www.komponentyzlin.cz\\\/en\\\/catalogue\\\/compounds\\\/#breadcrumb\",\"itemListElement\":[{\"@type\":\"ListItem\",\"position\":1,\"name\":\"Dom\u016f\",\"item\":\"https:\\\/\\\/www.komponentyzlin.cz\\\/en\\\/\"},{\"@type\":\"ListItem\",\"position\":2,\"name\":\"Catalogue\",\"item\":\"https:\\\/\\\/www.komponentyzlin.cz\\\/en\\\/catalogue\\\/\"},{\"@type\":\"ListItem\",\"position\":3,\"name\":\"Compounds\"}]},{\"@type\":\"WebSite\",\"@id\":\"https:\\\/\\\/www.komponentyzlin.cz\\\/#website\",\"url\":\"https:\\\/\\\/www.komponentyzlin.cz\\\/\",\"name\":\"Komponentyzlin.cz\",\"description\":\"Jsme \u010desk\u00fd v\u00fdrobce obuvnick\u00fdch komponent\u016f\",\"potentialAction\":[{\"@type\":\"SearchAction\",\"target\":{\"@type\":\"EntryPoint\",\"urlTemplate\":\"https:\\\/\\\/www.komponentyzlin.cz\\\/?s={search_term_string}\"},\"query-input\":{\"@type\":\"PropertyValueSpecification\",\"valueRequired\":true,\"valueName\":\"search_term_string\"}}],\"inLanguage\":\"en-US\"}]}<\/script>\n<!-- \/ Yoast SEO plugin. -->","yoast_head_json":{"title":"Compounds - Komponentyzlin.cz","robots":{"index":"index","follow":"follow","max-snippet":"max-snippet:-1","max-image-preview":"max-image-preview:large","max-video-preview":"max-video-preview:-1"},"canonical":"https:\/\/www.komponentyzlin.cz\/en\/catalogue\/compounds\/","og_locale":"en_US","og_type":"article","og_title":"Compounds - Komponentyzlin.cz","og_description":"KOMPONENTY, a.s. ZL\u00cdN manufactures also an extensive assortment of rubber compounds with various physical and mechanical properties. Rubber compounds: monolithic and expanded rubber compounds on basis of NR, SBR, BR, IR,NBR expanded compounds on basis of EVAc The company disposes of a laboratory which is able to offer the customer taylor-made compound.","og_url":"https:\/\/www.komponentyzlin.cz\/en\/catalogue\/compounds\/","og_site_name":"Komponentyzlin.cz","article_modified_time":"2016-06-19T13:12:17+00:00","twitter_card":"summary_large_image","schema":{"@context":"https:\/\/schema.org","@graph":[{"@type":"WebPage","@id":"https:\/\/www.komponentyzlin.cz\/en\/catalogue\/compounds\/","url":"https:\/\/www.komponentyzlin.cz\/en\/catalogue\/compounds\/","name":"Compounds - Komponentyzlin.cz","isPartOf":{"@id":"https:\/\/www.komponentyzlin.cz\/#website"},"datePublished":"2016-06-07T08:25:32+00:00","dateModified":"2016-06-19T13:12:17+00:00","breadcrumb":{"@id":"https:\/\/www.komponentyzlin.cz\/en\/catalogue\/compounds\/#breadcrumb"},"inLanguage":"en-US","potentialAction":[{"@type":"ReadAction","target":["https:\/\/www.komponentyzlin.cz\/en\/catalogue\/compounds\/"]}]},{"@type":"BreadcrumbList","@id":"https:\/\/www.komponentyzlin.cz\/en\/catalogue\/compounds\/#breadcrumb","itemListElement":[{"@type":"ListItem","position":1,"name":"Dom\u016f","item":"https:\/\/www.komponentyzlin.cz\/en\/"},{"@type":"ListItem","position":2,"name":"Catalogue","item":"https:\/\/www.komponentyzlin.cz\/en\/catalogue\/"},{"@type":"ListItem","position":3,"name":"Compounds"}]},{"@type":"WebSite","@id":"https:\/\/www.komponentyzlin.cz\/#website","url":"https:\/\/www.komponentyzlin.cz\/","name":"Komponentyzlin.cz","description":"Jsme \u010desk\u00fd v\u00fdrobce obuvnick\u00fdch komponent\u016f","potentialAction":[{"@type":"SearchAction","target":{"@type":"EntryPoint","urlTemplate":"https:\/\/www.komponentyzlin.cz\/?s={search_term_string}"},"query-input":{"@type":"PropertyValueSpecification","valueRequired":true,"valueName":"search_term_string"}}],"inLanguage":"en-US"}]}},"_links":{"self":[{"href":"https:\/\/www.komponentyzlin.cz\/en\/wp-json\/wp\/v2\/pages\/438","targetHints":{"allow":["GET"]}}],"collection":[{"href":"https:\/\/www.komponentyzlin.cz\/en\/wp-json\/wp\/v2\/pages"}],"about":[{"href":"https:\/\/www.komponentyzlin.cz\/en\/wp-json\/wp\/v2\/types\/page"}],"author":[{"embeddable":true,"href":"https:\/\/www.komponentyzlin.cz\/en\/wp-json\/wp\/v2\/users\/1"}],"replies":[{"embeddable":true,"href":"https:\/\/www.komponentyzlin.cz\/en\/wp-json\/wp\/v2\/comments?post=438"}],"version-history":[{"count":2,"href":"https:\/\/www.komponentyzlin.cz\/en\/wp-json\/wp\/v2\/pages\/438\/revisions"}],"predecessor-version":[{"id":501,"href":"https:\/\/www.komponentyzlin.cz\/en\/wp-json\/wp\/v2\/pages\/438\/revisions\/501"}],"up":[{"embeddable":true,"href":"https:\/\/www.komponentyzlin.cz\/en\/wp-json\/wp\/v2\/pages\/450"}],"wp:attachment":[{"href":"https:\/\/www.komponentyzlin.cz\/en\/wp-json\/wp\/v2\/media?parent=438"}],"curies":[{"name":"wp","href":"https:\/\/api.w.org\/{rel}","templated":true}]}}