{"id":436,"date":"2016-06-07T09:29:31","date_gmt":"2016-06-07T08:29:31","guid":{"rendered":"http:\/\/www.komponentyzlin.cz\/suroviny\/?lang=en"},"modified":"2016-06-19T14:15:44","modified_gmt":"2016-06-19T13:15:44","slug":"raw-materials","status":"publish","type":"page","link":"https:\/\/www.komponentyzlin.cz\/en\/catalogue\/raw-materials\/","title":{"rendered":"Raw materials"},"content":{"rendered":"<p>The company KOMPONENTY, a.s., ZL\u00cdN, offers for free sale raw materials, chemicals and other products necessary in the shoe manufacture, shoe components and also in other branches of machine, chemical and consumer industries<\/p>\n<div class=\"row \"><div class=\"col-lg-6 col-md-6 col-xs-12 col-sm-6\"><\/p>\n<p><strong>Chemical products:<\/strong><\/p>\n<ul>\n<li>TPE pellets<\/li>\n<li>PVC pellets<\/li>\n<li>EVA pellets<\/li>\n<li>TPU pellets<\/li>\n<li>PA pellets<\/li>\n<li>PE pellets<\/li>\n<li>PS pellets<\/li>\n<li>PUR dye stuffs<\/li>\n<li>PUR systems<\/li>\n<li>PUR separators<\/li>\n<li>Synthetic rubbers<\/li>\n<li>Natural rubbers<\/li>\n<li>Siliceous fillers<\/li>\n<li>Rubber processing raw materials<\/li>\n<li>Solvent adhesives<\/li>\n<li>Dispersion adhesives<\/li>\n<li>Solvents<\/li>\n<li>Gearbox oils<\/li>\n<li>Hydraulic oils<\/li>\n<\/ul>\n<p><\/div>\n<div class=\"col-lg-6 col-md-6 col-xs-12 col-sm-6\"><\/p>\n<p><strong>Other products:<\/strong><\/p>\n<ul>\n<li>Upper leathers<\/li>\n<li>Bottom leathers<\/li>\n<li>Textile materials<\/li>\n<li>Packings<\/li>\n<li>PE bags and satchets<\/li>\n<li>Stamp foils<\/li>\n<li>Textile materials<\/li>\n<li>Adhesive tapes<\/li>\n<li>Shrink-wraps<\/li>\n<li>Personal protective means<\/li>\n<li>Office requisities<\/li>\n<li>Cleaning means<\/li>\n<\/ul>\n<p><\/div>\n<\/div>\n<p>&nbsp;<\/p>\n","protected":false},"excerpt":{"rendered":"<p>The company KOMPONENTY, a.s., ZL\u00cdN, offers for free sale raw materials, chemicals and other products necessary in the shoe manufacture, shoe components and also in other branches of machine, chemical and consumer industries &nbsp;<\/p>\n","protected":false},"author":1,"featured_media":0,"parent":450,"menu_order":0,"comment_status":"closed","ping_status":"closed","template":"","meta":{"footnotes":""},"class_list":["post-436","page","type-page","status-publish","hentry"],"yoast_head":"<!-- This site is optimized with the Yoast SEO plugin v27.5 - https:\/\/yoast.com\/product\/yoast-seo-wordpress\/ -->\n<title>Raw materials - Komponentyzlin.cz<\/title>\n<meta name=\"robots\" content=\"index, follow, max-snippet:-1, max-image-preview:large, max-video-preview:-1\" \/>\n<link rel=\"canonical\" href=\"https:\/\/www.komponentyzlin.cz\/en\/catalogue\/raw-materials\/\" \/>\n<meta property=\"og:locale\" content=\"en_US\" \/>\n<meta property=\"og:type\" content=\"article\" \/>\n<meta property=\"og:title\" content=\"Raw materials - Komponentyzlin.cz\" \/>\n<meta property=\"og:description\" content=\"The company KOMPONENTY, a.s., ZL\u00cdN, offers for free sale raw materials, chemicals and other products necessary in the shoe manufacture, shoe components and also in other branches of machine, chemical and consumer industries &nbsp;\" \/>\n<meta property=\"og:url\" content=\"https:\/\/www.komponentyzlin.cz\/en\/catalogue\/raw-materials\/\" \/>\n<meta property=\"og:site_name\" content=\"Komponentyzlin.cz\" \/>\n<meta property=\"article:modified_time\" content=\"2016-06-19T13:15:44+00:00\" \/>\n<meta name=\"twitter:card\" content=\"summary_large_image\" \/>\n<meta name=\"twitter:label1\" content=\"Est. reading time\" \/>\n\t<meta name=\"twitter:data1\" content=\"1 minute\" \/>\n<script type=\"application\/ld+json\" class=\"yoast-schema-graph\">{\"@context\":\"https:\\\/\\\/schema.org\",\"@graph\":[{\"@type\":\"WebPage\",\"@id\":\"https:\\\/\\\/www.komponentyzlin.cz\\\/en\\\/catalogue\\\/raw-materials\\\/\",\"url\":\"https:\\\/\\\/www.komponentyzlin.cz\\\/en\\\/catalogue\\\/raw-materials\\\/\",\"name\":\"Raw materials - Komponentyzlin.cz\",\"isPartOf\":{\"@id\":\"https:\\\/\\\/www.komponentyzlin.cz\\\/#website\"},\"datePublished\":\"2016-06-07T08:29:31+00:00\",\"dateModified\":\"2016-06-19T13:15:44+00:00\",\"breadcrumb\":{\"@id\":\"https:\\\/\\\/www.komponentyzlin.cz\\\/en\\\/catalogue\\\/raw-materials\\\/#breadcrumb\"},\"inLanguage\":\"en-US\",\"potentialAction\":[{\"@type\":\"ReadAction\",\"target\":[\"https:\\\/\\\/www.komponentyzlin.cz\\\/en\\\/catalogue\\\/raw-materials\\\/\"]}]},{\"@type\":\"BreadcrumbList\",\"@id\":\"https:\\\/\\\/www.komponentyzlin.cz\\\/en\\\/catalogue\\\/raw-materials\\\/#breadcrumb\",\"itemListElement\":[{\"@type\":\"ListItem\",\"position\":1,\"name\":\"Dom\u016f\",\"item\":\"https:\\\/\\\/www.komponentyzlin.cz\\\/en\\\/\"},{\"@type\":\"ListItem\",\"position\":2,\"name\":\"Catalogue\",\"item\":\"https:\\\/\\\/www.komponentyzlin.cz\\\/en\\\/catalogue\\\/\"},{\"@type\":\"ListItem\",\"position\":3,\"name\":\"Raw materials\"}]},{\"@type\":\"WebSite\",\"@id\":\"https:\\\/\\\/www.komponentyzlin.cz\\\/#website\",\"url\":\"https:\\\/\\\/www.komponentyzlin.cz\\\/\",\"name\":\"Komponentyzlin.cz\",\"description\":\"Jsme \u010desk\u00fd v\u00fdrobce obuvnick\u00fdch komponent\u016f\",\"potentialAction\":[{\"@type\":\"SearchAction\",\"target\":{\"@type\":\"EntryPoint\",\"urlTemplate\":\"https:\\\/\\\/www.komponentyzlin.cz\\\/?s={search_term_string}\"},\"query-input\":{\"@type\":\"PropertyValueSpecification\",\"valueRequired\":true,\"valueName\":\"search_term_string\"}}],\"inLanguage\":\"en-US\"}]}<\/script>\n<!-- \/ Yoast SEO plugin. -->","yoast_head_json":{"title":"Raw materials - Komponentyzlin.cz","robots":{"index":"index","follow":"follow","max-snippet":"max-snippet:-1","max-image-preview":"max-image-preview:large","max-video-preview":"max-video-preview:-1"},"canonical":"https:\/\/www.komponentyzlin.cz\/en\/catalogue\/raw-materials\/","og_locale":"en_US","og_type":"article","og_title":"Raw materials - Komponentyzlin.cz","og_description":"The company KOMPONENTY, a.s., ZL\u00cdN, offers for free sale raw materials, chemicals and other products necessary in the shoe manufacture, shoe components and also in other branches of machine, chemical and consumer industries &nbsp;","og_url":"https:\/\/www.komponentyzlin.cz\/en\/catalogue\/raw-materials\/","og_site_name":"Komponentyzlin.cz","article_modified_time":"2016-06-19T13:15:44+00:00","twitter_card":"summary_large_image","twitter_misc":{"Est. reading time":"1 minute"},"schema":{"@context":"https:\/\/schema.org","@graph":[{"@type":"WebPage","@id":"https:\/\/www.komponentyzlin.cz\/en\/catalogue\/raw-materials\/","url":"https:\/\/www.komponentyzlin.cz\/en\/catalogue\/raw-materials\/","name":"Raw materials - Komponentyzlin.cz","isPartOf":{"@id":"https:\/\/www.komponentyzlin.cz\/#website"},"datePublished":"2016-06-07T08:29:31+00:00","dateModified":"2016-06-19T13:15:44+00:00","breadcrumb":{"@id":"https:\/\/www.komponentyzlin.cz\/en\/catalogue\/raw-materials\/#breadcrumb"},"inLanguage":"en-US","potentialAction":[{"@type":"ReadAction","target":["https:\/\/www.komponentyzlin.cz\/en\/catalogue\/raw-materials\/"]}]},{"@type":"BreadcrumbList","@id":"https:\/\/www.komponentyzlin.cz\/en\/catalogue\/raw-materials\/#breadcrumb","itemListElement":[{"@type":"ListItem","position":1,"name":"Dom\u016f","item":"https:\/\/www.komponentyzlin.cz\/en\/"},{"@type":"ListItem","position":2,"name":"Catalogue","item":"https:\/\/www.komponentyzlin.cz\/en\/catalogue\/"},{"@type":"ListItem","position":3,"name":"Raw materials"}]},{"@type":"WebSite","@id":"https:\/\/www.komponentyzlin.cz\/#website","url":"https:\/\/www.komponentyzlin.cz\/","name":"Komponentyzlin.cz","description":"Jsme \u010desk\u00fd v\u00fdrobce obuvnick\u00fdch komponent\u016f","potentialAction":[{"@type":"SearchAction","target":{"@type":"EntryPoint","urlTemplate":"https:\/\/www.komponentyzlin.cz\/?s={search_term_string}"},"query-input":{"@type":"PropertyValueSpecification","valueRequired":true,"valueName":"search_term_string"}}],"inLanguage":"en-US"}]}},"_links":{"self":[{"href":"https:\/\/www.komponentyzlin.cz\/en\/wp-json\/wp\/v2\/pages\/436","targetHints":{"allow":["GET"]}}],"collection":[{"href":"https:\/\/www.komponentyzlin.cz\/en\/wp-json\/wp\/v2\/pages"}],"about":[{"href":"https:\/\/www.komponentyzlin.cz\/en\/wp-json\/wp\/v2\/types\/page"}],"author":[{"embeddable":true,"href":"https:\/\/www.komponentyzlin.cz\/en\/wp-json\/wp\/v2\/users\/1"}],"replies":[{"embeddable":true,"href":"https:\/\/www.komponentyzlin.cz\/en\/wp-json\/wp\/v2\/comments?post=436"}],"version-history":[{"count":2,"href":"https:\/\/www.komponentyzlin.cz\/en\/wp-json\/wp\/v2\/pages\/436\/revisions"}],"predecessor-version":[{"id":510,"href":"https:\/\/www.komponentyzlin.cz\/en\/wp-json\/wp\/v2\/pages\/436\/revisions\/510"}],"up":[{"embeddable":true,"href":"https:\/\/www.komponentyzlin.cz\/en\/wp-json\/wp\/v2\/pages\/450"}],"wp:attachment":[{"href":"https:\/\/www.komponentyzlin.cz\/en\/wp-json\/wp\/v2\/media?parent=436"}],"curies":[{"name":"wp","href":"https:\/\/api.w.org\/{rel}","templated":true}]}}