{"id":434,"date":"2016-06-07T09:33:45","date_gmt":"2016-06-07T08:33:45","guid":{"rendered":"http:\/\/www.komponentyzlin.cz\/ostatni\/?lang=en"},"modified":"2016-07-26T08:16:32","modified_gmt":"2016-07-26T07:16:32","slug":"others","status":"publish","type":"page","link":"https:\/\/www.komponentyzlin.cz\/en\/catalogue\/others\/","title":{"rendered":"Others"},"content":{"rendered":"<div class=\"\"><ul class=\"nav nav-tabs\" id=\"oscitas-tabs-0\"><li class=\"active\"><a class=\"\" href=\"#pane-0-0\" data-toggle=\"tab\">Binding tapes<\/a><\/li><li class=\"\"><a class=\"\" href=\"#pane-0-1\" data-toggle=\"tab\">Loops<\/a><\/li><li class=\"\"><a class=\"\" href=\"#pane-0-2\" data-toggle=\"tab\">Trimmings<\/a><\/li><li class=\"\"><a class=\"\" href=\"#pane-0-3\" data-toggle=\"tab\">Combined soles<\/a><\/li><\/ul><div class=\"tab-content\"><div class=\"tab-pane active\" id=\"pane-0-0\"><\/p>\n<p><img loading=\"lazy\" decoding=\"async\" class=\"size-full wp-image-369 aligncenter\" src=\"http:\/\/www.komponentyzlin.cz\/wp-content\/uploads\/2016\/06\/lemuvky.jpg\" alt=\"lemuvky\" width=\"605\" height=\"735\" srcset=\"https:\/\/www.komponentyzlin.cz\/wp-content\/uploads\/2016\/06\/lemuvky.jpg 605w, https:\/\/www.komponentyzlin.cz\/wp-content\/uploads\/2016\/06\/lemuvky-247x300.jpg 247w\" sizes=\"auto, (max-width: 605px) 100vw, 605px\" \/><\/p>\n<p><\/div><div class=\"tab-pane \" id=\"pane-0-1\"><\/p>\n<p><img loading=\"lazy\" decoding=\"async\" class=\"aligncenter size-full wp-image-371\" src=\"http:\/\/www.komponentyzlin.cz\/wp-content\/uploads\/2016\/06\/poutka_tb.jpg\" alt=\"poutka_tb\" width=\"483\" height=\"460\" srcset=\"https:\/\/www.komponentyzlin.cz\/wp-content\/uploads\/2016\/06\/poutka_tb.jpg 483w, https:\/\/www.komponentyzlin.cz\/wp-content\/uploads\/2016\/06\/poutka_tb-300x286.jpg 300w\" sizes=\"auto, (max-width: 483px) 100vw, 483px\" \/><\/p>\n<p><\/div><div class=\"tab-pane \" id=\"pane-0-2\"><\/p>\n<p><img loading=\"lazy\" decoding=\"async\" class=\"aligncenter size-full wp-image-370\" src=\"http:\/\/www.komponentyzlin.cz\/wp-content\/uploads\/2016\/06\/ozdoby.jpg\" alt=\"ozdoby\" width=\"605\" height=\"800\" srcset=\"https:\/\/www.komponentyzlin.cz\/wp-content\/uploads\/2016\/06\/ozdoby.jpg 605w, https:\/\/www.komponentyzlin.cz\/wp-content\/uploads\/2016\/06\/ozdoby-227x300.jpg 227w\" sizes=\"auto, (max-width: 605px) 100vw, 605px\" \/><\/p>\n<p><\/div><div class=\"tab-pane \" id=\"pane-0-3\"><\/p>\n<p><img loading=\"lazy\" decoding=\"async\" class=\"aligncenter size-full wp-image-373\" src=\"http:\/\/www.komponentyzlin.cz\/wp-content\/uploads\/2016\/06\/skladane-podesve_tb.jpg\" alt=\"skladane-podesve_tb\" width=\"530\" height=\"460\" srcset=\"https:\/\/www.komponentyzlin.cz\/wp-content\/uploads\/2016\/06\/skladane-podesve_tb.jpg 530w, https:\/\/www.komponentyzlin.cz\/wp-content\/uploads\/2016\/06\/skladane-podesve_tb-300x260.jpg 300w\" sizes=\"auto, (max-width: 530px) 100vw, 530px\" \/><\/p>\n<p><\/div><\/div><\/div>\n","protected":false},"excerpt":{"rendered":"","protected":false},"author":1,"featured_media":0,"parent":450,"menu_order":0,"comment_status":"closed","ping_status":"closed","template":"","meta":{"footnotes":""},"class_list":["post-434","page","type-page","status-publish","hentry"],"yoast_head":"<!-- This site is optimized with the Yoast SEO plugin v27.5 - https:\/\/yoast.com\/product\/yoast-seo-wordpress\/ -->\n<title>Others - Komponentyzlin.cz<\/title>\n<meta name=\"robots\" content=\"index, follow, max-snippet:-1, max-image-preview:large, max-video-preview:-1\" \/>\n<link rel=\"canonical\" href=\"https:\/\/www.komponentyzlin.cz\/en\/catalogue\/others\/\" \/>\n<meta property=\"og:locale\" content=\"en_US\" \/>\n<meta property=\"og:type\" content=\"article\" \/>\n<meta property=\"og:title\" content=\"Others - Komponentyzlin.cz\" \/>\n<meta property=\"og:url\" content=\"https:\/\/www.komponentyzlin.cz\/en\/catalogue\/others\/\" \/>\n<meta property=\"og:site_name\" content=\"Komponentyzlin.cz\" \/>\n<meta property=\"article:modified_time\" content=\"2016-07-26T07:16:32+00:00\" \/>\n<meta property=\"og:image\" content=\"http:\/\/www.komponentyzlin.cz\/wp-content\/uploads\/2016\/06\/lemuvky.jpg\" \/>\n<meta name=\"twitter:card\" content=\"summary_large_image\" \/>\n<script type=\"application\/ld+json\" class=\"yoast-schema-graph\">{\"@context\":\"https:\\\/\\\/schema.org\",\"@graph\":[{\"@type\":\"WebPage\",\"@id\":\"https:\\\/\\\/www.komponentyzlin.cz\\\/en\\\/catalogue\\\/others\\\/\",\"url\":\"https:\\\/\\\/www.komponentyzlin.cz\\\/en\\\/catalogue\\\/others\\\/\",\"name\":\"Others - Komponentyzlin.cz\",\"isPartOf\":{\"@id\":\"https:\\\/\\\/www.komponentyzlin.cz\\\/#website\"},\"primaryImageOfPage\":{\"@id\":\"https:\\\/\\\/www.komponentyzlin.cz\\\/en\\\/catalogue\\\/others\\\/#primaryimage\"},\"image\":{\"@id\":\"https:\\\/\\\/www.komponentyzlin.cz\\\/en\\\/catalogue\\\/others\\\/#primaryimage\"},\"thumbnailUrl\":\"http:\\\/\\\/www.komponentyzlin.cz\\\/wp-content\\\/uploads\\\/2016\\\/06\\\/lemuvky.jpg\",\"datePublished\":\"2016-06-07T08:33:45+00:00\",\"dateModified\":\"2016-07-26T07:16:32+00:00\",\"breadcrumb\":{\"@id\":\"https:\\\/\\\/www.komponentyzlin.cz\\\/en\\\/catalogue\\\/others\\\/#breadcrumb\"},\"inLanguage\":\"en-US\",\"potentialAction\":[{\"@type\":\"ReadAction\",\"target\":[\"https:\\\/\\\/www.komponentyzlin.cz\\\/en\\\/catalogue\\\/others\\\/\"]}]},{\"@type\":\"ImageObject\",\"inLanguage\":\"en-US\",\"@id\":\"https:\\\/\\\/www.komponentyzlin.cz\\\/en\\\/catalogue\\\/others\\\/#primaryimage\",\"url\":\"http:\\\/\\\/www.komponentyzlin.cz\\\/wp-content\\\/uploads\\\/2016\\\/06\\\/lemuvky.jpg\",\"contentUrl\":\"http:\\\/\\\/www.komponentyzlin.cz\\\/wp-content\\\/uploads\\\/2016\\\/06\\\/lemuvky.jpg\"},{\"@type\":\"BreadcrumbList\",\"@id\":\"https:\\\/\\\/www.komponentyzlin.cz\\\/en\\\/catalogue\\\/others\\\/#breadcrumb\",\"itemListElement\":[{\"@type\":\"ListItem\",\"position\":1,\"name\":\"Dom\u016f\",\"item\":\"https:\\\/\\\/www.komponentyzlin.cz\\\/en\\\/\"},{\"@type\":\"ListItem\",\"position\":2,\"name\":\"Catalogue\",\"item\":\"https:\\\/\\\/www.komponentyzlin.cz\\\/en\\\/catalogue\\\/\"},{\"@type\":\"ListItem\",\"position\":3,\"name\":\"Others\"}]},{\"@type\":\"WebSite\",\"@id\":\"https:\\\/\\\/www.komponentyzlin.cz\\\/#website\",\"url\":\"https:\\\/\\\/www.komponentyzlin.cz\\\/\",\"name\":\"Komponentyzlin.cz\",\"description\":\"Jsme \u010desk\u00fd v\u00fdrobce obuvnick\u00fdch komponent\u016f\",\"potentialAction\":[{\"@type\":\"SearchAction\",\"target\":{\"@type\":\"EntryPoint\",\"urlTemplate\":\"https:\\\/\\\/www.komponentyzlin.cz\\\/?s={search_term_string}\"},\"query-input\":{\"@type\":\"PropertyValueSpecification\",\"valueRequired\":true,\"valueName\":\"search_term_string\"}}],\"inLanguage\":\"en-US\"}]}<\/script>\n<!-- \/ Yoast SEO plugin. -->","yoast_head_json":{"title":"Others - Komponentyzlin.cz","robots":{"index":"index","follow":"follow","max-snippet":"max-snippet:-1","max-image-preview":"max-image-preview:large","max-video-preview":"max-video-preview:-1"},"canonical":"https:\/\/www.komponentyzlin.cz\/en\/catalogue\/others\/","og_locale":"en_US","og_type":"article","og_title":"Others - Komponentyzlin.cz","og_url":"https:\/\/www.komponentyzlin.cz\/en\/catalogue\/others\/","og_site_name":"Komponentyzlin.cz","article_modified_time":"2016-07-26T07:16:32+00:00","og_image":[{"url":"http:\/\/www.komponentyzlin.cz\/wp-content\/uploads\/2016\/06\/lemuvky.jpg","type":"","width":"","height":""}],"twitter_card":"summary_large_image","schema":{"@context":"https:\/\/schema.org","@graph":[{"@type":"WebPage","@id":"https:\/\/www.komponentyzlin.cz\/en\/catalogue\/others\/","url":"https:\/\/www.komponentyzlin.cz\/en\/catalogue\/others\/","name":"Others - Komponentyzlin.cz","isPartOf":{"@id":"https:\/\/www.komponentyzlin.cz\/#website"},"primaryImageOfPage":{"@id":"https:\/\/www.komponentyzlin.cz\/en\/catalogue\/others\/#primaryimage"},"image":{"@id":"https:\/\/www.komponentyzlin.cz\/en\/catalogue\/others\/#primaryimage"},"thumbnailUrl":"http:\/\/www.komponentyzlin.cz\/wp-content\/uploads\/2016\/06\/lemuvky.jpg","datePublished":"2016-06-07T08:33:45+00:00","dateModified":"2016-07-26T07:16:32+00:00","breadcrumb":{"@id":"https:\/\/www.komponentyzlin.cz\/en\/catalogue\/others\/#breadcrumb"},"inLanguage":"en-US","potentialAction":[{"@type":"ReadAction","target":["https:\/\/www.komponentyzlin.cz\/en\/catalogue\/others\/"]}]},{"@type":"ImageObject","inLanguage":"en-US","@id":"https:\/\/www.komponentyzlin.cz\/en\/catalogue\/others\/#primaryimage","url":"http:\/\/www.komponentyzlin.cz\/wp-content\/uploads\/2016\/06\/lemuvky.jpg","contentUrl":"http:\/\/www.komponentyzlin.cz\/wp-content\/uploads\/2016\/06\/lemuvky.jpg"},{"@type":"BreadcrumbList","@id":"https:\/\/www.komponentyzlin.cz\/en\/catalogue\/others\/#breadcrumb","itemListElement":[{"@type":"ListItem","position":1,"name":"Dom\u016f","item":"https:\/\/www.komponentyzlin.cz\/en\/"},{"@type":"ListItem","position":2,"name":"Catalogue","item":"https:\/\/www.komponentyzlin.cz\/en\/catalogue\/"},{"@type":"ListItem","position":3,"name":"Others"}]},{"@type":"WebSite","@id":"https:\/\/www.komponentyzlin.cz\/#website","url":"https:\/\/www.komponentyzlin.cz\/","name":"Komponentyzlin.cz","description":"Jsme \u010desk\u00fd v\u00fdrobce obuvnick\u00fdch komponent\u016f","potentialAction":[{"@type":"SearchAction","target":{"@type":"EntryPoint","urlTemplate":"https:\/\/www.komponentyzlin.cz\/?s={search_term_string}"},"query-input":{"@type":"PropertyValueSpecification","valueRequired":true,"valueName":"search_term_string"}}],"inLanguage":"en-US"}]}},"_links":{"self":[{"href":"https:\/\/www.komponentyzlin.cz\/en\/wp-json\/wp\/v2\/pages\/434","targetHints":{"allow":["GET"]}}],"collection":[{"href":"https:\/\/www.komponentyzlin.cz\/en\/wp-json\/wp\/v2\/pages"}],"about":[{"href":"https:\/\/www.komponentyzlin.cz\/en\/wp-json\/wp\/v2\/types\/page"}],"author":[{"embeddable":true,"href":"https:\/\/www.komponentyzlin.cz\/en\/wp-json\/wp\/v2\/users\/1"}],"replies":[{"embeddable":true,"href":"https:\/\/www.komponentyzlin.cz\/en\/wp-json\/wp\/v2\/comments?post=434"}],"version-history":[{"count":4,"href":"https:\/\/www.komponentyzlin.cz\/en\/wp-json\/wp\/v2\/pages\/434\/revisions"}],"predecessor-version":[{"id":641,"href":"https:\/\/www.komponentyzlin.cz\/en\/wp-json\/wp\/v2\/pages\/434\/revisions\/641"}],"up":[{"embeddable":true,"href":"https:\/\/www.komponentyzlin.cz\/en\/wp-json\/wp\/v2\/pages\/450"}],"wp:attachment":[{"href":"https:\/\/www.komponentyzlin.cz\/en\/wp-json\/wp\/v2\/media?parent=434"}],"curies":[{"name":"wp","href":"https:\/\/api.w.org\/{rel}","templated":true}]}}