{"id":1519,"date":"2021-03-11T10:42:20","date_gmt":"2021-03-11T09:42:20","guid":{"rendered":"https:\/\/www.komponentyzlin.cz\/?page_id=1519"},"modified":"2021-03-11T10:42:20","modified_gmt":"2021-03-11T09:42:20","slug":"storage-of-components","status":"publish","type":"page","link":"https:\/\/www.komponentyzlin.cz\/en\/storage-of-components\/","title":{"rendered":"Storage of components"},"content":{"rendered":"<ul>\n<li><a href=\"http:\/\/www.komponentyzlin.cz\/wp-content\/uploads\/2021\/03\/EVAC-plates.docx\">EVAC plates<\/a><\/li>\n<li><a href=\"http:\/\/www.komponentyzlin.cz\/wp-content\/uploads\/2021\/03\/Plastic-components.docx\">Plastic components<\/a><\/li>\n<li><a href=\"http:\/\/www.komponentyzlin.cz\/wp-content\/uploads\/2021\/03\/Rubber-plates.docx\">Rubber plates<\/a><\/li>\n<li><a href=\"http:\/\/www.komponentyzlin.cz\/wp-content\/uploads\/2021\/03\/Rubber-soles.docx\">Rubber soles<\/a><\/li>\n<li><a href=\"http:\/\/www.komponentyzlin.cz\/wp-content\/uploads\/2021\/03\/PUR-soles.docx\">PUR soles<\/a><\/li>\n<li><a href=\"http:\/\/www.komponentyzlin.cz\/wp-content\/uploads\/2021\/03\/TPE-soles.docx\">TPE soles<\/a><\/li>\n<\/ul>\n","protected":false},"excerpt":{"rendered":"<p>EVAC plates Plastic components Rubber plates Rubber soles PUR soles TPE soles<\/p>\n","protected":false},"author":1,"featured_media":0,"parent":0,"menu_order":0,"comment_status":"closed","ping_status":"closed","template":"","meta":{"footnotes":""},"class_list":["post-1519","page","type-page","status-publish","hentry"],"yoast_head":"<!-- This site is optimized with the Yoast SEO plugin v27.5 - https:\/\/yoast.com\/product\/yoast-seo-wordpress\/ -->\n<title>Storage of components - Komponentyzlin.cz<\/title>\n<meta name=\"robots\" content=\"index, follow, max-snippet:-1, max-image-preview:large, max-video-preview:-1\" \/>\n<link rel=\"canonical\" href=\"https:\/\/www.komponentyzlin.cz\/en\/storage-of-components\/\" \/>\n<meta property=\"og:locale\" content=\"en_US\" \/>\n<meta property=\"og:type\" content=\"article\" \/>\n<meta property=\"og:title\" content=\"Storage of components - Komponentyzlin.cz\" \/>\n<meta property=\"og:description\" content=\"EVAC plates Plastic components Rubber plates Rubber soles PUR soles TPE soles\" \/>\n<meta property=\"og:url\" content=\"https:\/\/www.komponentyzlin.cz\/en\/storage-of-components\/\" \/>\n<meta property=\"og:site_name\" content=\"Komponentyzlin.cz\" \/>\n<meta name=\"twitter:card\" content=\"summary_large_image\" \/>\n<meta name=\"twitter:label1\" content=\"Est. reading time\" \/>\n\t<meta name=\"twitter:data1\" content=\"1 minute\" \/>\n<script type=\"application\/ld+json\" class=\"yoast-schema-graph\">{\"@context\":\"https:\\\/\\\/schema.org\",\"@graph\":[{\"@type\":\"WebPage\",\"@id\":\"https:\\\/\\\/www.komponentyzlin.cz\\\/en\\\/storage-of-components\\\/\",\"url\":\"https:\\\/\\\/www.komponentyzlin.cz\\\/en\\\/storage-of-components\\\/\",\"name\":\"Storage of components - Komponentyzlin.cz\",\"isPartOf\":{\"@id\":\"https:\\\/\\\/www.komponentyzlin.cz\\\/#website\"},\"datePublished\":\"2021-03-11T09:42:20+00:00\",\"breadcrumb\":{\"@id\":\"https:\\\/\\\/www.komponentyzlin.cz\\\/en\\\/storage-of-components\\\/#breadcrumb\"},\"inLanguage\":\"en-US\",\"potentialAction\":[{\"@type\":\"ReadAction\",\"target\":[\"https:\\\/\\\/www.komponentyzlin.cz\\\/en\\\/storage-of-components\\\/\"]}]},{\"@type\":\"BreadcrumbList\",\"@id\":\"https:\\\/\\\/www.komponentyzlin.cz\\\/en\\\/storage-of-components\\\/#breadcrumb\",\"itemListElement\":[{\"@type\":\"ListItem\",\"position\":1,\"name\":\"Dom\u016f\",\"item\":\"https:\\\/\\\/www.komponentyzlin.cz\\\/en\\\/\"},{\"@type\":\"ListItem\",\"position\":2,\"name\":\"Storage of components\"}]},{\"@type\":\"WebSite\",\"@id\":\"https:\\\/\\\/www.komponentyzlin.cz\\\/#website\",\"url\":\"https:\\\/\\\/www.komponentyzlin.cz\\\/\",\"name\":\"Komponentyzlin.cz\",\"description\":\"Jsme \u010desk\u00fd v\u00fdrobce obuvnick\u00fdch komponent\u016f\",\"potentialAction\":[{\"@type\":\"SearchAction\",\"target\":{\"@type\":\"EntryPoint\",\"urlTemplate\":\"https:\\\/\\\/www.komponentyzlin.cz\\\/?s={search_term_string}\"},\"query-input\":{\"@type\":\"PropertyValueSpecification\",\"valueRequired\":true,\"valueName\":\"search_term_string\"}}],\"inLanguage\":\"en-US\"}]}<\/script>\n<!-- \/ Yoast SEO plugin. -->","yoast_head_json":{"title":"Storage of components - Komponentyzlin.cz","robots":{"index":"index","follow":"follow","max-snippet":"max-snippet:-1","max-image-preview":"max-image-preview:large","max-video-preview":"max-video-preview:-1"},"canonical":"https:\/\/www.komponentyzlin.cz\/en\/storage-of-components\/","og_locale":"en_US","og_type":"article","og_title":"Storage of components - Komponentyzlin.cz","og_description":"EVAC plates Plastic components Rubber plates Rubber soles PUR soles TPE soles","og_url":"https:\/\/www.komponentyzlin.cz\/en\/storage-of-components\/","og_site_name":"Komponentyzlin.cz","twitter_card":"summary_large_image","twitter_misc":{"Est. reading time":"1 minute"},"schema":{"@context":"https:\/\/schema.org","@graph":[{"@type":"WebPage","@id":"https:\/\/www.komponentyzlin.cz\/en\/storage-of-components\/","url":"https:\/\/www.komponentyzlin.cz\/en\/storage-of-components\/","name":"Storage of components - Komponentyzlin.cz","isPartOf":{"@id":"https:\/\/www.komponentyzlin.cz\/#website"},"datePublished":"2021-03-11T09:42:20+00:00","breadcrumb":{"@id":"https:\/\/www.komponentyzlin.cz\/en\/storage-of-components\/#breadcrumb"},"inLanguage":"en-US","potentialAction":[{"@type":"ReadAction","target":["https:\/\/www.komponentyzlin.cz\/en\/storage-of-components\/"]}]},{"@type":"BreadcrumbList","@id":"https:\/\/www.komponentyzlin.cz\/en\/storage-of-components\/#breadcrumb","itemListElement":[{"@type":"ListItem","position":1,"name":"Dom\u016f","item":"https:\/\/www.komponentyzlin.cz\/en\/"},{"@type":"ListItem","position":2,"name":"Storage of components"}]},{"@type":"WebSite","@id":"https:\/\/www.komponentyzlin.cz\/#website","url":"https:\/\/www.komponentyzlin.cz\/","name":"Komponentyzlin.cz","description":"Jsme \u010desk\u00fd v\u00fdrobce obuvnick\u00fdch komponent\u016f","potentialAction":[{"@type":"SearchAction","target":{"@type":"EntryPoint","urlTemplate":"https:\/\/www.komponentyzlin.cz\/?s={search_term_string}"},"query-input":{"@type":"PropertyValueSpecification","valueRequired":true,"valueName":"search_term_string"}}],"inLanguage":"en-US"}]}},"_links":{"self":[{"href":"https:\/\/www.komponentyzlin.cz\/en\/wp-json\/wp\/v2\/pages\/1519","targetHints":{"allow":["GET"]}}],"collection":[{"href":"https:\/\/www.komponentyzlin.cz\/en\/wp-json\/wp\/v2\/pages"}],"about":[{"href":"https:\/\/www.komponentyzlin.cz\/en\/wp-json\/wp\/v2\/types\/page"}],"author":[{"embeddable":true,"href":"https:\/\/www.komponentyzlin.cz\/en\/wp-json\/wp\/v2\/users\/1"}],"replies":[{"embeddable":true,"href":"https:\/\/www.komponentyzlin.cz\/en\/wp-json\/wp\/v2\/comments?post=1519"}],"version-history":[{"count":1,"href":"https:\/\/www.komponentyzlin.cz\/en\/wp-json\/wp\/v2\/pages\/1519\/revisions"}],"predecessor-version":[{"id":1538,"href":"https:\/\/www.komponentyzlin.cz\/en\/wp-json\/wp\/v2\/pages\/1519\/revisions\/1538"}],"wp:attachment":[{"href":"https:\/\/www.komponentyzlin.cz\/en\/wp-json\/wp\/v2\/media?parent=1519"}],"curies":[{"name":"wp","href":"https:\/\/api.w.org\/{rel}","templated":true}]}}