{"id":598,"date":"2016-06-22T13:34:05","date_gmt":"2016-06-22T12:34:05","guid":{"rendered":"http:\/\/www.komponentyzlin.cz\/de\/?page_id=598"},"modified":"2016-06-22T13:34:05","modified_gmt":"2016-06-22T12:34:05","slug":"pdf","status":"publish","type":"page","link":"https:\/\/www.komponentyzlin.cz\/de\/katalog\/pdf\/","title":{"rendered":"Kataloge im PDF"},"content":{"rendered":"<p><a href=\"http:\/\/www.komponentyzlin.cz\/wp-content\/uploads\/2016\/06\/sohlen-pur-gummi.pdf\" class=\"mtli_attachment mtli_pdf\">sohlen-pur-gummi<\/a><\/p>\n<p><a href=\"http:\/\/www.komponentyzlin.cz\/wp-content\/uploads\/2016\/06\/sohlen-pur.pdf\" class=\"mtli_attachment mtli_pdf\">sohlen-pur<\/a><\/p>\n<p><a href=\"http:\/\/www.komponentyzlin.cz\/wp-content\/uploads\/2016\/06\/sohlen-gummi.pdf\" class=\"mtli_attachment mtli_pdf\">sohlen-gummi<\/a><\/p>\n<p><a href=\"http:\/\/www.komponentyzlin.cz\/wp-content\/uploads\/2016\/06\/sohlen-evac.pdf\" class=\"mtli_attachment mtli_pdf\">sohlen-evac<\/a><\/p>\n<p><a href=\"http:\/\/www.komponentyzlin.cz\/wp-content\/uploads\/2016\/06\/schlaufen.pdf\" class=\"mtli_attachment mtli_pdf\">schlaufen<\/a><\/p>\n<p><a href=\"http:\/\/www.komponentyzlin.cz\/wp-content\/uploads\/2016\/06\/rahmen.pdf\" class=\"mtli_attachment mtli_pdf\">rahmen<\/a><\/p>\n<p><a href=\"http:\/\/www.komponentyzlin.cz\/wp-content\/uploads\/2016\/06\/platten.pdf\" class=\"mtli_attachment mtli_pdf\">platten<\/a><\/p>\n<p><a href=\"http:\/\/www.komponentyzlin.cz\/wp-content\/uploads\/2016\/06\/einfassbander.pdf\" class=\"mtli_attachment mtli_pdf\">einfassbander<\/a><\/p>\n<p><a href=\"http:\/\/www.komponentyzlin.cz\/wp-content\/uploads\/2016\/06\/deckflecke-halbsohlen.pdf\" class=\"mtli_attachment mtli_pdf\">deckflecke-halbsohlen<\/a><\/p>\n<p><a href=\"http:\/\/www.komponentyzlin.cz\/wp-content\/uploads\/2016\/06\/brandsohlen.pdf\" class=\"mtli_attachment mtli_pdf\">brandsohlen<\/a><\/p>\n<p><a href=\"http:\/\/www.komponentyzlin.cz\/wp-content\/uploads\/2016\/06\/verzierungen.pdf\" class=\"mtli_attachment mtli_pdf\">verzierungen<\/a><\/p>\n<p><a href=\"http:\/\/www.komponentyzlin.cz\/wp-content\/uploads\/2016\/06\/sohlen-zusammengelegte.pdf\" class=\"mtli_attachment mtli_pdf\">sohlen-zusammengelegte<\/a><\/p>\n<p><a href=\"http:\/\/www.komponentyzlin.cz\/wp-content\/uploads\/2016\/06\/sohlen-tpe.pdf\" class=\"mtli_attachment mtli_pdf\">sohlen-tpe<\/a><\/p>\n<p><a href=\"http:\/\/www.komponentyzlin.cz\/wp-content\/uploads\/2016\/06\/sohlen-pvc.pdf\" class=\"mtli_attachment mtli_pdf\">sohlen-pvc<\/a><\/p>\n","protected":false},"excerpt":{"rendered":"<p>sohlen-pur-gummi sohlen-pur sohlen-gummi sohlen-evac schlaufen rahmen platten einfassbander deckflecke-halbsohlen brandsohlen verzierungen sohlen-zusammengelegte sohlen-tpe sohlen-pvc<\/p>\n","protected":false},"author":1,"featured_media":0,"parent":451,"menu_order":0,"comment_status":"closed","ping_status":"closed","template":"","meta":{"footnotes":""},"class_list":["post-598","page","type-page","status-publish","hentry"],"yoast_head":"<!-- This site is optimized with the Yoast SEO plugin v27.4 - https:\/\/yoast.com\/product\/yoast-seo-wordpress\/ -->\n<title>Kataloge im PDF - Komponentyzlin.cz<\/title>\n<meta name=\"robots\" content=\"index, follow, max-snippet:-1, max-image-preview:large, max-video-preview:-1\" \/>\n<link rel=\"canonical\" href=\"https:\/\/www.komponentyzlin.cz\/de\/katalog\/pdf\/\" \/>\n<meta property=\"og:locale\" content=\"de_DE\" \/>\n<meta property=\"og:type\" content=\"article\" \/>\n<meta property=\"og:title\" content=\"Kataloge im PDF - Komponentyzlin.cz\" \/>\n<meta property=\"og:description\" content=\"sohlen-pur-gummi sohlen-pur sohlen-gummi sohlen-evac schlaufen rahmen platten einfassbander deckflecke-halbsohlen brandsohlen verzierungen sohlen-zusammengelegte sohlen-tpe sohlen-pvc\" \/>\n<meta property=\"og:url\" content=\"https:\/\/www.komponentyzlin.cz\/de\/katalog\/pdf\/\" \/>\n<meta property=\"og:site_name\" content=\"Komponentyzlin.cz\" \/>\n<meta name=\"twitter:card\" content=\"summary_large_image\" \/>\n<script type=\"application\/ld+json\" class=\"yoast-schema-graph\">{\"@context\":\"https:\\\/\\\/schema.org\",\"@graph\":[{\"@type\":\"WebPage\",\"@id\":\"https:\\\/\\\/www.komponentyzlin.cz\\\/de\\\/katalog\\\/pdf\\\/\",\"url\":\"https:\\\/\\\/www.komponentyzlin.cz\\\/de\\\/katalog\\\/pdf\\\/\",\"name\":\"Kataloge im PDF - Komponentyzlin.cz\",\"isPartOf\":{\"@id\":\"https:\\\/\\\/www.komponentyzlin.cz\\\/#website\"},\"datePublished\":\"2016-06-22T12:34:05+00:00\",\"breadcrumb\":{\"@id\":\"https:\\\/\\\/www.komponentyzlin.cz\\\/de\\\/katalog\\\/pdf\\\/#breadcrumb\"},\"inLanguage\":\"de\",\"potentialAction\":[{\"@type\":\"ReadAction\",\"target\":[\"https:\\\/\\\/www.komponentyzlin.cz\\\/de\\\/katalog\\\/pdf\\\/\"]}]},{\"@type\":\"BreadcrumbList\",\"@id\":\"https:\\\/\\\/www.komponentyzlin.cz\\\/de\\\/katalog\\\/pdf\\\/#breadcrumb\",\"itemListElement\":[{\"@type\":\"ListItem\",\"position\":1,\"name\":\"Dom\u016f\",\"item\":\"https:\\\/\\\/www.komponentyzlin.cz\\\/de\\\/\"},{\"@type\":\"ListItem\",\"position\":2,\"name\":\"Katalog\",\"item\":\"https:\\\/\\\/www.komponentyzlin.cz\\\/de\\\/katalog\\\/\"},{\"@type\":\"ListItem\",\"position\":3,\"name\":\"Kataloge im PDF\"}]},{\"@type\":\"WebSite\",\"@id\":\"https:\\\/\\\/www.komponentyzlin.cz\\\/#website\",\"url\":\"https:\\\/\\\/www.komponentyzlin.cz\\\/\",\"name\":\"Komponentyzlin.cz\",\"description\":\"Jsme \u010desk\u00fd v\u00fdrobce obuvnick\u00fdch komponent\u016f\",\"potentialAction\":[{\"@type\":\"SearchAction\",\"target\":{\"@type\":\"EntryPoint\",\"urlTemplate\":\"https:\\\/\\\/www.komponentyzlin.cz\\\/?s={search_term_string}\"},\"query-input\":{\"@type\":\"PropertyValueSpecification\",\"valueRequired\":true,\"valueName\":\"search_term_string\"}}],\"inLanguage\":\"de\"}]}<\/script>\n<!-- \/ Yoast SEO plugin. -->","yoast_head_json":{"title":"Kataloge im PDF - Komponentyzlin.cz","robots":{"index":"index","follow":"follow","max-snippet":"max-snippet:-1","max-image-preview":"max-image-preview:large","max-video-preview":"max-video-preview:-1"},"canonical":"https:\/\/www.komponentyzlin.cz\/de\/katalog\/pdf\/","og_locale":"de_DE","og_type":"article","og_title":"Kataloge im PDF - Komponentyzlin.cz","og_description":"sohlen-pur-gummi sohlen-pur sohlen-gummi sohlen-evac schlaufen rahmen platten einfassbander deckflecke-halbsohlen brandsohlen verzierungen sohlen-zusammengelegte sohlen-tpe sohlen-pvc","og_url":"https:\/\/www.komponentyzlin.cz\/de\/katalog\/pdf\/","og_site_name":"Komponentyzlin.cz","twitter_card":"summary_large_image","schema":{"@context":"https:\/\/schema.org","@graph":[{"@type":"WebPage","@id":"https:\/\/www.komponentyzlin.cz\/de\/katalog\/pdf\/","url":"https:\/\/www.komponentyzlin.cz\/de\/katalog\/pdf\/","name":"Kataloge im PDF - Komponentyzlin.cz","isPartOf":{"@id":"https:\/\/www.komponentyzlin.cz\/#website"},"datePublished":"2016-06-22T12:34:05+00:00","breadcrumb":{"@id":"https:\/\/www.komponentyzlin.cz\/de\/katalog\/pdf\/#breadcrumb"},"inLanguage":"de","potentialAction":[{"@type":"ReadAction","target":["https:\/\/www.komponentyzlin.cz\/de\/katalog\/pdf\/"]}]},{"@type":"BreadcrumbList","@id":"https:\/\/www.komponentyzlin.cz\/de\/katalog\/pdf\/#breadcrumb","itemListElement":[{"@type":"ListItem","position":1,"name":"Dom\u016f","item":"https:\/\/www.komponentyzlin.cz\/de\/"},{"@type":"ListItem","position":2,"name":"Katalog","item":"https:\/\/www.komponentyzlin.cz\/de\/katalog\/"},{"@type":"ListItem","position":3,"name":"Kataloge im PDF"}]},{"@type":"WebSite","@id":"https:\/\/www.komponentyzlin.cz\/#website","url":"https:\/\/www.komponentyzlin.cz\/","name":"Komponentyzlin.cz","description":"Jsme \u010desk\u00fd v\u00fdrobce obuvnick\u00fdch komponent\u016f","potentialAction":[{"@type":"SearchAction","target":{"@type":"EntryPoint","urlTemplate":"https:\/\/www.komponentyzlin.cz\/?s={search_term_string}"},"query-input":{"@type":"PropertyValueSpecification","valueRequired":true,"valueName":"search_term_string"}}],"inLanguage":"de"}]}},"_links":{"self":[{"href":"https:\/\/www.komponentyzlin.cz\/de\/wp-json\/wp\/v2\/pages\/598","targetHints":{"allow":["GET"]}}],"collection":[{"href":"https:\/\/www.komponentyzlin.cz\/de\/wp-json\/wp\/v2\/pages"}],"about":[{"href":"https:\/\/www.komponentyzlin.cz\/de\/wp-json\/wp\/v2\/types\/page"}],"author":[{"embeddable":true,"href":"https:\/\/www.komponentyzlin.cz\/de\/wp-json\/wp\/v2\/users\/1"}],"replies":[{"embeddable":true,"href":"https:\/\/www.komponentyzlin.cz\/de\/wp-json\/wp\/v2\/comments?post=598"}],"version-history":[{"count":1,"href":"https:\/\/www.komponentyzlin.cz\/de\/wp-json\/wp\/v2\/pages\/598\/revisions"}],"predecessor-version":[{"id":613,"href":"https:\/\/www.komponentyzlin.cz\/de\/wp-json\/wp\/v2\/pages\/598\/revisions\/613"}],"up":[{"embeddable":true,"href":"https:\/\/www.komponentyzlin.cz\/de\/wp-json\/wp\/v2\/pages\/451"}],"wp:attachment":[{"href":"https:\/\/www.komponentyzlin.cz\/de\/wp-json\/wp\/v2\/media?parent=598"}],"curies":[{"name":"wp","href":"https:\/\/api.w.org\/{rel}","templated":true}]}}