{"id":475,"date":"2016-05-25T17:59:59","date_gmt":"2016-05-25T16:59:59","guid":{"rendered":"http:\/\/www.komponentyzlin.cz\/de\/zkusebni-stranka\/"},"modified":"2016-07-27T19:05:14","modified_gmt":"2016-07-27T18:05:14","slug":"zkusebni-stranka","status":"publish","type":"page","link":"https:\/\/www.komponentyzlin.cz\/de\/","title":{"rendered":"Zuhause"},"content":{"rendered":"<div class=\"row \"><div class=\"col-lg-4 col-md-4 col-xs-12 col-sm-12\">\n<div class=\"rozcestnik-img rozcestnik_1 center-block\"><div class=\"vcenter\"><span class=\"fa fa-group\"><\/span><\/div><\/div><\/p>\n<h2><span style=\"font-size: 36px;\">Wer sind wir?<\/span><\/h2>\n<hr \/>\n<p>Unsere Gesellschaft ist der langj\u00e4hrige tschechische Hersteller von Schuhteilen und von anderen technischen Teilen.<\/p>\n<p>Die Gesellschaft KOMPONENTY ist die rein tschechische Gesellschaft ohne ausl\u00e4ndische Kapitalbeteiligung und s\u00e4mtliches Umfeld hat sich durch ihren Flei\u00df und durch ihr Herantreten an die Kunden gebildet.<\/p>\n<hr \/>\n<p><a class=\"btn btn-default btn-lg  \" href=\"http:\/\/www.komponentyzlin.cz\/o-nas\"  rel=\"\"  target=\"_self\">Mehr \u00fcber uns <i class=\"fa fa-angle-right\" ><\/i><\/a><\/p>\n<p><\/div>\n<div class=\"col-lg-4 col-md-4 col-xs-12 col-sm-12\">\n<div class=\"rozcestnik-img rozcestnik_2 center-block\"><div class=\"vcenter\"><span class=\"fa fa-check-circle\"><\/span><\/div><\/div><\/p>\n<h2><span style=\"font-size: 36px;\">Was erzeugen wir?<\/span><\/h2>\n<hr \/>\n<p>Die dominante Bedeutung stellt die Herstellung von Sohlen f\u00fcr das anspruchsvolle Gebiet des Sporttrekkings und die Herstellung von Sohlen f\u00fcr die Sicherheitsarbeitsschuhe dar.<\/p>\n<p>Das zweite ebenso wichtige Produktionsgebiet ist die Herstellung von fl\u00e4chenhaften Plattenmaterialien, die besonders in der Reparaturindustrie und in der Orthop\u00e4die verwendet werden.<\/p>\n<hr \/>\n<p><a class=\"btn btn-default btn-lg  \" href=\"http:\/\/www.komponentyzlin.cz\/katalog\/podesve\/\"  rel=\"\"  target=\"_self\">Katalog ansehen <i class=\"fa fa-angle-right\" ><\/i><\/a>\n<\/div>\n<div class=\"col-lg-4 col-md-4 col-xs-12 col-sm-12\">\n<div class=\"rozcestnik-img rozcestnik_3 center-block\"><div class=\"vcenter\"><span class=\"fa fa-globe\"><\/span><\/div><\/div><\/p>\n<h2><span style=\"font-size: 36px;\">F\u00fcr wen erzeugen wir?<\/span><\/h2>\n<hr \/>\n<p>Die Gesellschaft KOMPONENTY mit ihren Produkten hat ein Zutrauen bei den bedeutenden Schuhherstellern und Distributoren des Schuhmaterials nicht nur auf dem tschechischen, sondern auch \u00fcberwiegend auf dem europ\u00e4ischen Markt gewonnen.<\/p>\n<p>Wir sch\u00e4tzen jeden Partner und jedem Kunden wollen wir die professionelle Dienstleistung und den Service bieten.<\/p>\n<hr \/>\n<p><a class=\"btn btn-default btn-lg  \" href=\"\"  rel=\"\"  target=\"_self\">Mehr <i class=\"fa fa-angle-right\" ><\/i><\/a>\n<\/div>\n<\/div>\n<p>&nbsp;<\/p>\n","protected":false},"excerpt":{"rendered":"<p>&nbsp;<\/p>\n","protected":false},"author":1,"featured_media":0,"parent":0,"menu_order":0,"comment_status":"closed","ping_status":"open","template":"page-uvod.php","meta":{"footnotes":""},"class_list":["post-475","page","type-page","status-publish","hentry"],"yoast_head":"<!-- This site is optimized with the Yoast SEO plugin v27.5 - https:\/\/yoast.com\/product\/yoast-seo-wordpress\/ -->\n<title>Zuhause - Komponentyzlin.cz<\/title>\n<meta name=\"robots\" content=\"index, follow, max-snippet:-1, max-image-preview:large, max-video-preview:-1\" \/>\n<link rel=\"canonical\" href=\"https:\/\/www.komponentyzlin.cz\/de\/\" \/>\n<meta property=\"og:locale\" content=\"de_DE\" \/>\n<meta property=\"og:type\" content=\"article\" \/>\n<meta property=\"og:title\" content=\"Zuhause - Komponentyzlin.cz\" \/>\n<meta property=\"og:description\" content=\"&nbsp;\" \/>\n<meta property=\"og:url\" content=\"https:\/\/www.komponentyzlin.cz\/de\/\" \/>\n<meta property=\"og:site_name\" content=\"Komponentyzlin.cz\" \/>\n<meta property=\"article:modified_time\" content=\"2016-07-27T18:05:14+00:00\" \/>\n<meta name=\"twitter:card\" content=\"summary_large_image\" \/>\n<meta name=\"twitter:label1\" content=\"Gesch\u00e4tzte Lesezeit\" \/>\n\t<meta name=\"twitter:data1\" content=\"1\u00a0Minute\" \/>\n<script type=\"application\/ld+json\" class=\"yoast-schema-graph\">{\"@context\":\"https:\\\/\\\/schema.org\",\"@graph\":[{\"@type\":\"WebPage\",\"@id\":\"https:\\\/\\\/www.komponentyzlin.cz\\\/de\\\/\",\"url\":\"https:\\\/\\\/www.komponentyzlin.cz\\\/de\\\/\",\"name\":\"Zuhause - Komponentyzlin.cz\",\"isPartOf\":{\"@id\":\"https:\\\/\\\/www.komponentyzlin.cz\\\/#website\"},\"datePublished\":\"2016-05-25T16:59:59+00:00\",\"dateModified\":\"2016-07-27T18:05:14+00:00\",\"breadcrumb\":{\"@id\":\"https:\\\/\\\/www.komponentyzlin.cz\\\/de\\\/#breadcrumb\"},\"inLanguage\":\"de\",\"potentialAction\":[{\"@type\":\"ReadAction\",\"target\":[\"https:\\\/\\\/www.komponentyzlin.cz\\\/de\\\/\"]}]},{\"@type\":\"BreadcrumbList\",\"@id\":\"https:\\\/\\\/www.komponentyzlin.cz\\\/de\\\/#breadcrumb\",\"itemListElement\":[{\"@type\":\"ListItem\",\"position\":1,\"name\":\"Dom\u016f\",\"item\":\"https:\\\/\\\/www.komponentyzlin.cz\\\/de\\\/\"},{\"@type\":\"ListItem\",\"position\":2,\"name\":\"Zuhause\"}]},{\"@type\":\"WebSite\",\"@id\":\"https:\\\/\\\/www.komponentyzlin.cz\\\/#website\",\"url\":\"https:\\\/\\\/www.komponentyzlin.cz\\\/\",\"name\":\"Komponentyzlin.cz\",\"description\":\"Jsme \u010desk\u00fd v\u00fdrobce obuvnick\u00fdch komponent\u016f\",\"potentialAction\":[{\"@type\":\"SearchAction\",\"target\":{\"@type\":\"EntryPoint\",\"urlTemplate\":\"https:\\\/\\\/www.komponentyzlin.cz\\\/?s={search_term_string}\"},\"query-input\":{\"@type\":\"PropertyValueSpecification\",\"valueRequired\":true,\"valueName\":\"search_term_string\"}}],\"inLanguage\":\"de\"}]}<\/script>\n<!-- \/ Yoast SEO plugin. -->","yoast_head_json":{"title":"Zuhause - Komponentyzlin.cz","robots":{"index":"index","follow":"follow","max-snippet":"max-snippet:-1","max-image-preview":"max-image-preview:large","max-video-preview":"max-video-preview:-1"},"canonical":"https:\/\/www.komponentyzlin.cz\/de\/","og_locale":"de_DE","og_type":"article","og_title":"Zuhause - Komponentyzlin.cz","og_description":"&nbsp;","og_url":"https:\/\/www.komponentyzlin.cz\/de\/","og_site_name":"Komponentyzlin.cz","article_modified_time":"2016-07-27T18:05:14+00:00","twitter_card":"summary_large_image","twitter_misc":{"Gesch\u00e4tzte Lesezeit":"1\u00a0Minute"},"schema":{"@context":"https:\/\/schema.org","@graph":[{"@type":"WebPage","@id":"https:\/\/www.komponentyzlin.cz\/de\/","url":"https:\/\/www.komponentyzlin.cz\/de\/","name":"Zuhause - Komponentyzlin.cz","isPartOf":{"@id":"https:\/\/www.komponentyzlin.cz\/#website"},"datePublished":"2016-05-25T16:59:59+00:00","dateModified":"2016-07-27T18:05:14+00:00","breadcrumb":{"@id":"https:\/\/www.komponentyzlin.cz\/de\/#breadcrumb"},"inLanguage":"de","potentialAction":[{"@type":"ReadAction","target":["https:\/\/www.komponentyzlin.cz\/de\/"]}]},{"@type":"BreadcrumbList","@id":"https:\/\/www.komponentyzlin.cz\/de\/#breadcrumb","itemListElement":[{"@type":"ListItem","position":1,"name":"Dom\u016f","item":"https:\/\/www.komponentyzlin.cz\/de\/"},{"@type":"ListItem","position":2,"name":"Zuhause"}]},{"@type":"WebSite","@id":"https:\/\/www.komponentyzlin.cz\/#website","url":"https:\/\/www.komponentyzlin.cz\/","name":"Komponentyzlin.cz","description":"Jsme \u010desk\u00fd v\u00fdrobce obuvnick\u00fdch komponent\u016f","potentialAction":[{"@type":"SearchAction","target":{"@type":"EntryPoint","urlTemplate":"https:\/\/www.komponentyzlin.cz\/?s={search_term_string}"},"query-input":{"@type":"PropertyValueSpecification","valueRequired":true,"valueName":"search_term_string"}}],"inLanguage":"de"}]}},"_links":{"self":[{"href":"https:\/\/www.komponentyzlin.cz\/de\/wp-json\/wp\/v2\/pages\/475","targetHints":{"allow":["GET"]}}],"collection":[{"href":"https:\/\/www.komponentyzlin.cz\/de\/wp-json\/wp\/v2\/pages"}],"about":[{"href":"https:\/\/www.komponentyzlin.cz\/de\/wp-json\/wp\/v2\/types\/page"}],"author":[{"embeddable":true,"href":"https:\/\/www.komponentyzlin.cz\/de\/wp-json\/wp\/v2\/users\/1"}],"replies":[{"embeddable":true,"href":"https:\/\/www.komponentyzlin.cz\/de\/wp-json\/wp\/v2\/comments?post=475"}],"version-history":[{"count":3,"href":"https:\/\/www.komponentyzlin.cz\/de\/wp-json\/wp\/v2\/pages\/475\/revisions"}],"predecessor-version":[{"id":647,"href":"https:\/\/www.komponentyzlin.cz\/de\/wp-json\/wp\/v2\/pages\/475\/revisions\/647"}],"wp:attachment":[{"href":"https:\/\/www.komponentyzlin.cz\/de\/wp-json\/wp\/v2\/media?parent=475"}],"curies":[{"name":"wp","href":"https:\/\/api.w.org\/{rel}","templated":true}]}}