{"id":461,"date":"2016-06-19T13:38:24","date_gmt":"2016-06-19T12:38:24","guid":{"rendered":"http:\/\/www.komponentyzlin.cz\/de\/?page_id=461"},"modified":"2023-10-02T07:59:43","modified_gmt":"2023-10-02T06:59:43","slug":"zertifikate","status":"publish","type":"page","link":"https:\/\/www.komponentyzlin.cz\/de\/zertifikate\/","title":{"rendered":"Zertifikate"},"content":{"rendered":"<div class=\"row \"><div class=\"col-lg-6 col-md-6 col-xs-12 col-sm-12\"><\/p>\n<p><img loading=\"lazy\" decoding=\"async\" class=\"aligncenter size-large wp-image-1595\" src=\"http:\/\/www.komponentyzlin.cz\/wp-content\/uploads\/2023\/09\/Certifikat-kvality-CZ_1-712x1024.jpg\" alt=\"\" width=\"712\" height=\"1024\" srcset=\"https:\/\/www.komponentyzlin.cz\/wp-content\/uploads\/2023\/09\/Certifikat-kvality-CZ_1-712x1024.jpg 712w, https:\/\/www.komponentyzlin.cz\/wp-content\/uploads\/2023\/09\/Certifikat-kvality-CZ_1-208x300.jpg 208w, https:\/\/www.komponentyzlin.cz\/wp-content\/uploads\/2023\/09\/Certifikat-kvality-CZ_1-768x1105.jpg 768w, https:\/\/www.komponentyzlin.cz\/wp-content\/uploads\/2023\/09\/Certifikat-kvality-CZ_1-750x1079.jpg 750w, https:\/\/www.komponentyzlin.cz\/wp-content\/uploads\/2023\/09\/Certifikat-kvality-CZ_1.jpg 1000w\" sizes=\"auto, (max-width: 712px) 100vw, 712px\" \/><\/p>\n<p><\/div>\n<div class=\"col-lg-6 col-md-6 col-xs-12 col-sm-12\"><\/p>\n<p><img loading=\"lazy\" decoding=\"async\" class=\"aligncenter size-large wp-image-1600\" src=\"http:\/\/www.komponentyzlin.cz\/wp-content\/uploads\/2023\/09\/Certifikat-kvality-EN-712x1024.jpg\" alt=\"\" width=\"712\" height=\"1024\" srcset=\"https:\/\/www.komponentyzlin.cz\/wp-content\/uploads\/2023\/09\/Certifikat-kvality-EN-712x1024.jpg 712w, https:\/\/www.komponentyzlin.cz\/wp-content\/uploads\/2023\/09\/Certifikat-kvality-EN-208x300.jpg 208w, https:\/\/www.komponentyzlin.cz\/wp-content\/uploads\/2023\/09\/Certifikat-kvality-EN-768x1105.jpg 768w, https:\/\/www.komponentyzlin.cz\/wp-content\/uploads\/2023\/09\/Certifikat-kvality-EN-750x1079.jpg 750w, https:\/\/www.komponentyzlin.cz\/wp-content\/uploads\/2023\/09\/Certifikat-kvality-EN.jpg 1000w\" sizes=\"auto, (max-width: 712px) 100vw, 712px\" \/><a href=\"http:\/\/www.komponentyzlin.cz\/wp-content\/uploads\/2023\/09\/Certifikat-kvality-EN_1.pdf\" class=\"mtli_attachment mtli_pdf\"><br \/>\n<\/a><\/div>\n<\/div>\n<p>&nbsp;<\/p>\n<p>&nbsp;<\/p>\n<p>&nbsp;<\/p>\n","protected":false},"excerpt":{"rendered":"<p>&nbsp; &nbsp; &nbsp;<\/p>\n","protected":false},"author":1,"featured_media":0,"parent":0,"menu_order":0,"comment_status":"closed","ping_status":"closed","template":"","meta":{"footnotes":""},"class_list":["post-461","page","type-page","status-publish","hentry"],"yoast_head":"<!-- This site is optimized with the Yoast SEO plugin v27.4 - https:\/\/yoast.com\/product\/yoast-seo-wordpress\/ -->\n<title>Zertifikate - Komponentyzlin.cz<\/title>\n<meta name=\"robots\" content=\"index, follow, max-snippet:-1, max-image-preview:large, max-video-preview:-1\" \/>\n<link rel=\"canonical\" href=\"https:\/\/www.komponentyzlin.cz\/de\/zertifikate\/\" \/>\n<meta property=\"og:locale\" content=\"de_DE\" \/>\n<meta property=\"og:type\" content=\"article\" \/>\n<meta property=\"og:title\" content=\"Zertifikate - Komponentyzlin.cz\" \/>\n<meta property=\"og:description\" content=\"&nbsp; &nbsp; &nbsp;\" \/>\n<meta property=\"og:url\" content=\"https:\/\/www.komponentyzlin.cz\/de\/zertifikate\/\" \/>\n<meta property=\"og:site_name\" content=\"Komponentyzlin.cz\" \/>\n<meta property=\"article:modified_time\" content=\"2023-10-02T06:59:43+00:00\" \/>\n<meta property=\"og:image\" content=\"http:\/\/www.komponentyzlin.cz\/wp-content\/uploads\/2023\/09\/Certifikat-kvality-CZ_1-712x1024.jpg\" \/>\n<meta name=\"twitter:card\" content=\"summary_large_image\" \/>\n<meta name=\"twitter:label1\" content=\"Gesch\u00e4tzte Lesezeit\" \/>\n\t<meta name=\"twitter:data1\" content=\"1\u00a0Minute\" \/>\n<script type=\"application\/ld+json\" class=\"yoast-schema-graph\">{\"@context\":\"https:\\\/\\\/schema.org\",\"@graph\":[{\"@type\":\"WebPage\",\"@id\":\"https:\\\/\\\/www.komponentyzlin.cz\\\/de\\\/zertifikate\\\/\",\"url\":\"https:\\\/\\\/www.komponentyzlin.cz\\\/de\\\/zertifikate\\\/\",\"name\":\"Zertifikate - Komponentyzlin.cz\",\"isPartOf\":{\"@id\":\"https:\\\/\\\/www.komponentyzlin.cz\\\/#website\"},\"primaryImageOfPage\":{\"@id\":\"https:\\\/\\\/www.komponentyzlin.cz\\\/de\\\/zertifikate\\\/#primaryimage\"},\"image\":{\"@id\":\"https:\\\/\\\/www.komponentyzlin.cz\\\/de\\\/zertifikate\\\/#primaryimage\"},\"thumbnailUrl\":\"http:\\\/\\\/www.komponentyzlin.cz\\\/wp-content\\\/uploads\\\/2023\\\/09\\\/Certifikat-kvality-CZ_1-712x1024.jpg\",\"datePublished\":\"2016-06-19T12:38:24+00:00\",\"dateModified\":\"2023-10-02T06:59:43+00:00\",\"breadcrumb\":{\"@id\":\"https:\\\/\\\/www.komponentyzlin.cz\\\/de\\\/zertifikate\\\/#breadcrumb\"},\"inLanguage\":\"de\",\"potentialAction\":[{\"@type\":\"ReadAction\",\"target\":[\"https:\\\/\\\/www.komponentyzlin.cz\\\/de\\\/zertifikate\\\/\"]}]},{\"@type\":\"ImageObject\",\"inLanguage\":\"de\",\"@id\":\"https:\\\/\\\/www.komponentyzlin.cz\\\/de\\\/zertifikate\\\/#primaryimage\",\"url\":\"http:\\\/\\\/www.komponentyzlin.cz\\\/wp-content\\\/uploads\\\/2023\\\/09\\\/Certifikat-kvality-CZ_1-712x1024.jpg\",\"contentUrl\":\"http:\\\/\\\/www.komponentyzlin.cz\\\/wp-content\\\/uploads\\\/2023\\\/09\\\/Certifikat-kvality-CZ_1-712x1024.jpg\"},{\"@type\":\"BreadcrumbList\",\"@id\":\"https:\\\/\\\/www.komponentyzlin.cz\\\/de\\\/zertifikate\\\/#breadcrumb\",\"itemListElement\":[{\"@type\":\"ListItem\",\"position\":1,\"name\":\"Dom\u016f\",\"item\":\"https:\\\/\\\/www.komponentyzlin.cz\\\/de\\\/\"},{\"@type\":\"ListItem\",\"position\":2,\"name\":\"Zertifikate\"}]},{\"@type\":\"WebSite\",\"@id\":\"https:\\\/\\\/www.komponentyzlin.cz\\\/#website\",\"url\":\"https:\\\/\\\/www.komponentyzlin.cz\\\/\",\"name\":\"Komponentyzlin.cz\",\"description\":\"Jsme \u010desk\u00fd v\u00fdrobce obuvnick\u00fdch komponent\u016f\",\"potentialAction\":[{\"@type\":\"SearchAction\",\"target\":{\"@type\":\"EntryPoint\",\"urlTemplate\":\"https:\\\/\\\/www.komponentyzlin.cz\\\/?s={search_term_string}\"},\"query-input\":{\"@type\":\"PropertyValueSpecification\",\"valueRequired\":true,\"valueName\":\"search_term_string\"}}],\"inLanguage\":\"de\"}]}<\/script>\n<!-- \/ Yoast SEO plugin. -->","yoast_head_json":{"title":"Zertifikate - Komponentyzlin.cz","robots":{"index":"index","follow":"follow","max-snippet":"max-snippet:-1","max-image-preview":"max-image-preview:large","max-video-preview":"max-video-preview:-1"},"canonical":"https:\/\/www.komponentyzlin.cz\/de\/zertifikate\/","og_locale":"de_DE","og_type":"article","og_title":"Zertifikate - Komponentyzlin.cz","og_description":"&nbsp; &nbsp; &nbsp;","og_url":"https:\/\/www.komponentyzlin.cz\/de\/zertifikate\/","og_site_name":"Komponentyzlin.cz","article_modified_time":"2023-10-02T06:59:43+00:00","og_image":[{"url":"http:\/\/www.komponentyzlin.cz\/wp-content\/uploads\/2023\/09\/Certifikat-kvality-CZ_1-712x1024.jpg","type":"","width":"","height":""}],"twitter_card":"summary_large_image","twitter_misc":{"Gesch\u00e4tzte Lesezeit":"1\u00a0Minute"},"schema":{"@context":"https:\/\/schema.org","@graph":[{"@type":"WebPage","@id":"https:\/\/www.komponentyzlin.cz\/de\/zertifikate\/","url":"https:\/\/www.komponentyzlin.cz\/de\/zertifikate\/","name":"Zertifikate - Komponentyzlin.cz","isPartOf":{"@id":"https:\/\/www.komponentyzlin.cz\/#website"},"primaryImageOfPage":{"@id":"https:\/\/www.komponentyzlin.cz\/de\/zertifikate\/#primaryimage"},"image":{"@id":"https:\/\/www.komponentyzlin.cz\/de\/zertifikate\/#primaryimage"},"thumbnailUrl":"http:\/\/www.komponentyzlin.cz\/wp-content\/uploads\/2023\/09\/Certifikat-kvality-CZ_1-712x1024.jpg","datePublished":"2016-06-19T12:38:24+00:00","dateModified":"2023-10-02T06:59:43+00:00","breadcrumb":{"@id":"https:\/\/www.komponentyzlin.cz\/de\/zertifikate\/#breadcrumb"},"inLanguage":"de","potentialAction":[{"@type":"ReadAction","target":["https:\/\/www.komponentyzlin.cz\/de\/zertifikate\/"]}]},{"@type":"ImageObject","inLanguage":"de","@id":"https:\/\/www.komponentyzlin.cz\/de\/zertifikate\/#primaryimage","url":"http:\/\/www.komponentyzlin.cz\/wp-content\/uploads\/2023\/09\/Certifikat-kvality-CZ_1-712x1024.jpg","contentUrl":"http:\/\/www.komponentyzlin.cz\/wp-content\/uploads\/2023\/09\/Certifikat-kvality-CZ_1-712x1024.jpg"},{"@type":"BreadcrumbList","@id":"https:\/\/www.komponentyzlin.cz\/de\/zertifikate\/#breadcrumb","itemListElement":[{"@type":"ListItem","position":1,"name":"Dom\u016f","item":"https:\/\/www.komponentyzlin.cz\/de\/"},{"@type":"ListItem","position":2,"name":"Zertifikate"}]},{"@type":"WebSite","@id":"https:\/\/www.komponentyzlin.cz\/#website","url":"https:\/\/www.komponentyzlin.cz\/","name":"Komponentyzlin.cz","description":"Jsme \u010desk\u00fd v\u00fdrobce obuvnick\u00fdch komponent\u016f","potentialAction":[{"@type":"SearchAction","target":{"@type":"EntryPoint","urlTemplate":"https:\/\/www.komponentyzlin.cz\/?s={search_term_string}"},"query-input":{"@type":"PropertyValueSpecification","valueRequired":true,"valueName":"search_term_string"}}],"inLanguage":"de"}]}},"_links":{"self":[{"href":"https:\/\/www.komponentyzlin.cz\/de\/wp-json\/wp\/v2\/pages\/461","targetHints":{"allow":["GET"]}}],"collection":[{"href":"https:\/\/www.komponentyzlin.cz\/de\/wp-json\/wp\/v2\/pages"}],"about":[{"href":"https:\/\/www.komponentyzlin.cz\/de\/wp-json\/wp\/v2\/types\/page"}],"author":[{"embeddable":true,"href":"https:\/\/www.komponentyzlin.cz\/de\/wp-json\/wp\/v2\/users\/1"}],"replies":[{"embeddable":true,"href":"https:\/\/www.komponentyzlin.cz\/de\/wp-json\/wp\/v2\/comments?post=461"}],"version-history":[{"count":5,"href":"https:\/\/www.komponentyzlin.cz\/de\/wp-json\/wp\/v2\/pages\/461\/revisions"}],"predecessor-version":[{"id":1610,"href":"https:\/\/www.komponentyzlin.cz\/de\/wp-json\/wp\/v2\/pages\/461\/revisions\/1610"}],"wp:attachment":[{"href":"https:\/\/www.komponentyzlin.cz\/de\/wp-json\/wp\/v2\/media?parent=461"}],"curies":[{"name":"wp","href":"https:\/\/api.w.org\/{rel}","templated":true}]}}