{"id":457,"date":"2016-06-19T13:36:53","date_gmt":"2016-06-19T12:36:53","guid":{"rendered":"http:\/\/www.komponentyzlin.cz\/de\/?page_id=457"},"modified":"2016-06-19T13:36:53","modified_gmt":"2016-06-19T12:36:53","slug":"firmenprofil","status":"publish","type":"page","link":"https:\/\/www.komponentyzlin.cz\/de\/firmenprofil\/","title":{"rendered":"Firmenprofil"},"content":{"rendered":"<p><img loading=\"lazy\" decoding=\"async\" class=\"aligncenter wp-image-425 size-full\" src=\"http:\/\/www.komponentyzlin.cz\/wp-content\/uploads\/2016\/06\/IMG_1126-e1466159650753.jpg\" alt=\"IMG_1126\" width=\"1500\" height=\"566\" srcset=\"https:\/\/www.komponentyzlin.cz\/wp-content\/uploads\/2016\/06\/IMG_1126-e1466159650753.jpg 1500w, https:\/\/www.komponentyzlin.cz\/wp-content\/uploads\/2016\/06\/IMG_1126-e1466159650753-300x113.jpg 300w, https:\/\/www.komponentyzlin.cz\/wp-content\/uploads\/2016\/06\/IMG_1126-e1466159650753-768x290.jpg 768w, https:\/\/www.komponentyzlin.cz\/wp-content\/uploads\/2016\/06\/IMG_1126-e1466159650753-1024x386.jpg 1024w, https:\/\/www.komponentyzlin.cz\/wp-content\/uploads\/2016\/06\/IMG_1126-e1466159650753-750x283.jpg 750w\" sizes=\"auto, (max-width: 1500px) 100vw, 1500px\" \/><\/p>\n<hr \/>\n<div class=\"row \"><div class=\"col-lg-6 col-md-6 col-xs-12 col-sm-12\">\nDie Gesellschaft KOMPONENTY, a.s. ZL\u00cdN hat eine langj\u00e4hrige Tradition und Erfahrungen mit der Entwicklung, Herstellung und mit dem Verkauf von Komponenten und zwar nicht nur f\u00fcr die Schuhherstellung. Sie bietet eine breite Auswahl der Erzeugnisse von Gummisohlen und Abs\u00e4tzen bis zu kompakten und Schaumgummiplatten, Gummimischungen, Chemikalien f\u00fcr die Schuhindustrie und Rohstoffe f\u00fcr die Gummiherstellung, Sohlen aus PU-, TPE-, PVC- und EVA-Materialien, Einlegesohlen mit verschiedenen Gebrauchseigenschaften, Gummi- und Kunststoffteilen vom Nichtschuhmachercharakter, Erzeugnisse aus technischem Gummi, Erzeugnisse f\u00fcr die Automobilindustrie usw. an. Bei der Herstellung von Komponenten werden verschiedene Produktionstechnologien wie z.B. Formpressen, Spritzgie\u00dfen, Gie\u00dfen usw. verwendet.<\/div>\n<div class=\"col-lg-6 col-md-6 col-xs-12 col-sm-12\">\n<img loading=\"lazy\" decoding=\"async\" class=\"wp-image-427 size-large alignnone\" src=\"http:\/\/www.komponentyzlin.cz\/wp-content\/uploads\/2016\/06\/IMG_1129-e1466159681166-1024x547.jpg\" alt=\"IMG_1129\" width=\"1024\" height=\"547\" srcset=\"https:\/\/www.komponentyzlin.cz\/wp-content\/uploads\/2016\/06\/IMG_1129-e1466159681166-1024x547.jpg 1024w, https:\/\/www.komponentyzlin.cz\/wp-content\/uploads\/2016\/06\/IMG_1129-e1466159681166-300x160.jpg 300w, https:\/\/www.komponentyzlin.cz\/wp-content\/uploads\/2016\/06\/IMG_1129-e1466159681166-768x411.jpg 768w, https:\/\/www.komponentyzlin.cz\/wp-content\/uploads\/2016\/06\/IMG_1129-e1466159681166-750x400.jpg 750w, https:\/\/www.komponentyzlin.cz\/wp-content\/uploads\/2016\/06\/IMG_1129-e1466159681166.jpg 1500w\" sizes=\"auto, (max-width: 1024px) 100vw, 1024px\" \/><\/div>\n<\/div>\n<hr \/>\n<div class=\"row \"><div class=\"col-lg-6 col-md-6 col-xs-12 col-sm-12\"><\/p>\n<p><img loading=\"lazy\" decoding=\"async\" class=\"wp-image-426 size-large alignnone\" src=\"http:\/\/www.komponentyzlin.cz\/wp-content\/uploads\/2016\/06\/IMG_1135-1024x683.jpg\" alt=\"IMG_1135\" width=\"1024\" height=\"683\" srcset=\"https:\/\/www.komponentyzlin.cz\/wp-content\/uploads\/2016\/06\/IMG_1135-1024x683.jpg 1024w, https:\/\/www.komponentyzlin.cz\/wp-content\/uploads\/2016\/06\/IMG_1135-300x200.jpg 300w, https:\/\/www.komponentyzlin.cz\/wp-content\/uploads\/2016\/06\/IMG_1135-768x512.jpg 768w, https:\/\/www.komponentyzlin.cz\/wp-content\/uploads\/2016\/06\/IMG_1135-750x500.jpg 750w, https:\/\/www.komponentyzlin.cz\/wp-content\/uploads\/2016\/06\/IMG_1135.jpg 1500w\" sizes=\"auto, (max-width: 1024px) 100vw, 1024px\" \/><\/div>\n<div class=\"col-lg-6 col-md-6 col-xs-12 col-sm-12\"><\/p>\n<p>Die Gesellschaft sichert eine komplexe Vorproduktionsvorbereitung, Verarbeitung der technischen Dokumentation, Vorbereitung von Modellen und Werkzeugen nach dem Wunsch des Kunden. Die Tradition der Herstellung von Komponenten stammt aus dem Jahre 1894, wenn Geschwister Ba\u0165a in Zl\u00edn die Gesellschaft f\u00fcr die Schuhherstellung gr\u00fcnden. Mit der Entwicklung und Erh\u00f6hung der Schuhherstellung erh\u00f6hte sich auch der Anteil der Herstellung von Komponenten. In den 30. Jahren des 20. Jahrhunderts war die Gesellschaft in damaliger Tschechoslowakei schon der gr\u00f6\u00dfte Hersteller von Komponenten f\u00fcr die Schuhherstellung. Der Herstellungsaufschwung hat auch nach dem zweiten Weltkrieg fortgesetzt, wenn die Gesellschaft nationalisiert wurde und ihre Erzeugnisse die Marke Svit trugen. Durch die Restrukturierung der Firma Svit a.s. entsteht im Jahre 1998 eine Gesellschaft mit dieser Herstellungsrichtung unter der Handelsname KOMPONENTY, a.s. ZL\u00cdN.<\/p>\n<p><\/div>\n<\/div>\n<hr \/>\n<div class=\"row \"><div class=\"col-lg-6 col-md-6 col-xs-12 col-sm-12\"><\/p>\n<p>Die neuen Produktionsprogramme, die schon eingef\u00fchrt sind, sind auf die Lieferungen der speziellen Erzeugnisse f\u00fcr die Armee, Trecking, Sport, Orthop\u00e4die und f\u00fcr eine Reihe weiterer Richtungen orientiert. Unsere Gesellschaft sorgt f\u00fcr hohe Qualit\u00e4t in der Produktionssteuerung und h\u00e4lt alle systematischen und technologischen Herstellungsverfahren ein. Die Herstellungsqualit\u00e4t wird durchg\u00e4ngig kontrolliert.<\/p>\n<p>Bei der Gesellschaft KOMPONENTY, a.s. ZL\u00cdN wurde das von der Gesellschaft LRQA Ltd. zertifizierte Qualit\u00e4tssystem laut \u010cSN EN ISO 9001 eingef\u00fchrt.<\/p>\n<p><\/div>\n<div class=\"col-lg-6 col-md-6 col-xs-12 col-sm-12\">\n<img loading=\"lazy\" decoding=\"async\" class=\"size-large wp-image-428 alignnone\" src=\"http:\/\/www.komponentyzlin.cz\/wp-content\/uploads\/2016\/06\/IMG_1137-1024x683.jpg\" alt=\"IMG_1137\" width=\"1024\" height=\"683\" srcset=\"https:\/\/www.komponentyzlin.cz\/wp-content\/uploads\/2016\/06\/IMG_1137-1024x683.jpg 1024w, https:\/\/www.komponentyzlin.cz\/wp-content\/uploads\/2016\/06\/IMG_1137-300x200.jpg 300w, https:\/\/www.komponentyzlin.cz\/wp-content\/uploads\/2016\/06\/IMG_1137-768x512.jpg 768w, https:\/\/www.komponentyzlin.cz\/wp-content\/uploads\/2016\/06\/IMG_1137-750x500.jpg 750w, https:\/\/www.komponentyzlin.cz\/wp-content\/uploads\/2016\/06\/IMG_1137.jpg 1500w\" sizes=\"auto, (max-width: 1024px) 100vw, 1024px\" \/><\/div>\n<\/div>\n<p>&nbsp;<\/p>\n<p>&nbsp;<\/p>\n<p>&nbsp;<\/p>\n","protected":false},"excerpt":{"rendered":"<p>&nbsp; &nbsp; &nbsp;<\/p>\n","protected":false},"author":1,"featured_media":0,"parent":0,"menu_order":0,"comment_status":"closed","ping_status":"closed","template":"","meta":{"footnotes":""},"class_list":["post-457","page","type-page","status-publish","hentry"],"yoast_head":"<!-- This site is optimized with the Yoast SEO plugin v27.5 - https:\/\/yoast.com\/product\/yoast-seo-wordpress\/ -->\n<title>Firmenprofil - Komponentyzlin.cz<\/title>\n<meta name=\"robots\" content=\"index, follow, max-snippet:-1, max-image-preview:large, max-video-preview:-1\" \/>\n<link rel=\"canonical\" href=\"https:\/\/www.komponentyzlin.cz\/de\/firmenprofil\/\" \/>\n<meta property=\"og:locale\" content=\"de_DE\" \/>\n<meta property=\"og:type\" content=\"article\" \/>\n<meta property=\"og:title\" content=\"Firmenprofil - Komponentyzlin.cz\" \/>\n<meta property=\"og:description\" content=\"&nbsp; &nbsp; &nbsp;\" \/>\n<meta property=\"og:url\" content=\"https:\/\/www.komponentyzlin.cz\/de\/firmenprofil\/\" \/>\n<meta property=\"og:site_name\" content=\"Komponentyzlin.cz\" \/>\n<meta property=\"og:image\" content=\"http:\/\/www.komponentyzlin.cz\/wp-content\/uploads\/2016\/06\/IMG_1126-e1466159650753.jpg\" \/>\n<meta name=\"twitter:card\" content=\"summary_large_image\" \/>\n<meta name=\"twitter:label1\" content=\"Gesch\u00e4tzte Lesezeit\" \/>\n\t<meta name=\"twitter:data1\" content=\"2\u00a0Minuten\" \/>\n<script type=\"application\/ld+json\" class=\"yoast-schema-graph\">{\"@context\":\"https:\\\/\\\/schema.org\",\"@graph\":[{\"@type\":\"WebPage\",\"@id\":\"https:\\\/\\\/www.komponentyzlin.cz\\\/de\\\/firmenprofil\\\/\",\"url\":\"https:\\\/\\\/www.komponentyzlin.cz\\\/de\\\/firmenprofil\\\/\",\"name\":\"Firmenprofil - Komponentyzlin.cz\",\"isPartOf\":{\"@id\":\"https:\\\/\\\/www.komponentyzlin.cz\\\/#website\"},\"primaryImageOfPage\":{\"@id\":\"https:\\\/\\\/www.komponentyzlin.cz\\\/de\\\/firmenprofil\\\/#primaryimage\"},\"image\":{\"@id\":\"https:\\\/\\\/www.komponentyzlin.cz\\\/de\\\/firmenprofil\\\/#primaryimage\"},\"thumbnailUrl\":\"http:\\\/\\\/www.komponentyzlin.cz\\\/wp-content\\\/uploads\\\/2016\\\/06\\\/IMG_1126-e1466159650753.jpg\",\"datePublished\":\"2016-06-19T12:36:53+00:00\",\"breadcrumb\":{\"@id\":\"https:\\\/\\\/www.komponentyzlin.cz\\\/de\\\/firmenprofil\\\/#breadcrumb\"},\"inLanguage\":\"de\",\"potentialAction\":[{\"@type\":\"ReadAction\",\"target\":[\"https:\\\/\\\/www.komponentyzlin.cz\\\/de\\\/firmenprofil\\\/\"]}]},{\"@type\":\"ImageObject\",\"inLanguage\":\"de\",\"@id\":\"https:\\\/\\\/www.komponentyzlin.cz\\\/de\\\/firmenprofil\\\/#primaryimage\",\"url\":\"http:\\\/\\\/www.komponentyzlin.cz\\\/wp-content\\\/uploads\\\/2016\\\/06\\\/IMG_1126-e1466159650753.jpg\",\"contentUrl\":\"http:\\\/\\\/www.komponentyzlin.cz\\\/wp-content\\\/uploads\\\/2016\\\/06\\\/IMG_1126-e1466159650753.jpg\"},{\"@type\":\"BreadcrumbList\",\"@id\":\"https:\\\/\\\/www.komponentyzlin.cz\\\/de\\\/firmenprofil\\\/#breadcrumb\",\"itemListElement\":[{\"@type\":\"ListItem\",\"position\":1,\"name\":\"Dom\u016f\",\"item\":\"https:\\\/\\\/www.komponentyzlin.cz\\\/de\\\/\"},{\"@type\":\"ListItem\",\"position\":2,\"name\":\"Firmenprofil\"}]},{\"@type\":\"WebSite\",\"@id\":\"https:\\\/\\\/www.komponentyzlin.cz\\\/#website\",\"url\":\"https:\\\/\\\/www.komponentyzlin.cz\\\/\",\"name\":\"Komponentyzlin.cz\",\"description\":\"Jsme \u010desk\u00fd v\u00fdrobce obuvnick\u00fdch komponent\u016f\",\"potentialAction\":[{\"@type\":\"SearchAction\",\"target\":{\"@type\":\"EntryPoint\",\"urlTemplate\":\"https:\\\/\\\/www.komponentyzlin.cz\\\/?s={search_term_string}\"},\"query-input\":{\"@type\":\"PropertyValueSpecification\",\"valueRequired\":true,\"valueName\":\"search_term_string\"}}],\"inLanguage\":\"de\"}]}<\/script>\n<!-- \/ Yoast SEO plugin. -->","yoast_head_json":{"title":"Firmenprofil - Komponentyzlin.cz","robots":{"index":"index","follow":"follow","max-snippet":"max-snippet:-1","max-image-preview":"max-image-preview:large","max-video-preview":"max-video-preview:-1"},"canonical":"https:\/\/www.komponentyzlin.cz\/de\/firmenprofil\/","og_locale":"de_DE","og_type":"article","og_title":"Firmenprofil - Komponentyzlin.cz","og_description":"&nbsp; &nbsp; &nbsp;","og_url":"https:\/\/www.komponentyzlin.cz\/de\/firmenprofil\/","og_site_name":"Komponentyzlin.cz","og_image":[{"url":"http:\/\/www.komponentyzlin.cz\/wp-content\/uploads\/2016\/06\/IMG_1126-e1466159650753.jpg","type":"","width":"","height":""}],"twitter_card":"summary_large_image","twitter_misc":{"Gesch\u00e4tzte Lesezeit":"2\u00a0Minuten"},"schema":{"@context":"https:\/\/schema.org","@graph":[{"@type":"WebPage","@id":"https:\/\/www.komponentyzlin.cz\/de\/firmenprofil\/","url":"https:\/\/www.komponentyzlin.cz\/de\/firmenprofil\/","name":"Firmenprofil - Komponentyzlin.cz","isPartOf":{"@id":"https:\/\/www.komponentyzlin.cz\/#website"},"primaryImageOfPage":{"@id":"https:\/\/www.komponentyzlin.cz\/de\/firmenprofil\/#primaryimage"},"image":{"@id":"https:\/\/www.komponentyzlin.cz\/de\/firmenprofil\/#primaryimage"},"thumbnailUrl":"http:\/\/www.komponentyzlin.cz\/wp-content\/uploads\/2016\/06\/IMG_1126-e1466159650753.jpg","datePublished":"2016-06-19T12:36:53+00:00","breadcrumb":{"@id":"https:\/\/www.komponentyzlin.cz\/de\/firmenprofil\/#breadcrumb"},"inLanguage":"de","potentialAction":[{"@type":"ReadAction","target":["https:\/\/www.komponentyzlin.cz\/de\/firmenprofil\/"]}]},{"@type":"ImageObject","inLanguage":"de","@id":"https:\/\/www.komponentyzlin.cz\/de\/firmenprofil\/#primaryimage","url":"http:\/\/www.komponentyzlin.cz\/wp-content\/uploads\/2016\/06\/IMG_1126-e1466159650753.jpg","contentUrl":"http:\/\/www.komponentyzlin.cz\/wp-content\/uploads\/2016\/06\/IMG_1126-e1466159650753.jpg"},{"@type":"BreadcrumbList","@id":"https:\/\/www.komponentyzlin.cz\/de\/firmenprofil\/#breadcrumb","itemListElement":[{"@type":"ListItem","position":1,"name":"Dom\u016f","item":"https:\/\/www.komponentyzlin.cz\/de\/"},{"@type":"ListItem","position":2,"name":"Firmenprofil"}]},{"@type":"WebSite","@id":"https:\/\/www.komponentyzlin.cz\/#website","url":"https:\/\/www.komponentyzlin.cz\/","name":"Komponentyzlin.cz","description":"Jsme \u010desk\u00fd v\u00fdrobce obuvnick\u00fdch komponent\u016f","potentialAction":[{"@type":"SearchAction","target":{"@type":"EntryPoint","urlTemplate":"https:\/\/www.komponentyzlin.cz\/?s={search_term_string}"},"query-input":{"@type":"PropertyValueSpecification","valueRequired":true,"valueName":"search_term_string"}}],"inLanguage":"de"}]}},"_links":{"self":[{"href":"https:\/\/www.komponentyzlin.cz\/de\/wp-json\/wp\/v2\/pages\/457","targetHints":{"allow":["GET"]}}],"collection":[{"href":"https:\/\/www.komponentyzlin.cz\/de\/wp-json\/wp\/v2\/pages"}],"about":[{"href":"https:\/\/www.komponentyzlin.cz\/de\/wp-json\/wp\/v2\/types\/page"}],"author":[{"embeddable":true,"href":"https:\/\/www.komponentyzlin.cz\/de\/wp-json\/wp\/v2\/users\/1"}],"replies":[{"embeddable":true,"href":"https:\/\/www.komponentyzlin.cz\/de\/wp-json\/wp\/v2\/comments?post=457"}],"version-history":[{"count":1,"href":"https:\/\/www.komponentyzlin.cz\/de\/wp-json\/wp\/v2\/pages\/457\/revisions"}],"predecessor-version":[{"id":458,"href":"https:\/\/www.komponentyzlin.cz\/de\/wp-json\/wp\/v2\/pages\/457\/revisions\/458"}],"wp:attachment":[{"href":"https:\/\/www.komponentyzlin.cz\/de\/wp-json\/wp\/v2\/media?parent=457"}],"curies":[{"name":"wp","href":"https:\/\/api.w.org\/{rel}","templated":true}]}}