{"id":442,"date":"2016-06-07T09:23:51","date_gmt":"2016-06-07T08:23:51","guid":{"rendered":"http:\/\/www.komponentyzlin.cz\/stelky\/?lang=de"},"modified":"2019-06-11T08:20:29","modified_gmt":"2019-06-11T07:20:29","slug":"brandsohlen","status":"publish","type":"page","link":"https:\/\/www.komponentyzlin.cz\/de\/katalog\/brandsohlen\/","title":{"rendered":"Brandsohlen"},"content":{"rendered":"\n\t\t<style type='text\/css'>\n\t\t\t#gallery-1 {\n\t\t\t\tmargin: auto;\n\t\t\t}\n\t\t\t#gallery-1 .gallery-item {\n\t\t\t\tmargin-top: 10px;\n\t\t\t\ttext-align: center;\n\t\t\t}\n\t\t\t#gallery-1 img {\n\t\t\t\tborder: 2px solid #cfcfcf;\n\t\t\t}\n\t\t\t#gallery-1 .gallery-caption {\n\t\t\t\tmargin-left: 0;\n\t\t\t}\n\t\t\t\/* see gallery_shortcode() in wp-includes\/media.php *\/\n\t\t<\/style>\n\t\t<div id='gallery-1' class='row gallery galleryid-442 gallery-size-medium'><div class='gallery-item col-xs-6 col-sm-3 col-md-2'>\n\t\t\t<div class='gallery-icon landscape'>\n\t\t\t\t<a href='https:\/\/www.komponentyzlin.cz\/wp-content\/uploads\/2016\/06\/s000221.jpg'><img decoding=\"async\"   src=\"https:\/\/www.komponentyzlin.cz\/wp-content\/uploads\/2016\/06\/s000221-300x198.jpg\" class=\"img-responsive attachment-medium size-medium\" alt=\"\" srcset=\"https:\/\/www.komponentyzlin.cz\/wp-content\/uploads\/2016\/06\/s000221-300x198.jpg 300w, https:\/\/www.komponentyzlin.cz\/wp-content\/uploads\/2016\/06\/s000221.jpg 605w\" sizes=\"(max-width: 300px) 100vw, 300px\" \/><\/a>\n\t\t\t<\/div>\n\t\t\t\t<dd class='wp-caption-text gallery-caption'>\n\t\t\t\t221 pry\u017eov\u00e1 st\u00e9lka\n\n\t\t\t\t<\/dd><\/div><div class='gallery-item col-xs-6 col-sm-3 col-md-2'>\n\t\t\t<div class='gallery-icon landscape'>\n\t\t\t\t<a href='https:\/\/www.komponentyzlin.cz\/wp-content\/uploads\/2016\/06\/s000227.jpg'><img decoding=\"async\"   src=\"https:\/\/www.komponentyzlin.cz\/wp-content\/uploads\/2016\/06\/s000227-300x198.jpg\" class=\"img-responsive attachment-medium size-medium\" alt=\"23 - 35\" srcset=\"https:\/\/www.komponentyzlin.cz\/wp-content\/uploads\/2016\/06\/s000227-300x198.jpg 300w, https:\/\/www.komponentyzlin.cz\/wp-content\/uploads\/2016\/06\/s000227.jpg 605w\" sizes=\"(max-width: 300px) 100vw, 300px\" \/><\/a>\n\t\t\t<\/div>\n\t\t\t\t<dd class='wp-caption-text gallery-caption'>\n\t\t\t\t 227 PE (TPE) st\u00e9lka\n\t\t\t\t<\/dd><\/div><div class=\"clearfix visible-xs\"><\/div><div class='gallery-item col-xs-6 col-sm-3 col-md-2'>\n\t\t\t<div class='gallery-icon landscape'>\n\t\t\t\t<a href='https:\/\/www.komponentyzlin.cz\/wp-content\/uploads\/2016\/06\/s000232.jpg'><img decoding=\"async\"   src=\"https:\/\/www.komponentyzlin.cz\/wp-content\/uploads\/2016\/06\/s000232-300x198.jpg\" class=\"img-responsive attachment-medium size-medium\" alt=\"\" srcset=\"https:\/\/www.komponentyzlin.cz\/wp-content\/uploads\/2016\/06\/s000232-300x198.jpg 300w, https:\/\/www.komponentyzlin.cz\/wp-content\/uploads\/2016\/06\/s000232.jpg 605w\" sizes=\"(max-width: 300px) 100vw, 300px\" \/><\/a>\n\t\t\t<\/div>\n\t\t\t\t<dd class='wp-caption-text gallery-caption'>\n\t\t\t\t232 pry\u017eov\u00e1 st\u00e9lka\n\n\t\t\t\t<\/dd><\/div><div class='gallery-item col-xs-6 col-sm-3 col-md-2'>\n\t\t\t<div class='gallery-icon landscape'>\n\t\t\t\t<a href='https:\/\/www.komponentyzlin.cz\/wp-content\/uploads\/2019\/06\/255.jpg'><img decoding=\"async\"   src=\"https:\/\/www.komponentyzlin.cz\/wp-content\/uploads\/2019\/06\/255-300x198.jpg\" class=\"img-responsive attachment-medium size-medium\" alt=\"36 - 52,5\" srcset=\"https:\/\/www.komponentyzlin.cz\/wp-content\/uploads\/2019\/06\/255-300x198.jpg 300w, https:\/\/www.komponentyzlin.cz\/wp-content\/uploads\/2019\/06\/255.jpg 605w\" sizes=\"(max-width: 300px) 100vw, 300px\" \/><\/a>\n\t\t\t<\/div>\n\t\t\t\t<dd class='wp-caption-text gallery-caption'>\n\t\t\t\t255 st\u00e9lka\n\t\t\t\t<\/dd><\/div><div class=\"clearfix visible-sm\"><\/div><div class=\"clearfix visible-xs\"><\/div><div class='gallery-item col-xs-6 col-sm-3 col-md-2'>\n\t\t\t<div class='gallery-icon landscape'>\n\t\t\t\t<a href='https:\/\/www.komponentyzlin.cz\/wp-content\/uploads\/2016\/06\/s000283.jpg'><img decoding=\"async\"   src=\"https:\/\/www.komponentyzlin.cz\/wp-content\/uploads\/2016\/06\/s000283-300x198.jpg\" class=\"img-responsive attachment-medium size-medium\" alt=\"\" srcset=\"https:\/\/www.komponentyzlin.cz\/wp-content\/uploads\/2016\/06\/s000283-300x198.jpg 300w, https:\/\/www.komponentyzlin.cz\/wp-content\/uploads\/2016\/06\/s000283.jpg 605w\" sizes=\"(max-width: 300px) 100vw, 300px\" \/><\/a>\n\t\t\t<\/div>\n\t\t\t\t<dd class='wp-caption-text gallery-caption'>\n\t\t\t\t283 Flirt p\u00e1nsk\u00fd\n\n\t\t\t\t<\/dd><\/div><div class='gallery-item col-xs-6 col-sm-3 col-md-2'>\n\t\t\t<div class='gallery-icon landscape'>\n\t\t\t\t<a href='https:\/\/www.komponentyzlin.cz\/wp-content\/uploads\/2016\/06\/s000284.jpg'><img decoding=\"async\"   src=\"https:\/\/www.komponentyzlin.cz\/wp-content\/uploads\/2016\/06\/s000284-300x198.jpg\" class=\"img-responsive attachment-medium size-medium\" alt=\"\" srcset=\"https:\/\/www.komponentyzlin.cz\/wp-content\/uploads\/2016\/06\/s000284-300x198.jpg 300w, https:\/\/www.komponentyzlin.cz\/wp-content\/uploads\/2016\/06\/s000284.jpg 605w\" sizes=\"(max-width: 300px) 100vw, 300px\" \/><\/a>\n\t\t\t<\/div>\n\t\t\t\t<dd class='wp-caption-text gallery-caption'>\n\t\t\t\t284 Flirt d\u00e1msk\u00fd\n\n\t\t\t\t<\/dd><\/div><div class=\"clearfix visible-md visible-lg\"><\/div><div class=\"clearfix visible-xs\"><\/div><div class='gallery-item col-xs-6 col-sm-3 col-md-2'>\n\t\t\t<div class='gallery-icon landscape'>\n\t\t\t\t<a href='https:\/\/www.komponentyzlin.cz\/wp-content\/uploads\/2016\/06\/s000285.jpg'><img decoding=\"async\"   src=\"https:\/\/www.komponentyzlin.cz\/wp-content\/uploads\/2016\/06\/s000285-300x198.jpg\" class=\"img-responsive attachment-medium size-medium\" alt=\"\" srcset=\"https:\/\/www.komponentyzlin.cz\/wp-content\/uploads\/2016\/06\/s000285-300x198.jpg 300w, https:\/\/www.komponentyzlin.cz\/wp-content\/uploads\/2016\/06\/s000285.jpg 605w\" sizes=\"(max-width: 300px) 100vw, 300px\" \/><\/a>\n\t\t\t<\/div>\n\t\t\t\t<dd class='wp-caption-text gallery-caption'>\n\t\t\t\t285 Flirt d\u011btsk\u00fd\n\n\t\t\t\t<\/dd><\/div><div class='gallery-item col-xs-6 col-sm-3 col-md-2'>\n\t\t\t<div class='gallery-icon landscape'>\n\t\t\t\t<a href='https:\/\/www.komponentyzlin.cz\/wp-content\/uploads\/2016\/06\/s000299.jpg'><img decoding=\"async\"   src=\"https:\/\/www.komponentyzlin.cz\/wp-content\/uploads\/2016\/06\/s000299-300x198.jpg\" class=\"img-responsive attachment-medium size-medium\" alt=\"\" srcset=\"https:\/\/www.komponentyzlin.cz\/wp-content\/uploads\/2016\/06\/s000299-300x198.jpg 300w, https:\/\/www.komponentyzlin.cz\/wp-content\/uploads\/2016\/06\/s000299.jpg 605w\" sizes=\"(max-width: 300px) 100vw, 300px\" \/><\/a>\n\t\t\t<\/div>\n\t\t\t\t<dd class='wp-caption-text gallery-caption'>\n\t\t\t\t299 obalovan\u00e9 st\u00e9lky\n\n\t\t\t\t<\/dd><\/div><div class=\"clearfix visible-sm\"><\/div><div class=\"clearfix visible-xs\"><\/div><div class='gallery-item col-xs-6 col-sm-3 col-md-2'>\n\t\t\t<div class='gallery-icon landscape'>\n\t\t\t\t<a href='https:\/\/www.komponentyzlin.cz\/wp-content\/uploads\/2016\/06\/s006304.jpg'><img decoding=\"async\"   src=\"https:\/\/www.komponentyzlin.cz\/wp-content\/uploads\/2016\/06\/s006304-300x198.jpg\" class=\"img-responsive attachment-medium size-medium\" alt=\"\" srcset=\"https:\/\/www.komponentyzlin.cz\/wp-content\/uploads\/2016\/06\/s006304-300x198.jpg 300w, https:\/\/www.komponentyzlin.cz\/wp-content\/uploads\/2016\/06\/s006304.jpg 605w\" sizes=\"(max-width: 300px) 100vw, 300px\" \/><\/a>\n\t\t\t<\/div>\n\t\t\t\t<dd class='wp-caption-text gallery-caption'>\n\t\t\t\t6304 Korkfant st\u00e9lka\n\n\t\t\t\t<\/dd><\/div><div class='gallery-item col-xs-6 col-sm-3 col-md-2'>\n\t\t\t<div class='gallery-icon landscape'>\n\t\t\t\t<a href='https:\/\/www.komponentyzlin.cz\/wp-content\/uploads\/2016\/06\/s006304a.jpg'><img decoding=\"async\"   src=\"https:\/\/www.komponentyzlin.cz\/wp-content\/uploads\/2016\/06\/s006304a-300x198.jpg\" class=\"img-responsive attachment-medium size-medium\" alt=\"\" srcset=\"https:\/\/www.komponentyzlin.cz\/wp-content\/uploads\/2016\/06\/s006304a-300x198.jpg 300w, https:\/\/www.komponentyzlin.cz\/wp-content\/uploads\/2016\/06\/s006304a.jpg 605w\" sizes=\"(max-width: 300px) 100vw, 300px\" \/><\/a>\n\t\t\t<\/div>\n\t\t\t\t<dd class='wp-caption-text gallery-caption'>\n\t\t\t\t6304 Korkfant st\u00e9lka\n\n\t\t\t\t<\/dd><\/div><div class=\"clearfix visible-xs\"><\/div><div class='gallery-item col-xs-6 col-sm-3 col-md-2'>\n\t\t\t<div class='gallery-icon landscape'>\n\t\t\t\t<a href='https:\/\/www.komponentyzlin.cz\/wp-content\/uploads\/2016\/06\/s006308.jpg'><img decoding=\"async\"   src=\"https:\/\/www.komponentyzlin.cz\/wp-content\/uploads\/2016\/06\/s006308-300x198.jpg\" class=\"img-responsive attachment-medium size-medium\" alt=\"\" srcset=\"https:\/\/www.komponentyzlin.cz\/wp-content\/uploads\/2016\/06\/s006308-300x198.jpg 300w, https:\/\/www.komponentyzlin.cz\/wp-content\/uploads\/2016\/06\/s006308.jpg 605w\" sizes=\"(max-width: 300px) 100vw, 300px\" \/><\/a>\n\t\t\t<\/div>\n\t\t\t\t<dd class='wp-caption-text gallery-caption'>\n\t\t\t\t6308-9 Media st\u00e9lka\n\n\t\t\t\t<\/dd><\/div><div class='gallery-item col-xs-6 col-sm-3 col-md-2'>\n\t\t\t<div class='gallery-icon landscape'>\n\t\t\t\t<a href='https:\/\/www.komponentyzlin.cz\/wp-content\/uploads\/2016\/06\/s006414.jpg'><img decoding=\"async\"   src=\"https:\/\/www.komponentyzlin.cz\/wp-content\/uploads\/2016\/06\/s006414-300x198.jpg\" class=\"img-responsive attachment-medium size-medium\" alt=\"35 - 42\" srcset=\"https:\/\/www.komponentyzlin.cz\/wp-content\/uploads\/2016\/06\/s006414-300x198.jpg 300w, https:\/\/www.komponentyzlin.cz\/wp-content\/uploads\/2016\/06\/s006414.jpg 605w\" sizes=\"(max-width: 300px) 100vw, 300px\" \/><\/a>\n\t\t\t<\/div>\n\t\t\t\t<dd class='wp-caption-text gallery-caption'>\n\t\t\t\t6414 Sandy d\u00e1msk\u00e1 n\u00edzk\u00e1\n\n\t\t\t\t<\/dd><\/div><div class=\"clearfix visible-md visible-lg\"><\/div><div class=\"clearfix visible-sm\"><\/div><div class=\"clearfix visible-xs\"><\/div><div class='gallery-item col-xs-6 col-sm-3 col-md-2'>\n\t\t\t<div class='gallery-icon landscape'>\n\t\t\t\t<a href='https:\/\/www.komponentyzlin.cz\/wp-content\/uploads\/2016\/06\/s006415.jpg'><img decoding=\"async\"   src=\"https:\/\/www.komponentyzlin.cz\/wp-content\/uploads\/2016\/06\/s006415-300x198.jpg\" class=\"img-responsive attachment-medium size-medium\" alt=\"\" srcset=\"https:\/\/www.komponentyzlin.cz\/wp-content\/uploads\/2016\/06\/s006415-300x198.jpg 300w, https:\/\/www.komponentyzlin.cz\/wp-content\/uploads\/2016\/06\/s006415.jpg 605w\" sizes=\"(max-width: 300px) 100vw, 300px\" \/><\/a>\n\t\t\t<\/div>\n\t\t\t\t<dd class='wp-caption-text gallery-caption'>\n\t\t\t\t6415 Sandy\n\n\t\t\t\t<\/dd><\/div><div class='gallery-item col-xs-6 col-sm-3 col-md-2'>\n\t\t\t<div class='gallery-icon landscape'>\n\t\t\t\t<a href='https:\/\/www.komponentyzlin.cz\/wp-content\/uploads\/2016\/06\/s006416.jpg'><img decoding=\"async\"   src=\"https:\/\/www.komponentyzlin.cz\/wp-content\/uploads\/2016\/06\/s006416-300x198.jpg\" class=\"img-responsive attachment-medium size-medium\" alt=\"\" srcset=\"https:\/\/www.komponentyzlin.cz\/wp-content\/uploads\/2016\/06\/s006416-300x198.jpg 300w, https:\/\/www.komponentyzlin.cz\/wp-content\/uploads\/2016\/06\/s006416.jpg 605w\" sizes=\"(max-width: 300px) 100vw, 300px\" \/><\/a>\n\t\t\t<\/div>\n\t\t\t\t<dd class='wp-caption-text gallery-caption'>\n\t\t\t\t6416 Sandy p\u00e1nsk\u00e1\n\n\t\t\t\t<\/dd><\/div><div class=\"clearfix visible-xs\"><\/div><div class='gallery-item col-xs-6 col-sm-3 col-md-2'>\n\t\t\t<div class='gallery-icon landscape'>\n\t\t\t\t<a href='https:\/\/www.komponentyzlin.cz\/wp-content\/uploads\/2016\/06\/s006803.jpg'><img decoding=\"async\"   src=\"https:\/\/www.komponentyzlin.cz\/wp-content\/uploads\/2016\/06\/s006803-300x198.jpg\" class=\"img-responsive attachment-medium size-medium\" alt=\"\" srcset=\"https:\/\/www.komponentyzlin.cz\/wp-content\/uploads\/2016\/06\/s006803-300x198.jpg 300w, https:\/\/www.komponentyzlin.cz\/wp-content\/uploads\/2016\/06\/s006803.jpg 605w\" sizes=\"(max-width: 300px) 100vw, 300px\" \/><\/a>\n\t\t\t<\/div>\n\t\t\t\t<dd class='wp-caption-text gallery-caption'>\n\t\t\t\t6803 vkl\u00e1dac\u00ed st\u00e9lka\n\n\t\t\t\t<\/dd><\/div><div class='gallery-item col-xs-6 col-sm-3 col-md-2'>\n\t\t\t<div class='gallery-icon landscape'>\n\t\t\t\t<a href='https:\/\/www.komponentyzlin.cz\/wp-content\/uploads\/2016\/06\/s006814.jpg'><img decoding=\"async\"   src=\"https:\/\/www.komponentyzlin.cz\/wp-content\/uploads\/2016\/06\/s006814-300x225.jpg\" class=\"img-responsive attachment-medium size-medium\" alt=\"\" srcset=\"https:\/\/www.komponentyzlin.cz\/wp-content\/uploads\/2016\/06\/s006814-300x225.jpg 300w, https:\/\/www.komponentyzlin.cz\/wp-content\/uploads\/2016\/06\/s006814.jpg 600w\" sizes=\"(max-width: 300px) 100vw, 300px\" \/><\/a>\n\t\t\t<\/div>\n\t\t\t\t<dd class='wp-caption-text gallery-caption'>\n\t\t\t\t6811 St\u00e9lka\n\n\t\t\t\t<\/dd><\/div><div class=\"clearfix visible-sm\"><\/div><div class=\"clearfix visible-xs\"><\/div><div class='gallery-item col-xs-6 col-sm-3 col-md-2'>\n\t\t\t<div class='gallery-icon landscape'>\n\t\t\t\t<a href='https:\/\/www.komponentyzlin.cz\/wp-content\/uploads\/2016\/06\/6811esd.jpg'><img decoding=\"async\"   src=\"https:\/\/www.komponentyzlin.cz\/wp-content\/uploads\/2016\/06\/6811esd-300x177.jpg\" class=\"img-responsive attachment-medium size-medium\" alt=\"\" srcset=\"https:\/\/www.komponentyzlin.cz\/wp-content\/uploads\/2016\/06\/6811esd-300x177.jpg 300w, https:\/\/www.komponentyzlin.cz\/wp-content\/uploads\/2016\/06\/6811esd.jpg 600w\" sizes=\"(max-width: 300px) 100vw, 300px\" \/><\/a>\n\t\t\t<\/div>\n\t\t\t\t<dd class='wp-caption-text gallery-caption'>\n\t\t\t\t6811 ESD\n\n\t\t\t\t<\/dd><\/div><div class='gallery-item col-xs-6 col-sm-3 col-md-2'>\n\t\t\t<div class='gallery-icon landscape'>\n\t\t\t\t<a href='https:\/\/www.komponentyzlin.cz\/wp-content\/uploads\/2016\/06\/s006907.jpg'><img decoding=\"async\"   src=\"https:\/\/www.komponentyzlin.cz\/wp-content\/uploads\/2016\/06\/s006907-300x198.jpg\" class=\"img-responsive attachment-medium size-medium\" alt=\"\" srcset=\"https:\/\/www.komponentyzlin.cz\/wp-content\/uploads\/2016\/06\/s006907-300x198.jpg 300w, https:\/\/www.komponentyzlin.cz\/wp-content\/uploads\/2016\/06\/s006907.jpg 605w\" sizes=\"(max-width: 300px) 100vw, 300px\" \/><\/a>\n\t\t\t<\/div>\n\t\t\t\t<dd class='wp-caption-text gallery-caption'>\n\t\t\t\t6907 Vatir\n\n\t\t\t\t<\/dd><\/div><div class=\"clearfix visible-md visible-lg\"><\/div><div class=\"clearfix visible-xs\"><\/div><div class='gallery-item col-xs-6 col-sm-3 col-md-2'>\n\t\t\t<div class='gallery-icon landscape'>\n\t\t\t\t<a href='https:\/\/www.komponentyzlin.cz\/wp-content\/uploads\/2016\/06\/s006908.jpg'><img decoding=\"async\"   src=\"https:\/\/www.komponentyzlin.cz\/wp-content\/uploads\/2016\/06\/s006908-300x198.jpg\" class=\"img-responsive attachment-medium size-medium\" alt=\"\" srcset=\"https:\/\/www.komponentyzlin.cz\/wp-content\/uploads\/2016\/06\/s006908-300x198.jpg 300w, https:\/\/www.komponentyzlin.cz\/wp-content\/uploads\/2016\/06\/s006908.jpg 605w\" sizes=\"(max-width: 300px) 100vw, 300px\" \/><\/a>\n\t\t\t<\/div>\n\t\t\t\t<dd class='wp-caption-text gallery-caption'>\n\t\t\t\t6908 PE st\u00e9lka\n\n\t\t\t\t<\/dd><\/div>\n\t\t<\/div>\n\n","protected":false},"excerpt":{"rendered":"","protected":false},"author":1,"featured_media":0,"parent":451,"menu_order":0,"comment_status":"closed","ping_status":"closed","template":"","meta":{"footnotes":""},"class_list":["post-442","page","type-page","status-publish","hentry"],"yoast_head":"<!-- This site is optimized with the Yoast SEO plugin v27.4 - https:\/\/yoast.com\/product\/yoast-seo-wordpress\/ -->\n<title>Brandsohlen - Komponentyzlin.cz<\/title>\n<meta name=\"robots\" content=\"index, follow, max-snippet:-1, max-image-preview:large, max-video-preview:-1\" \/>\n<link rel=\"canonical\" href=\"https:\/\/www.komponentyzlin.cz\/de\/katalog\/brandsohlen\/\" \/>\n<meta property=\"og:locale\" content=\"de_DE\" \/>\n<meta property=\"og:type\" content=\"article\" \/>\n<meta property=\"og:title\" content=\"Brandsohlen - Komponentyzlin.cz\" \/>\n<meta property=\"og:url\" content=\"https:\/\/www.komponentyzlin.cz\/de\/katalog\/brandsohlen\/\" \/>\n<meta property=\"og:site_name\" content=\"Komponentyzlin.cz\" \/>\n<meta property=\"article:modified_time\" content=\"2019-06-11T07:20:29+00:00\" \/>\n<meta property=\"og:image\" content=\"https:\/\/www.komponentyzlin.cz\/wp-content\/uploads\/2016\/06\/s000221-300x198.jpg\" \/>\n<meta name=\"twitter:card\" content=\"summary_large_image\" \/>\n<script type=\"application\/ld+json\" class=\"yoast-schema-graph\">{\"@context\":\"https:\\\/\\\/schema.org\",\"@graph\":[{\"@type\":\"WebPage\",\"@id\":\"https:\\\/\\\/www.komponentyzlin.cz\\\/de\\\/katalog\\\/brandsohlen\\\/\",\"url\":\"https:\\\/\\\/www.komponentyzlin.cz\\\/de\\\/katalog\\\/brandsohlen\\\/\",\"name\":\"Brandsohlen - Komponentyzlin.cz\",\"isPartOf\":{\"@id\":\"https:\\\/\\\/www.komponentyzlin.cz\\\/#website\"},\"datePublished\":\"2016-06-07T08:23:51+00:00\",\"dateModified\":\"2019-06-11T07:20:29+00:00\",\"breadcrumb\":{\"@id\":\"https:\\\/\\\/www.komponentyzlin.cz\\\/de\\\/katalog\\\/brandsohlen\\\/#breadcrumb\"},\"inLanguage\":\"de\",\"potentialAction\":[{\"@type\":\"ReadAction\",\"target\":[\"https:\\\/\\\/www.komponentyzlin.cz\\\/de\\\/katalog\\\/brandsohlen\\\/\"]}]},{\"@type\":\"BreadcrumbList\",\"@id\":\"https:\\\/\\\/www.komponentyzlin.cz\\\/de\\\/katalog\\\/brandsohlen\\\/#breadcrumb\",\"itemListElement\":[{\"@type\":\"ListItem\",\"position\":1,\"name\":\"Dom\u016f\",\"item\":\"https:\\\/\\\/www.komponentyzlin.cz\\\/de\\\/\"},{\"@type\":\"ListItem\",\"position\":2,\"name\":\"Katalog\",\"item\":\"https:\\\/\\\/www.komponentyzlin.cz\\\/de\\\/katalog\\\/\"},{\"@type\":\"ListItem\",\"position\":3,\"name\":\"Brandsohlen\"}]},{\"@type\":\"WebSite\",\"@id\":\"https:\\\/\\\/www.komponentyzlin.cz\\\/#website\",\"url\":\"https:\\\/\\\/www.komponentyzlin.cz\\\/\",\"name\":\"Komponentyzlin.cz\",\"description\":\"Jsme \u010desk\u00fd v\u00fdrobce obuvnick\u00fdch komponent\u016f\",\"potentialAction\":[{\"@type\":\"SearchAction\",\"target\":{\"@type\":\"EntryPoint\",\"urlTemplate\":\"https:\\\/\\\/www.komponentyzlin.cz\\\/?s={search_term_string}\"},\"query-input\":{\"@type\":\"PropertyValueSpecification\",\"valueRequired\":true,\"valueName\":\"search_term_string\"}}],\"inLanguage\":\"de\"}]}<\/script>\n<!-- \/ Yoast SEO plugin. -->","yoast_head_json":{"title":"Brandsohlen - Komponentyzlin.cz","robots":{"index":"index","follow":"follow","max-snippet":"max-snippet:-1","max-image-preview":"max-image-preview:large","max-video-preview":"max-video-preview:-1"},"canonical":"https:\/\/www.komponentyzlin.cz\/de\/katalog\/brandsohlen\/","og_locale":"de_DE","og_type":"article","og_title":"Brandsohlen - Komponentyzlin.cz","og_url":"https:\/\/www.komponentyzlin.cz\/de\/katalog\/brandsohlen\/","og_site_name":"Komponentyzlin.cz","article_modified_time":"2019-06-11T07:20:29+00:00","og_image":[{"url":"https:\/\/www.komponentyzlin.cz\/wp-content\/uploads\/2016\/06\/s000221-300x198.jpg","type":"","width":"","height":""}],"twitter_card":"summary_large_image","schema":{"@context":"https:\/\/schema.org","@graph":[{"@type":"WebPage","@id":"https:\/\/www.komponentyzlin.cz\/de\/katalog\/brandsohlen\/","url":"https:\/\/www.komponentyzlin.cz\/de\/katalog\/brandsohlen\/","name":"Brandsohlen - Komponentyzlin.cz","isPartOf":{"@id":"https:\/\/www.komponentyzlin.cz\/#website"},"datePublished":"2016-06-07T08:23:51+00:00","dateModified":"2019-06-11T07:20:29+00:00","breadcrumb":{"@id":"https:\/\/www.komponentyzlin.cz\/de\/katalog\/brandsohlen\/#breadcrumb"},"inLanguage":"de","potentialAction":[{"@type":"ReadAction","target":["https:\/\/www.komponentyzlin.cz\/de\/katalog\/brandsohlen\/"]}]},{"@type":"BreadcrumbList","@id":"https:\/\/www.komponentyzlin.cz\/de\/katalog\/brandsohlen\/#breadcrumb","itemListElement":[{"@type":"ListItem","position":1,"name":"Dom\u016f","item":"https:\/\/www.komponentyzlin.cz\/de\/"},{"@type":"ListItem","position":2,"name":"Katalog","item":"https:\/\/www.komponentyzlin.cz\/de\/katalog\/"},{"@type":"ListItem","position":3,"name":"Brandsohlen"}]},{"@type":"WebSite","@id":"https:\/\/www.komponentyzlin.cz\/#website","url":"https:\/\/www.komponentyzlin.cz\/","name":"Komponentyzlin.cz","description":"Jsme \u010desk\u00fd v\u00fdrobce obuvnick\u00fdch komponent\u016f","potentialAction":[{"@type":"SearchAction","target":{"@type":"EntryPoint","urlTemplate":"https:\/\/www.komponentyzlin.cz\/?s={search_term_string}"},"query-input":{"@type":"PropertyValueSpecification","valueRequired":true,"valueName":"search_term_string"}}],"inLanguage":"de"}]}},"_links":{"self":[{"href":"https:\/\/www.komponentyzlin.cz\/de\/wp-json\/wp\/v2\/pages\/442","targetHints":{"allow":["GET"]}}],"collection":[{"href":"https:\/\/www.komponentyzlin.cz\/de\/wp-json\/wp\/v2\/pages"}],"about":[{"href":"https:\/\/www.komponentyzlin.cz\/de\/wp-json\/wp\/v2\/types\/page"}],"author":[{"embeddable":true,"href":"https:\/\/www.komponentyzlin.cz\/de\/wp-json\/wp\/v2\/users\/1"}],"replies":[{"embeddable":true,"href":"https:\/\/www.komponentyzlin.cz\/de\/wp-json\/wp\/v2\/comments?post=442"}],"version-history":[{"count":5,"href":"https:\/\/www.komponentyzlin.cz\/de\/wp-json\/wp\/v2\/pages\/442\/revisions"}],"predecessor-version":[{"id":1327,"href":"https:\/\/www.komponentyzlin.cz\/de\/wp-json\/wp\/v2\/pages\/442\/revisions\/1327"}],"up":[{"embeddable":true,"href":"https:\/\/www.komponentyzlin.cz\/de\/wp-json\/wp\/v2\/pages\/451"}],"wp:attachment":[{"href":"https:\/\/www.komponentyzlin.cz\/de\/wp-json\/wp\/v2\/media?parent=442"}],"curies":[{"name":"wp","href":"https:\/\/api.w.org\/{rel}","templated":true}]}}