{"id":439,"date":"2016-06-07T09:25:32","date_gmt":"2016-06-07T08:25:32","guid":{"rendered":"http:\/\/www.komponentyzlin.cz\/smesi\/?lang=de"},"modified":"2016-06-19T14:12:25","modified_gmt":"2016-06-19T13:12:25","slug":"mischungen","status":"publish","type":"page","link":"https:\/\/www.komponentyzlin.cz\/de\/katalog\/mischungen\/","title":{"rendered":"Mischungen"},"content":{"rendered":"<p>KOMPONENTY, a.s. ZL\u00cdN ist auch Hersteller eines breiten Sortimentes von Gummimischungen mit verschiedenen physikalisch mechanischen Eigenschaften.<\/p>\n<p><strong>Gummimischungen:<\/strong><\/p>\n<ul>\n<li>Monolith- und Schaumkautschukmischungen auf NR-, SBR-, BR-, IR-, NBR-Basis<\/li>\n<li>Schaummischungen auf EVAc-Basis<\/li>\n<\/ul>\n<p>Die Gesellschaft verf\u00fcgt \u00fcber das Gummilabor, das f\u00e4hig ist, dem Kunden die Mischung nach seinen Anforderungen anzubieten.<\/p>\n","protected":false},"excerpt":{"rendered":"<p>KOMPONENTY, a.s. ZL\u00cdN ist auch Hersteller eines breiten Sortimentes von Gummimischungen mit verschiedenen physikalisch mechanischen Eigenschaften. Gummimischungen: Monolith- und Schaumkautschukmischungen auf NR-, SBR-, BR-, IR-, NBR-Basis Schaummischungen auf EVAc-Basis Die Gesellschaft verf\u00fcgt \u00fcber das Gummilabor, das f\u00e4hig ist, dem Kunden die Mischung nach seinen Anforderungen anzubieten.<\/p>\n","protected":false},"author":1,"featured_media":0,"parent":451,"menu_order":0,"comment_status":"closed","ping_status":"closed","template":"","meta":{"footnotes":""},"class_list":["post-439","page","type-page","status-publish","hentry"],"yoast_head":"<!-- This site is optimized with the Yoast SEO plugin v27.5 - https:\/\/yoast.com\/product\/yoast-seo-wordpress\/ -->\n<title>Mischungen - Komponentyzlin.cz<\/title>\n<meta name=\"robots\" content=\"index, follow, max-snippet:-1, max-image-preview:large, max-video-preview:-1\" \/>\n<link rel=\"canonical\" href=\"https:\/\/www.komponentyzlin.cz\/de\/katalog\/mischungen\/\" \/>\n<meta property=\"og:locale\" content=\"de_DE\" \/>\n<meta property=\"og:type\" content=\"article\" \/>\n<meta property=\"og:title\" content=\"Mischungen - Komponentyzlin.cz\" \/>\n<meta property=\"og:description\" content=\"KOMPONENTY, a.s. ZL\u00cdN ist auch Hersteller eines breiten Sortimentes von Gummimischungen mit verschiedenen physikalisch mechanischen Eigenschaften. Gummimischungen: Monolith- und Schaumkautschukmischungen auf NR-, SBR-, BR-, IR-, NBR-Basis Schaummischungen auf EVAc-Basis Die Gesellschaft verf\u00fcgt \u00fcber das Gummilabor, das f\u00e4hig ist, dem Kunden die Mischung nach seinen Anforderungen anzubieten.\" \/>\n<meta property=\"og:url\" content=\"https:\/\/www.komponentyzlin.cz\/de\/katalog\/mischungen\/\" \/>\n<meta property=\"og:site_name\" content=\"Komponentyzlin.cz\" \/>\n<meta property=\"article:modified_time\" content=\"2016-06-19T13:12:25+00:00\" \/>\n<meta name=\"twitter:card\" content=\"summary_large_image\" \/>\n<script type=\"application\/ld+json\" class=\"yoast-schema-graph\">{\"@context\":\"https:\\\/\\\/schema.org\",\"@graph\":[{\"@type\":\"WebPage\",\"@id\":\"https:\\\/\\\/www.komponentyzlin.cz\\\/de\\\/katalog\\\/mischungen\\\/\",\"url\":\"https:\\\/\\\/www.komponentyzlin.cz\\\/de\\\/katalog\\\/mischungen\\\/\",\"name\":\"Mischungen - Komponentyzlin.cz\",\"isPartOf\":{\"@id\":\"https:\\\/\\\/www.komponentyzlin.cz\\\/#website\"},\"datePublished\":\"2016-06-07T08:25:32+00:00\",\"dateModified\":\"2016-06-19T13:12:25+00:00\",\"breadcrumb\":{\"@id\":\"https:\\\/\\\/www.komponentyzlin.cz\\\/de\\\/katalog\\\/mischungen\\\/#breadcrumb\"},\"inLanguage\":\"de\",\"potentialAction\":[{\"@type\":\"ReadAction\",\"target\":[\"https:\\\/\\\/www.komponentyzlin.cz\\\/de\\\/katalog\\\/mischungen\\\/\"]}]},{\"@type\":\"BreadcrumbList\",\"@id\":\"https:\\\/\\\/www.komponentyzlin.cz\\\/de\\\/katalog\\\/mischungen\\\/#breadcrumb\",\"itemListElement\":[{\"@type\":\"ListItem\",\"position\":1,\"name\":\"Dom\u016f\",\"item\":\"https:\\\/\\\/www.komponentyzlin.cz\\\/de\\\/\"},{\"@type\":\"ListItem\",\"position\":2,\"name\":\"Katalog\",\"item\":\"https:\\\/\\\/www.komponentyzlin.cz\\\/de\\\/katalog\\\/\"},{\"@type\":\"ListItem\",\"position\":3,\"name\":\"Mischungen\"}]},{\"@type\":\"WebSite\",\"@id\":\"https:\\\/\\\/www.komponentyzlin.cz\\\/#website\",\"url\":\"https:\\\/\\\/www.komponentyzlin.cz\\\/\",\"name\":\"Komponentyzlin.cz\",\"description\":\"Jsme \u010desk\u00fd v\u00fdrobce obuvnick\u00fdch komponent\u016f\",\"potentialAction\":[{\"@type\":\"SearchAction\",\"target\":{\"@type\":\"EntryPoint\",\"urlTemplate\":\"https:\\\/\\\/www.komponentyzlin.cz\\\/?s={search_term_string}\"},\"query-input\":{\"@type\":\"PropertyValueSpecification\",\"valueRequired\":true,\"valueName\":\"search_term_string\"}}],\"inLanguage\":\"de\"}]}<\/script>\n<!-- \/ Yoast SEO plugin. -->","yoast_head_json":{"title":"Mischungen - Komponentyzlin.cz","robots":{"index":"index","follow":"follow","max-snippet":"max-snippet:-1","max-image-preview":"max-image-preview:large","max-video-preview":"max-video-preview:-1"},"canonical":"https:\/\/www.komponentyzlin.cz\/de\/katalog\/mischungen\/","og_locale":"de_DE","og_type":"article","og_title":"Mischungen - Komponentyzlin.cz","og_description":"KOMPONENTY, a.s. ZL\u00cdN ist auch Hersteller eines breiten Sortimentes von Gummimischungen mit verschiedenen physikalisch mechanischen Eigenschaften. Gummimischungen: Monolith- und Schaumkautschukmischungen auf NR-, SBR-, BR-, IR-, NBR-Basis Schaummischungen auf EVAc-Basis Die Gesellschaft verf\u00fcgt \u00fcber das Gummilabor, das f\u00e4hig ist, dem Kunden die Mischung nach seinen Anforderungen anzubieten.","og_url":"https:\/\/www.komponentyzlin.cz\/de\/katalog\/mischungen\/","og_site_name":"Komponentyzlin.cz","article_modified_time":"2016-06-19T13:12:25+00:00","twitter_card":"summary_large_image","schema":{"@context":"https:\/\/schema.org","@graph":[{"@type":"WebPage","@id":"https:\/\/www.komponentyzlin.cz\/de\/katalog\/mischungen\/","url":"https:\/\/www.komponentyzlin.cz\/de\/katalog\/mischungen\/","name":"Mischungen - Komponentyzlin.cz","isPartOf":{"@id":"https:\/\/www.komponentyzlin.cz\/#website"},"datePublished":"2016-06-07T08:25:32+00:00","dateModified":"2016-06-19T13:12:25+00:00","breadcrumb":{"@id":"https:\/\/www.komponentyzlin.cz\/de\/katalog\/mischungen\/#breadcrumb"},"inLanguage":"de","potentialAction":[{"@type":"ReadAction","target":["https:\/\/www.komponentyzlin.cz\/de\/katalog\/mischungen\/"]}]},{"@type":"BreadcrumbList","@id":"https:\/\/www.komponentyzlin.cz\/de\/katalog\/mischungen\/#breadcrumb","itemListElement":[{"@type":"ListItem","position":1,"name":"Dom\u016f","item":"https:\/\/www.komponentyzlin.cz\/de\/"},{"@type":"ListItem","position":2,"name":"Katalog","item":"https:\/\/www.komponentyzlin.cz\/de\/katalog\/"},{"@type":"ListItem","position":3,"name":"Mischungen"}]},{"@type":"WebSite","@id":"https:\/\/www.komponentyzlin.cz\/#website","url":"https:\/\/www.komponentyzlin.cz\/","name":"Komponentyzlin.cz","description":"Jsme \u010desk\u00fd v\u00fdrobce obuvnick\u00fdch komponent\u016f","potentialAction":[{"@type":"SearchAction","target":{"@type":"EntryPoint","urlTemplate":"https:\/\/www.komponentyzlin.cz\/?s={search_term_string}"},"query-input":{"@type":"PropertyValueSpecification","valueRequired":true,"valueName":"search_term_string"}}],"inLanguage":"de"}]}},"_links":{"self":[{"href":"https:\/\/www.komponentyzlin.cz\/de\/wp-json\/wp\/v2\/pages\/439","targetHints":{"allow":["GET"]}}],"collection":[{"href":"https:\/\/www.komponentyzlin.cz\/de\/wp-json\/wp\/v2\/pages"}],"about":[{"href":"https:\/\/www.komponentyzlin.cz\/de\/wp-json\/wp\/v2\/types\/page"}],"author":[{"embeddable":true,"href":"https:\/\/www.komponentyzlin.cz\/de\/wp-json\/wp\/v2\/users\/1"}],"replies":[{"embeddable":true,"href":"https:\/\/www.komponentyzlin.cz\/de\/wp-json\/wp\/v2\/comments?post=439"}],"version-history":[{"count":3,"href":"https:\/\/www.komponentyzlin.cz\/de\/wp-json\/wp\/v2\/pages\/439\/revisions"}],"predecessor-version":[{"id":503,"href":"https:\/\/www.komponentyzlin.cz\/de\/wp-json\/wp\/v2\/pages\/439\/revisions\/503"}],"up":[{"embeddable":true,"href":"https:\/\/www.komponentyzlin.cz\/de\/wp-json\/wp\/v2\/pages\/451"}],"wp:attachment":[{"href":"https:\/\/www.komponentyzlin.cz\/de\/wp-json\/wp\/v2\/media?parent=439"}],"curies":[{"name":"wp","href":"https:\/\/api.w.org\/{rel}","templated":true}]}}